{"id":136,"date":"2024-06-07T12:16:35","date_gmt":"2024-06-07T11:16:35","guid":{"rendered":"https:\/\/tri-pack.co.uk\/?page_id=136"},"modified":"2025-01-06T11:00:09","modified_gmt":"2025-01-06T11:00:09","slug":"vilkar-betingelser","status":"publish","type":"page","link":"https:\/\/tri-pack.co.uk\/da\/terms-conditions\/","title":{"rendered":"Vilk\u00e5r og betingelser"},"content":{"rendered":"<div data-elementor-type=\"wp-page\" data-elementor-id=\"136\" class=\"elementor elementor-136\" data-elementor-post-type=\"page\">\n\t\t\t\t\t\t<section class=\"elementor-section elementor-top-section elementor-element elementor-element-c7a5885 elementor-section-boxed elementor-section-height-default elementor-section-height-default\" data-id=\"c7a5885\" data-element_type=\"section\" data-e-type=\"section\" data-settings=\"{&quot;background_background&quot;:&quot;classic&quot;}\">\n\t\t\t\t\t\t<div class=\"elementor-container elementor-column-gap-default\">\n\t\t\t\t\t<div class=\"elementor-column elementor-col-100 elementor-top-column elementor-element elementor-element-12eb49a\" data-id=\"12eb49a\" data-element_type=\"column\" data-e-type=\"column\">\n\t\t\t<div class=\"elementor-widget-wrap elementor-element-populated\">\n\t\t\t\t\t\t\t<\/div>\n\t\t<\/div>\n\t\t\t\t\t<\/div>\n\t\t<\/section>\n\t\t\t\t<section class=\"elementor-section elementor-top-section elementor-element elementor-element-f4a374b elementor-section-content-top elementor-section-boxed elementor-section-height-default elementor-section-height-default\" data-id=\"f4a374b\" data-element_type=\"section\" data-e-type=\"section\">\n\t\t\t\t\t\t<div class=\"elementor-container elementor-column-gap-wider\">\n\t\t\t\t\t<div class=\"elementor-column elementor-col-100 elementor-top-column elementor-element elementor-element-26acfd5\" data-id=\"26acfd5\" data-element_type=\"column\" data-e-type=\"column\">\n\t\t\t<div class=\"elementor-widget-wrap elementor-element-populated\">\n\t\t\t\t\t\t<div class=\"elementor-element elementor-element-209d880 elementor-widget elementor-widget-text-editor\" data-id=\"209d880\" data-element_type=\"widget\" data-e-type=\"widget\" data-widget_type=\"text-editor.default\">\n\t\t\t\t<div class=\"elementor-widget-container\">\n\t\t\t\t\t\t\t\t\t<p>Ved at bruge dette websted accepterer du at overholde og v\u00e6re bundet af f\u00f8lgende vilk\u00e5r for service og brug. L\u00e6s venligst f\u00f8lgende vilk\u00e5r i deres helhed og s\u00f8rg for, at du har forst\u00e5et dem, f\u00f8r du bruger og ser dette websted.<\/p><p>Udtrykkene \"os\", \"vi\", \"vores\" eller \"ejere\" henviser til \"Tri-pack Packaging Systems Ltd\" og administrative operat\u00f8rer af dette websted, <strong><a href=\"https:\/\/tri-pack.co.uk\/da\/\">www.tri-pack.co.uk<\/a><\/strong> . \"Du\" henviser til brugeren eller seeren af dette websted.<\/p><h3>Ophavsret<\/h3><p>Indholdet i sin helhed, herunder tekstindhold, grafik, layout og al kildekode, tilh\u00f8rer ejerne af webstedet. Dette udtryk er beskyttet af intellektuelle ejendomsrettigheder og lov om ophavsret. Kopiering, videredistribution, brug eller offentligg\u00f8relse enten gratis eller for \u00f8konomisk vinding er strengt forbudt. Noget af indholdet p\u00e5 webstedet er ophavsretligt beskyttet og licenseret arbejde fra tredjeparter.<\/p><h3>Vilk\u00e5r for brug<\/h3><p>Indholdet af dette websted kan i sin helhed \u00e6ndres uden varsel. Form\u00e5let er kun at give dig generel information.<\/p><p>Ingen parter garanterer n\u00f8jagtigheden, aktualiteten, ydeevnen, fuldst\u00e6ndigheden eller egnetheden af det indhold og de oplysninger, der findes p\u00e5 dette websted. Du anerkender, at der kan forekomme fejl eller un\u00f8jagtigheder, og at ejerne af webstedet ikke p\u00e5 nogen m\u00e5de er ansvarlige for s\u00e5danne fejl.<\/p><p>Ejerne af webstedet er ikke ansvarlige og har intet ansvar for tredjepartsindhold, der kan blive lagt ud p\u00e5 webstedet af slutbrugere, eller for indhold, der er linket til fra dette websted, herunder andre websteder.<\/p><p>Brug af og visning af oplysninger p\u00e5 dette websted sker p\u00e5 egen risiko. Webstedets ejere er ikke ansvarlige for eventuelle konsekvenser af brugen.<\/p><p>Uautoriseret brug af dette websted eller dets indhold kan give anledning til erstatningskrav og\/eller v\u00e6re en strafbar handling, der kan h\u00e5ndh\u00e6ves i henhold til lokal og international lovgivning.<\/p><p>Vi forbeholder os ret til at begr\u00e6nse adgangen til visse omr\u00e5der af webstedet efter eget sk\u00f8n. Hvis et brugernavn og en adgangskode eller andre adgangsoplysninger gives til dig som slutbruger, er det dit ansvar at holde s\u00e5danne oplysninger fortrolige.<\/p><p>Ejerne af webstedet er ikke ansvarlige for brugergenereret indhold og kan ikke holdes ansvarlige for eventuelle overtr\u00e6delser, som s\u00e5dant indhold m\u00e5tte udg\u00f8re.<\/p><p>N\u00e5r du bruger vores hjemmeside, accepterer du, at vi kan placere cookies p\u00e5 din enhed.<\/p>\t\t\t\t\t\t\t\t<\/div>\n\t\t\t\t<\/div>\n\t\t\t\t\t<\/div>\n\t\t<\/div>\n\t\t\t\t\t<\/div>\n\t\t<\/section>\n\t\t\t\t<\/div>","protected":false},"excerpt":{"rendered":"<p>By using this web site, you are agreeing to comply and be bound by the following terms of service and use. Please review the following terms in their entirety and ensure their comprehension before using and viewing this web site. The terms \u201cus\u201d, \u201cwe\u201d, \u201cour\u201d, or \u201cowners\u201d refers to \u201cTri-pack Packaging Systems Ltd\u201d and administrative [&hellip;]<\/p>\n","protected":false},"author":8,"featured_media":0,"parent":0,"menu_order":0,"comment_status":"closed","ping_status":"closed","template":"elementor_header_footer","meta":{"site-sidebar-layout":"no-sidebar","site-content-layout":"page-builder","ast-site-content-layout":"full-width-container","site-content-style":"default","site-sidebar-style":"default","ast-global-header-display":"","ast-banner-title-visibility":"","ast-main-header-display":"","ast-hfb-above-header-display":"","ast-hfb-below-header-display":"","ast-hfb-mobile-header-display":"","site-post-title":"disabled","ast-breadcrumbs-content":"","ast-featured-img":"disabled","footer-sml-layout":"","ast-disable-related-posts":"","theme-transparent-header-meta":"default","adv-header-id-meta":"","stick-header-meta":"","header-above-stick-meta":"","header-main-stick-meta":"","header-below-stick-meta":"","astra-migrate-meta-layouts":"set","ast-page-background-enabled":"default","ast-page-background-meta":{"desktop":{"background-color":"var(--ast-global-color-4)","background-image":"","background-repeat":"repeat","background-position":"center center","background-size":"auto","background-attachment":"scroll","background-type":"","background-media":"","overlay-type":"","overlay-color":"","overlay-opacity":"","overlay-gradient":""},"tablet":{"background-color":"","background-image":"","background-repeat":"repeat","background-position":"center center","background-size":"auto","background-attachment":"scroll","background-type":"","background-media":"","overlay-type":"","overlay-color":"","overlay-opacity":"","overlay-gradient":""},"mobile":{"background-color":"","background-image":"","background-repeat":"repeat","background-position":"center center","background-size":"auto","background-attachment":"scroll","background-type":"","background-media":"","overlay-type":"","overlay-color":"","overlay-opacity":"","overlay-gradient":""}},"ast-content-background-meta":{"desktop":{"background-color":"var(--ast-global-color-5)","background-image":"","background-repeat":"repeat","background-position":"center center","background-size":"auto","background-attachment":"scroll","background-type":"","background-media":"","overlay-type":"","overlay-color":"","overlay-opacity":"","overlay-gradient":""},"tablet":{"background-color":"var(--ast-global-color-5)","background-image":"","background-repeat":"repeat","background-position":"center center","background-size":"auto","background-attachment":"scroll","background-type":"","background-media":"","overlay-type":"","overlay-color":"","overlay-opacity":"","overlay-gradient":""},"mobile":{"background-color":"var(--ast-global-color-5)","background-image":"","background-repeat":"repeat","background-position":"center center","background-size":"auto","background-attachment":"scroll","background-type":"","background-media":"","overlay-type":"","overlay-color":"","overlay-opacity":"","overlay-gradient":""}},"footnotes":""},"class_list":["post-136","page","type-page","status-publish","hentry"],"_links":{"self":[{"href":"https:\/\/tri-pack.co.uk\/da\/wp-json\/wp\/v2\/pages\/136","targetHints":{"allow":["GET"]}}],"collection":[{"href":"https:\/\/tri-pack.co.uk\/da\/wp-json\/wp\/v2\/pages"}],"about":[{"href":"https:\/\/tri-pack.co.uk\/da\/wp-json\/wp\/v2\/types\/page"}],"author":[{"embeddable":true,"href":"https:\/\/tri-pack.co.uk\/da\/wp-json\/wp\/v2\/users\/8"}],"replies":[{"embeddable":true,"href":"https:\/\/tri-pack.co.uk\/da\/wp-json\/wp\/v2\/comments?post=136"}],"version-history":[{"count":6,"href":"https:\/\/tri-pack.co.uk\/da\/wp-json\/wp\/v2\/pages\/136\/revisions"}],"predecessor-version":[{"id":2172,"href":"https:\/\/tri-pack.co.uk\/da\/wp-json\/wp\/v2\/pages\/136\/revisions\/2172"}],"wp:attachment":[{"href":"https:\/\/tri-pack.co.uk\/da\/wp-json\/wp\/v2\/media?parent=136"}],"curies":[{"name":"wp","href":"https:\/\/api.w.org\/{rel}","templated":true}]}}