{"id":138,"date":"2024-06-07T12:16:45","date_gmt":"2024-06-07T11:16:45","guid":{"rendered":"https:\/\/tri-pack.co.uk\/?page_id=138"},"modified":"2025-01-06T11:00:08","modified_gmt":"2025-01-06T11:00:08","slug":"privatlivets-fred","status":"publish","type":"page","link":"https:\/\/tri-pack.co.uk\/da\/privacy\/","title":{"rendered":"Fortrolighedspolitik"},"content":{"rendered":"<div data-elementor-type=\"wp-page\" data-elementor-id=\"138\" class=\"elementor elementor-138\" data-elementor-post-type=\"page\">\n\t\t\t\t\t\t<section class=\"elementor-section elementor-top-section elementor-element elementor-element-e8b9219 elementor-section-boxed elementor-section-height-default elementor-section-height-default\" data-id=\"e8b9219\" data-element_type=\"section\" data-e-type=\"section\">\n\t\t\t\t\t\t<div class=\"elementor-container elementor-column-gap-default\">\n\t\t\t\t\t<div class=\"elementor-column elementor-col-100 elementor-top-column elementor-element elementor-element-1e00f8a\" data-id=\"1e00f8a\" data-element_type=\"column\" data-e-type=\"column\">\n\t\t\t<div class=\"elementor-widget-wrap elementor-element-populated\">\n\t\t\t\t\t\t<div class=\"elementor-element elementor-element-ce0dfc0 elementor-widget elementor-widget-heading\" data-id=\"ce0dfc0\" data-element_type=\"widget\" data-e-type=\"widget\" data-widget_type=\"heading.default\">\n\t\t\t\t<div class=\"elementor-widget-container\">\n\t\t\t\t\t<h2 class=\"elementor-heading-title elementor-size-default\">Politik for beskyttelse af personlige oplysninger<\/h2>\t\t\t\t<\/div>\n\t\t\t\t<\/div>\n\t\t\t\t\t<\/div>\n\t\t<\/div>\n\t\t\t\t\t<\/div>\n\t\t<\/section>\n\t\t\t\t<section class=\"elementor-section elementor-top-section elementor-element elementor-element-6921475 elementor-section-boxed elementor-section-height-default elementor-section-height-default\" data-id=\"6921475\" data-element_type=\"section\" data-e-type=\"section\">\n\t\t\t\t\t\t<div class=\"elementor-container elementor-column-gap-default\">\n\t\t\t\t\t<div class=\"elementor-column elementor-col-100 elementor-top-column elementor-element elementor-element-9a4605a\" data-id=\"9a4605a\" data-element_type=\"column\" data-e-type=\"column\">\n\t\t\t<div class=\"elementor-widget-wrap elementor-element-populated\">\n\t\t\t\t\t\t<div class=\"elementor-element elementor-element-8f681be elementor-widget elementor-widget-text-editor\" data-id=\"8f681be\" data-element_type=\"widget\" data-e-type=\"widget\" data-widget_type=\"text-editor.default\">\n\t\t\t\t<div class=\"elementor-widget-container\">\n\t\t\t\t\t\t\t\t\t<p>Sidst opdateret den 05. december 2024 <br \/>Ikrafttr\u00e6delsesdato 05-dec-2024 <br \/><br \/>Denne fortrolighedspolitik beskriver politikkerne for Tri-pack Packaging Systems Ltd, Estate Road No. 1, N. E. Lincolnshire DN31 2TB, Det Forenede Kongerige Storbritannien og Nordirland (the), e-mail: mail@tri-pack.co.uk, telefon: 01472 355038 om indsamling, brug og videregivelse af dine oplysninger, som vi indsamler, n\u00e5r du bruger vores hjemmeside ( https:\/\/tri-pack.co.uk ). (\"Tjenesten\"). Ved at f\u00e5 adgang til eller bruge tjenesten giver du samtykke til indsamling, brug og videregivelse af dine oplysninger i overensstemmelse med denne fortrolighedspolitik. Hvis du ikke giver samtykke til det samme, skal du ikke f\u00e5 adgang til eller bruge tjenesten. <br \/>Vi kan til enhver tid \u00e6ndre denne fortrolighedspolitik uden forudg\u00e5ende varsel til dig og vil offentligg\u00f8re den reviderede fortrolighedspolitik p\u00e5 tjenesten. Den reviderede politik tr\u00e6der i kraft 180 dage efter, at den reviderede politik er offentliggjort i tjenesten, og din fortsatte adgang til eller brug af tjenesten efter dette tidspunkt vil udg\u00f8re din accept af den reviderede privatlivspolitik. Vi anbefaler derfor, at du j\u00e6vnligt gennemg\u00e5r denne side. <br \/><br \/><strong>Oplysninger, vi indsamler:<\/strong> <\/p><p>Vi vil indsamle og behandle f\u00f8lgende personlige oplysninger om dig:<\/p><ul><li>Navn<\/li><li>E-mail<\/li><li>Mobil<\/li><li>Arbejdsadresse<\/li><\/ul><p><strong>Hvordan vi bruger dine oplysninger:<\/strong> <\/p><p>Vi vil bruge de oplysninger, vi indsamler om dig, til f\u00f8lgende form\u00e5l: <br \/><br \/><\/p><ul><li>Marketing\/reklame<\/li><li>Udtalelser<\/li><li>Indsamling af kundefeedback<\/li><li>H\u00e5ndh\u00e6v T&amp;C<\/li><li>St\u00f8tte<\/li><li>Info om administration<\/li><li>M\u00e5lrettet annoncering<\/li><li>Beskyttelse af stedet<\/li><li>L\u00f8sning af tvister<\/li><\/ul><p>Hvis vi \u00f8nsker at bruge dine oplysninger til andre form\u00e5l, vil vi bede dig om samtykke og vil kun bruge dine oplysninger, n\u00e5r vi har modtaget dit samtykke, og derefter kun til det eller de form\u00e5l, der er givet samtykke til, medmindre vi er forpligtet til at g\u00f8re andet ved lov. <br \/><br \/><strong>Hvordan vi deler dine oplysninger:<\/strong> <\/p><p>Vi overf\u00f8rer ikke dine personlige oplysninger til nogen tredjepart uden at indhente dit samtykke, undtagen under begr\u00e6nsede omst\u00e6ndigheder som beskrevet nedenfor:<\/p><ul><li>Annonce-service<\/li><li>Markedsf\u00f8ringsbureauer<\/li><li>Juridiske enheder<\/li><li>Analyse<\/li><li>Dataindsamling og -proces<\/li><\/ul><p>Vi kr\u00e6ver, at s\u00e5danne tredjeparter kun bruger de personlige oplysninger, vi overf\u00f8rer til dem, til det form\u00e5l, de blev overf\u00f8rt til, og ikke opbevarer dem l\u00e6ngere, end det er n\u00f8dvendigt for at opfylde det n\u00e6vnte form\u00e5l. <\/p><p>Vi kan ogs\u00e5 videregive dine personlige oplysninger til f\u00f8lgende: (1) for at overholde g\u00e6ldende lov, regulering, retskendelse eller anden juridisk proces; (2) for at h\u00e5ndh\u00e6ve dine aftaler med os, herunder denne fortrolighedspolitik; eller (3) for at reagere p\u00e5 p\u00e5stande om, at din brug af tjenesten kr\u00e6nker tredjeparts rettigheder. Hvis tjenesten eller vores virksomhed fusioneres eller opk\u00f8bes med en anden virksomhed, vil dine oplysninger v\u00e6re et af de aktiver, der overf\u00f8res til den nye ejer. <br \/><br \/><strong>Opbevaring af dine oplysninger:<\/strong> <\/p><p>Vi opbevarer dine personlige oplysninger hos os i 90 dage til 2 \u00e5r efter, at brugerne har opsagt deres konti, eller s\u00e5 l\u00e6nge vi har brug for dem til at opfylde de form\u00e5l, som de blev indsamlet til, som beskrevet i denne privatlivspolitik. Vi kan v\u00e6re n\u00f8dt til at opbevare visse oplysninger i l\u00e6ngere perioder, f.eks. til registrering\/rapportering i overensstemmelse med g\u00e6ldende lovgivning eller af andre legitime \u00e5rsager som f.eks. h\u00e5ndh\u00e6velse af juridiske rettigheder, forebyggelse af svindel osv. Resterende anonyme oplysninger og samlede oplysninger, hvoraf ingen identificerer dig (direkte eller indirekte), kan gemmes p\u00e5 ubestemt tid. <br \/><br \/><strong>Dine rettigheder:<\/strong> <\/p><p>Afh\u00e6ngigt af den g\u00e6ldende lovgivning kan du have ret til at f\u00e5 adgang til og rette eller slette dine personlige data eller modtage en kopi af dine personlige data, begr\u00e6nse eller g\u00f8re indsigelse mod den aktive behandling af dine data, bede os om at dele (overf\u00f8re) dine personlige oplysninger til en anden enhed, tr\u00e6kke ethvert samtykke, du har givet os til at behandle dine data, tilbage, en ret til at indgive en klage til en lovbestemt myndighed og s\u00e5danne andre rettigheder, som kan v\u00e6re relevante i henhold til g\u00e6ldende lovgivning. For at ud\u00f8ve disse rettigheder kan du skrive til os p\u00e5 mail@tri-pack.co.uk. Vi vil besvare din anmodning i overensstemmelse med g\u00e6ldende lovgivning. <br \/>Bem\u00e6rk, at hvis du ikke giver os lov til at indsamle eller behandle de kr\u00e6vede personlige oplysninger eller tr\u00e6kker dit samtykke til at behandle dem til de kr\u00e6vede form\u00e5l tilbage, kan du muligvis ikke f\u00e5 adgang til eller bruge de tjenester, som dine oplysninger blev bedt om. <br \/><br \/><strong>Cookies osv.<\/strong> <\/p><p>Hvis du vil vide mere om, hvordan vi bruger disse og dine valg i forhold til disse sporingsteknologier, kan du l\u00e6se vores <span style=\"text-decoration: underline;\"><a href=\"#cookies\">Cookie-politik<\/a><\/span>. <br \/><br \/><strong>Sikkerhed:<\/strong> <\/p><p>Sikkerheden af dine oplysninger er vigtig for os, og vi vil bruge rimelige sikkerhedsforanstaltninger for at forhindre tab, misbrug eller uautoriseret \u00e6ndring af dine oplysninger under vores kontrol. I betragtning af de iboende risici kan vi dog ikke garantere absolut sikkerhed, og derfor kan vi ikke sikre eller garantere sikkerheden for nogen oplysninger, du sender til os, og du g\u00f8r det p\u00e5 egen risiko. <br \/><br \/><strong>Tredjepartslinks og brug af dine oplysninger:<\/strong> <\/p><p>Vores tjeneste kan indeholde links til andre hjemmesider, der ikke drives af os. Denne fortrolighedspolitik omhandler ikke tredjeparters fortrolighedspolitik og anden praksis, herunder enhver tredjepart, der driver et websted eller en tjeneste, der kan v\u00e6re tilg\u00e6ngelig via et link p\u00e5 tjenesten. Vi anbefaler p\u00e5 det kraftigste, at du gennemg\u00e5r privatlivspolitikken for hvert websted, du bes\u00f8ger. Vi har ingen kontrol over og p\u00e5tager os intet ansvar for indhold, privatlivspolitikker eller praksis p\u00e5 tredjepartswebsteder eller -tjenester. <br \/><br \/><strong>Ansvarlig for klager\/databeskyttelse:<\/strong> <\/p><p>Hvis du har sp\u00f8rgsm\u00e5l eller bekymringer om behandlingen af dine oplysninger, der er tilg\u00e6ngelige hos os, kan du sende en e-mail til vores klageansvarlige hos Tri-pack Packaging Systems Ltd, Estate Road No. 1, e-mail: mail@tri-pack.co.uk. Vi vil behandle dine bekymringer i overensstemmelse med g\u00e6ldende lovgivning.<\/p>\t\t\t\t\t\t\t\t<\/div>\n\t\t\t\t<\/div>\n\t\t\t\t\t<\/div>\n\t\t<\/div>\n\t\t\t\t\t<\/div>\n\t\t<\/section>\n\t\t\t\t<section class=\"elementor-section elementor-top-section elementor-element elementor-element-1fd592d elementor-section-boxed elementor-section-height-default elementor-section-height-default\" data-id=\"1fd592d\" data-element_type=\"section\" data-e-type=\"section\" id=\"cookies\">\n\t\t\t\t\t\t<div class=\"elementor-container elementor-column-gap-default\">\n\t\t\t\t\t<div class=\"elementor-column elementor-col-100 elementor-top-column elementor-element elementor-element-0871ebb\" data-id=\"0871ebb\" data-element_type=\"column\" data-e-type=\"column\">\n\t\t\t<div class=\"elementor-widget-wrap elementor-element-populated\">\n\t\t\t\t\t\t<div class=\"elementor-element elementor-element-a323b98 elementor-widget elementor-widget-text-editor\" data-id=\"a323b98\" data-element_type=\"widget\" data-e-type=\"widget\" data-widget_type=\"text-editor.default\">\n\t\t\t\t<div class=\"elementor-widget-container\">\n\t\t\t\t\t\t\t\t\t<h3>Cookie-politik<\/h3><p>Ikrafttr\u00e6delsesdato: 05-dec-2024<br \/>Sidst opdateret: 05-dec-2024<\/p><p><strong>Hvad er cookies?<\/strong><\/p><p>Denne cookiepolitik forklarer, hvad cookies er, og hvordan vi bruger dem, hvilke typer cookies vi bruger, dvs. hvilke oplysninger vi indsamler ved hj\u00e6lp af cookies, og hvordan disse oplysninger bruges, og hvordan man administrerer cookieindstillingerne.<\/p><p>Cookies er sm\u00e5 tekstfiler, der bruges til at gemme sm\u00e5 stykker information. De gemmes p\u00e5 din enhed, n\u00e5r webstedet indl\u00e6ses i din browser. Disse cookies hj\u00e6lper os med at f\u00e5 hjemmesiden til at fungere korrekt, g\u00f8re den mere sikker, give en bedre brugeroplevelse og forst\u00e5, hvordan hjemmesiden fungerer, samt analysere, hvad der virker, og hvor der er behov for forbedringer.<\/p><p><strong>Hvordan bruger vi cookies?<\/strong><br \/><span style=\"font-style: inherit; font-weight: inherit; color: var( --e-global-color-text ); font-family: var( --e-global-typography-text-font-family ), Sans-serif; background-color: var(--ast-global-color-5);\">Som de fleste onlinetjenester bruger vores hjemmeside f\u00f8rsteparts- og tredjepartscookies til forskellige form\u00e5l. F\u00f8rstepartscookies er for det meste n\u00f8dvendige for, at webstedet kan fungere korrekt, og de indsamler ikke nogen af dine personligt identificerbare data.<\/span><\/p><p>De tredjepartscookies, der bruges p\u00e5 vores websted, er prim\u00e6rt til at forst\u00e5, hvordan webstedet fungerer, hvordan du interagerer med vores websted, holde vores tjenester sikre, levere reklamer, der er relevante for dig, og alt i alt give dig en bedre og forbedret brugeroplevelse og hj\u00e6lpe med at fremskynde dine fremtidige interaktioner med vores websted.<\/p><p><strong><span style=\"font-style: inherit; color: var( --e-global-color-text ); font-family: var( --e-global-typography-text-font-family ), Sans-serif; background-color: var(--ast-global-color-5);\">Typer af cookies, vi bruger\u00a0<\/span><\/strong><\/p><div class=\"cky-audit-table-element\">\u00a0<\/div><p><span style=\"font-style: inherit; font-weight: inherit; color: var( --e-global-color-text ); font-family: var( --e-global-typography-text-font-family ), Sans-serif; background-color: var(--ast-global-color-5);\"><strong>Cookie-indstillinger<\/strong><br \/><\/span><\/p><p><a class=\"cky-banner-element\">Cookie-indstillinger<\/a> <\/p><p><span style=\"font-style: inherit; font-weight: inherit; color: var( --e-global-color-text ); font-family: var( --e-global-typography-text-font-family ), Sans-serif; background-color: var(--ast-global-color-5);\">Du kan til enhver tid \u00e6ndre dine cookie-pr\u00e6ferencer ved at klikke p\u00e5 ovenst\u00e5ende knap. Dette giver dig mulighed for at bes\u00f8ge banneret for cookie-samtykke og \u00e6ndre dine pr\u00e6ferencer eller tr\u00e6kke dit samtykke tilbage med det samme.<\/span><\/p><p>Derudover tilbyder forskellige browsere forskellige metoder til at blokere og slette cookies, der bruges af websteder. Du kan \u00e6ndre indstillingerne i din browser for at blokere\/slette cookies. Nedenfor finder du links til supportdokumenter om, hvordan du administrerer og sletter cookies fra de st\u00f8rste webbrowsere.<\/p><p>Krom: https:\/\/support.google.com\/accounts\/answer\/32050<\/p><p>Safari: https:\/\/support.apple.com\/en-in\/guide\/safari\/sfri11471\/mac<\/p><p>Firefox: https:\/\/support.mozilla.org\/en-US\/kb\/clear-cookies-and-site-data-firefox?redirectslug=delete-cookies-remove-info-websites-stored&amp;redirectlocale=en-US<\/p><p>Internet Explorer: https:\/\/support.microsoft.com\/en-us\/topic\/how-to-delete-cookie-files-in-internet-explorer-bca9446f-d873-78de-77ba-d42645fa52fc<\/p><p>Hvis du bruger en anden webbrowser, bedes du bes\u00f8ge din browsers officielle supportdokumenter.<\/p>\t\t\t\t\t\t\t\t<\/div>\n\t\t\t\t<\/div>\n\t\t\t\t\t<\/div>\n\t\t<\/div>\n\t\t\t\t\t<\/div>\n\t\t<\/section>\n\t\t\t\t<\/div>","protected":false},"excerpt":{"rendered":"<p>Privacy Policy Last Updated On 05-Dec-2024 Effective Date 05-Dec-2024 This Privacy Policy describes the policies of Tri-pack Packaging Systems Ltd, Estate Road No. 1, N. E. Lincolnshire DN31 2TB, United Kingdom of Great Britain and Northern Ireland (the), email: mail@tri-pack.co.uk, phone: 01472 355038 on the collection, use and disclosure of your information that we collect [&hellip;]<\/p>\n","protected":false},"author":8,"featured_media":0,"parent":0,"menu_order":0,"comment_status":"closed","ping_status":"closed","template":"elementor_header_footer","meta":{"site-sidebar-layout":"no-sidebar","site-content-layout":"page-builder","ast-site-content-layout":"full-width-container","site-content-style":"default","site-sidebar-style":"default","ast-global-header-display":"","ast-banner-title-visibility":"","ast-main-header-display":"","ast-hfb-above-header-display":"","ast-hfb-below-header-display":"","ast-hfb-mobile-header-display":"","site-post-title":"disabled","ast-breadcrumbs-content":"","ast-featured-img":"disabled","footer-sml-layout":"","ast-disable-related-posts":"","theme-transparent-header-meta":"default","adv-header-id-meta":"","stick-header-meta":"","header-above-stick-meta":"","header-main-stick-meta":"","header-below-stick-meta":"","astra-migrate-meta-layouts":"set","ast-page-background-enabled":"default","ast-page-background-meta":{"desktop":{"background-color":"var(--ast-global-color-4)","background-image":"","background-repeat":"repeat","background-position":"center center","background-size":"auto","background-attachment":"scroll","background-type":"","background-media":"","overlay-type":"","overlay-color":"","overlay-opacity":"","overlay-gradient":""},"tablet":{"background-color":"","background-image":"","background-repeat":"repeat","background-position":"center center","background-size":"auto","background-attachment":"scroll","background-type":"","background-media":"","overlay-type":"","overlay-color":"","overlay-opacity":"","overlay-gradient":""},"mobile":{"background-color":"","background-image":"","background-repeat":"repeat","background-position":"center center","background-size":"auto","background-attachment":"scroll","background-type":"","background-media":"","overlay-type":"","overlay-color":"","overlay-opacity":"","overlay-gradient":""}},"ast-content-background-meta":{"desktop":{"background-color":"var(--ast-global-color-5)","background-image":"","background-repeat":"repeat","background-position":"center center","background-size":"auto","background-attachment":"scroll","background-type":"","background-media":"","overlay-type":"","overlay-color":"","overlay-opacity":"","overlay-gradient":""},"tablet":{"background-color":"var(--ast-global-color-5)","background-image":"","background-repeat":"repeat","background-position":"center center","background-size":"auto","background-attachment":"scroll","background-type":"","background-media":"","overlay-type":"","overlay-color":"","overlay-opacity":"","overlay-gradient":""},"mobile":{"background-color":"var(--ast-global-color-5)","background-image":"","background-repeat":"repeat","background-position":"center center","background-size":"auto","background-attachment":"scroll","background-type":"","background-media":"","overlay-type":"","overlay-color":"","overlay-opacity":"","overlay-gradient":""}},"footnotes":""},"class_list":["post-138","page","type-page","status-publish","hentry"],"_links":{"self":[{"href":"https:\/\/tri-pack.co.uk\/da\/wp-json\/wp\/v2\/pages\/138","targetHints":{"allow":["GET"]}}],"collection":[{"href":"https:\/\/tri-pack.co.uk\/da\/wp-json\/wp\/v2\/pages"}],"about":[{"href":"https:\/\/tri-pack.co.uk\/da\/wp-json\/wp\/v2\/types\/page"}],"author":[{"embeddable":true,"href":"https:\/\/tri-pack.co.uk\/da\/wp-json\/wp\/v2\/users\/8"}],"replies":[{"embeddable":true,"href":"https:\/\/tri-pack.co.uk\/da\/wp-json\/wp\/v2\/comments?post=138"}],"version-history":[{"count":20,"href":"https:\/\/tri-pack.co.uk\/da\/wp-json\/wp\/v2\/pages\/138\/revisions"}],"predecessor-version":[{"id":2196,"href":"https:\/\/tri-pack.co.uk\/da\/wp-json\/wp\/v2\/pages\/138\/revisions\/2196"}],"wp:attachment":[{"href":"https:\/\/tri-pack.co.uk\/da\/wp-json\/wp\/v2\/media?parent=138"}],"curies":[{"name":"wp","href":"https:\/\/api.w.org\/{rel}","templated":true}]}}