{"id":136,"date":"2024-06-07T12:16:35","date_gmt":"2024-06-07T11:16:35","guid":{"rendered":"https:\/\/tri-pack.co.uk\/?page_id=136"},"modified":"2025-01-06T11:00:09","modified_gmt":"2025-01-06T11:00:09","slug":"conditions-generales","status":"publish","type":"page","link":"https:\/\/tri-pack.co.uk\/fr\/terms-conditions\/","title":{"rendered":"Conditions g\u00e9n\u00e9rales d'utilisation"},"content":{"rendered":"<div data-elementor-type=\"wp-page\" data-elementor-id=\"136\" class=\"elementor elementor-136\" data-elementor-post-type=\"page\">\n\t\t\t\t\t\t<section class=\"elementor-section elementor-top-section elementor-element elementor-element-c7a5885 elementor-section-boxed elementor-section-height-default elementor-section-height-default\" data-id=\"c7a5885\" data-element_type=\"section\" data-e-type=\"section\" data-settings=\"{&quot;background_background&quot;:&quot;classic&quot;}\">\n\t\t\t\t\t\t<div class=\"elementor-container elementor-column-gap-default\">\n\t\t\t\t\t<div class=\"elementor-column elementor-col-100 elementor-top-column elementor-element elementor-element-12eb49a\" data-id=\"12eb49a\" data-element_type=\"column\" data-e-type=\"column\">\n\t\t\t<div class=\"elementor-widget-wrap elementor-element-populated\">\n\t\t\t\t\t\t\t<\/div>\n\t\t<\/div>\n\t\t\t\t\t<\/div>\n\t\t<\/section>\n\t\t\t\t<section class=\"elementor-section elementor-top-section elementor-element elementor-element-f4a374b elementor-section-content-top elementor-section-boxed elementor-section-height-default elementor-section-height-default\" data-id=\"f4a374b\" data-element_type=\"section\" data-e-type=\"section\">\n\t\t\t\t\t\t<div class=\"elementor-container elementor-column-gap-wider\">\n\t\t\t\t\t<div class=\"elementor-column elementor-col-100 elementor-top-column elementor-element elementor-element-26acfd5\" data-id=\"26acfd5\" data-element_type=\"column\" data-e-type=\"column\">\n\t\t\t<div class=\"elementor-widget-wrap elementor-element-populated\">\n\t\t\t\t\t\t<div class=\"elementor-element elementor-element-209d880 elementor-widget elementor-widget-text-editor\" data-id=\"209d880\" data-element_type=\"widget\" data-e-type=\"widget\" data-widget_type=\"text-editor.default\">\n\t\t\t\t<div class=\"elementor-widget-container\">\n\t\t\t\t\t\t\t\t\t<p>En utilisant ce site web, vous acceptez de vous conformer et d'\u00eatre li\u00e9 par les conditions de service et d'utilisation suivantes. Veuillez lire les conditions suivantes dans leur int\u00e9gralit\u00e9 et vous assurer de leur compr\u00e9hension avant d'utiliser et de consulter ce site web.<\/p><p>Les termes \"nous\", \"nous\", \"notre\" ou \"propri\u00e9taires\" font r\u00e9f\u00e9rence \u00e0 \"Tri-pack Packaging Systems Ltd\" et aux op\u00e9rateurs administratifs de ce site web, <strong><a href=\"https:\/\/tri-pack.co.uk\/fr\/\">www.tri-pack.co.uk<\/a><\/strong> . Le terme \"vous\" d\u00e9signe l'utilisateur ou le visiteur de ce site web.<\/p><h3>Droit d'auteur<\/h3><p>Le contenu dans son int\u00e9gralit\u00e9, y compris le contenu textuel, les graphiques, les mises en page et l'ensemble du code source, appartient aux propri\u00e9taires du site web. Ce terme est prot\u00e9g\u00e9 par les droits de propri\u00e9t\u00e9 intellectuelle et les droits d'auteur. La copie, la redistribution, l'utilisation ou la publication \u00e0 titre gratuit ou on\u00e9reux sont strictement interdites. Une partie du contenu du site est prot\u00e9g\u00e9e par les droits d'auteur et les licences de tiers.<\/p><h3>Conditions d'utilisation<\/h3><p>Le contenu de ce site web dans son int\u00e9gralit\u00e9 est susceptible d'\u00eatre modifi\u00e9 sans pr\u00e9avis. Il est destin\u00e9 \u00e0 votre information g\u00e9n\u00e9rale uniquement.<\/p><p>Aucune partie ne garantit l'exactitude, l'actualit\u00e9, la performance, l'exhaustivit\u00e9 ou l'ad\u00e9quation du contenu et des informations figurant sur ce site. Vous reconnaissez que des erreurs ou des inexactitudes peuvent exister et que les propri\u00e9taires du site ne sont en aucun cas responsables de ces erreurs.<\/p><p>Les propri\u00e9taires du site ne sont pas responsables du contenu de tiers qui peut \u00eatre publi\u00e9 sur le site par des utilisateurs finaux, ou du contenu li\u00e9 \u00e0 ce site web, y compris d'autres sites web, et n'assument aucune responsabilit\u00e9 \u00e0 cet \u00e9gard.<\/p><p>L'utilisation et la consultation des informations contenues dans ce site se font \u00e0 vos risques et p\u00e9rils. Les propri\u00e9taires du site ne sont pas responsables des cons\u00e9quences \u00e9ventuelles de l'utilisation du site.<\/p><p>L'utilisation non autoris\u00e9e de ce site web ou de son contenu peut donner lieu \u00e0 une demande de dommages-int\u00e9r\u00eats et\/ou constituer une infraction p\u00e9nale sanctionn\u00e9e par le droit local et international.<\/p><p>Nous nous r\u00e9servons le droit de restreindre l'acc\u00e8s \u00e0 certaines parties du site web \u00e0 notre enti\u00e8re discr\u00e9tion. Si un nom d'utilisateur et un mot de passe, ou tout autre identifiant d'acc\u00e8s, vous sont fournis en tant qu'utilisateur final, il vous incombe de pr\u00e9server la confidentialit\u00e9 de ces informations.<\/p><p>Les propri\u00e9taires du site web ne sont pas responsables du contenu g\u00e9n\u00e9r\u00e9 par les utilisateurs, ni des violations que ce contenu peut constituer.<\/p><p>En utilisant notre site web, vous acceptez que nous placions des cookies sur votre appareil.<\/p>\t\t\t\t\t\t\t\t<\/div>\n\t\t\t\t<\/div>\n\t\t\t\t\t<\/div>\n\t\t<\/div>\n\t\t\t\t\t<\/div>\n\t\t<\/section>\n\t\t\t\t<\/div>","protected":false},"excerpt":{"rendered":"<p>By using this web site, you are agreeing to comply and be bound by the following terms of service and use. Please review the following terms in their entirety and ensure their comprehension before using and viewing this web site. The terms \u201cus\u201d, \u201cwe\u201d, \u201cour\u201d, or \u201cowners\u201d refers to \u201cTri-pack Packaging Systems Ltd\u201d and administrative [&hellip;]<\/p>\n","protected":false},"author":8,"featured_media":0,"parent":0,"menu_order":0,"comment_status":"closed","ping_status":"closed","template":"elementor_header_footer","meta":{"site-sidebar-layout":"no-sidebar","site-content-layout":"page-builder","ast-site-content-layout":"full-width-container","site-content-style":"default","site-sidebar-style":"default","ast-global-header-display":"","ast-banner-title-visibility":"","ast-main-header-display":"","ast-hfb-above-header-display":"","ast-hfb-below-header-display":"","ast-hfb-mobile-header-display":"","site-post-title":"disabled","ast-breadcrumbs-content":"","ast-featured-img":"disabled","footer-sml-layout":"","ast-disable-related-posts":"","theme-transparent-header-meta":"default","adv-header-id-meta":"","stick-header-meta":"","header-above-stick-meta":"","header-main-stick-meta":"","header-below-stick-meta":"","astra-migrate-meta-layouts":"set","ast-page-background-enabled":"default","ast-page-background-meta":{"desktop":{"background-color":"var(--ast-global-color-4)","background-image":"","background-repeat":"repeat","background-position":"center center","background-size":"auto","background-attachment":"scroll","background-type":"","background-media":"","overlay-type":"","overlay-color":"","overlay-opacity":"","overlay-gradient":""},"tablet":{"background-color":"","background-image":"","background-repeat":"repeat","background-position":"center center","background-size":"auto","background-attachment":"scroll","background-type":"","background-media":"","overlay-type":"","overlay-color":"","overlay-opacity":"","overlay-gradient":""},"mobile":{"background-color":"","background-image":"","background-repeat":"repeat","background-position":"center center","background-size":"auto","background-attachment":"scroll","background-type":"","background-media":"","overlay-type":"","overlay-color":"","overlay-opacity":"","overlay-gradient":""}},"ast-content-background-meta":{"desktop":{"background-color":"var(--ast-global-color-5)","background-image":"","background-repeat":"repeat","background-position":"center center","background-size":"auto","background-attachment":"scroll","background-type":"","background-media":"","overlay-type":"","overlay-color":"","overlay-opacity":"","overlay-gradient":""},"tablet":{"background-color":"var(--ast-global-color-5)","background-image":"","background-repeat":"repeat","background-position":"center center","background-size":"auto","background-attachment":"scroll","background-type":"","background-media":"","overlay-type":"","overlay-color":"","overlay-opacity":"","overlay-gradient":""},"mobile":{"background-color":"var(--ast-global-color-5)","background-image":"","background-repeat":"repeat","background-position":"center center","background-size":"auto","background-attachment":"scroll","background-type":"","background-media":"","overlay-type":"","overlay-color":"","overlay-opacity":"","overlay-gradient":""}},"footnotes":""},"class_list":["post-136","page","type-page","status-publish","hentry"],"_links":{"self":[{"href":"https:\/\/tri-pack.co.uk\/fr\/wp-json\/wp\/v2\/pages\/136","targetHints":{"allow":["GET"]}}],"collection":[{"href":"https:\/\/tri-pack.co.uk\/fr\/wp-json\/wp\/v2\/pages"}],"about":[{"href":"https:\/\/tri-pack.co.uk\/fr\/wp-json\/wp\/v2\/types\/page"}],"author":[{"embeddable":true,"href":"https:\/\/tri-pack.co.uk\/fr\/wp-json\/wp\/v2\/users\/8"}],"replies":[{"embeddable":true,"href":"https:\/\/tri-pack.co.uk\/fr\/wp-json\/wp\/v2\/comments?post=136"}],"version-history":[{"count":6,"href":"https:\/\/tri-pack.co.uk\/fr\/wp-json\/wp\/v2\/pages\/136\/revisions"}],"predecessor-version":[{"id":2172,"href":"https:\/\/tri-pack.co.uk\/fr\/wp-json\/wp\/v2\/pages\/136\/revisions\/2172"}],"wp:attachment":[{"href":"https:\/\/tri-pack.co.uk\/fr\/wp-json\/wp\/v2\/media?parent=136"}],"curies":[{"name":"wp","href":"https:\/\/api.w.org\/{rel}","templated":true}]}}