{"id":118,"date":"2024-06-07T12:14:14","date_gmt":"2024-06-07T11:14:14","guid":{"rendered":"https:\/\/tri-pack.co.uk\/?page_id=118"},"modified":"2025-06-09T12:32:14","modified_gmt":"2025-06-09T11:32:14","slug":"daemisogur","status":"publish","type":"page","link":"https:\/\/tri-pack.co.uk\/is\/case-studies\/","title":{"rendered":"D\u00e6mis\u00f6gur"},"content":{"rendered":"<div data-elementor-type=\"wp-page\" data-elementor-id=\"118\" class=\"elementor elementor-118\" data-elementor-post-type=\"page\">\n\t\t\t\t\t\t<section class=\"elementor-section elementor-top-section elementor-element elementor-element-44dcb13 elementor-section-boxed elementor-section-height-default elementor-section-height-default\" data-id=\"44dcb13\" data-element_type=\"section\" data-e-type=\"section\" data-settings=\"{&quot;background_background&quot;:&quot;classic&quot;}\">\n\t\t\t\t\t\t<div class=\"elementor-container elementor-column-gap-default\">\n\t\t\t\t\t<div class=\"elementor-column elementor-col-100 elementor-top-column elementor-element elementor-element-4c2a5d8\" data-id=\"4c2a5d8\" data-element_type=\"column\" data-e-type=\"column\">\n\t\t\t<div class=\"elementor-widget-wrap elementor-element-populated\">\n\t\t\t\t\t\t\t<\/div>\n\t\t<\/div>\n\t\t\t\t\t<\/div>\n\t\t<\/section>\n\t\t\t\t<section class=\"elementor-section elementor-top-section elementor-element elementor-element-25b0d2c elementor-section-boxed elementor-section-height-default elementor-section-height-default\" data-id=\"25b0d2c\" data-element_type=\"section\" data-e-type=\"section\">\n\t\t\t\t\t\t<div class=\"elementor-container elementor-column-gap-wider\">\n\t\t\t\t\t<div class=\"elementor-column elementor-col-66 elementor-top-column elementor-element elementor-element-b832000\" data-id=\"b832000\" data-element_type=\"column\" data-e-type=\"column\">\n\t\t\t<div class=\"elementor-widget-wrap elementor-element-populated\">\n\t\t\t\t\t\t<div class=\"elementor-element elementor-element-7784c61 elementor-widget__width-initial elementor-widget elementor-widget-text-editor\" data-id=\"7784c61\" data-element_type=\"widget\" data-e-type=\"widget\" data-widget_type=\"text-editor.default\">\n\t\t\t\t<div class=\"elementor-widget-container\">\n\t\t\t\t\t\t\t\t\t<p>Vi\u00f0 h\u00f6fum unni\u00f0 me\u00f0 vi\u00f0skiptavinum v\u00ed\u00f0svegar a\u00f0 \u00far Bretlandi og Evr\u00f3pu, og \u00far fj\u00f6lbreyttum atvinnugreinum, \u00e1 \u00feeim 50 \u00e1rum sem vi\u00f0 h\u00f6fum starfa\u00f0.<\/p>\t\t\t\t\t\t\t\t<\/div>\n\t\t\t\t<\/div>\n\t\t\t\t<div class=\"elementor-element elementor-element-88c71a7 elementor-widget elementor-widget-text-editor\" data-id=\"88c71a7\" data-element_type=\"widget\" data-e-type=\"widget\" data-widget_type=\"text-editor.default\">\n\t\t\t\t<div class=\"elementor-widget-container\">\n\t\t\t\t\t\t\t\t\tFr\u00e1 sj\u00e1var\u00fatvegsgeiranum til sk\u00f3gr\u00e6ktar og fr\u00e1 kryddjurtar\u00e6ktendum til lyfjafyrirt\u00e6kja, h\u00f6fum vi\u00f0 fj\u00f6lbreytt \u00farval af velgengniss\u00f6gum \u00ed umb\u00fa\u00f0ai\u00f0na\u00f0i sem vi\u00f0 erum stolt af. H\u00e9r a\u00f0 ne\u00f0an eru nokkrar d\u00e6mis\u00f6gur sem s\u00fdna fram \u00e1 hvernig umb\u00fa\u00f0ir okkar hafa haft mikil \u00e1hrif \u00e1 rekstur fyrirt\u00e6kja\u2026\t\t\t\t\t\t\t\t<\/div>\n\t\t\t\t<\/div>\n\t\t\t\t\t<\/div>\n\t\t<\/div>\n\t\t\t\t<div class=\"elementor-column elementor-col-33 elementor-top-column elementor-element elementor-element-29eb45a\" data-id=\"29eb45a\" data-element_type=\"column\" data-e-type=\"column\">\n\t\t\t<div class=\"elementor-widget-wrap elementor-element-populated\">\n\t\t\t\t\t\t<div class=\"elementor-element elementor-element-0c572d5 elementor-widget elementor-widget-image\" data-id=\"0c572d5\" data-element_type=\"widget\" data-e-type=\"widget\" data-widget_type=\"image.default\">\n\t\t\t\t<div class=\"elementor-widget-container\">\n\t\t\t\t\t\t\t\t\t\t\t\t\t\t\t<img fetchpriority=\"high\" decoding=\"async\" width=\"1096\" height=\"766\" src=\"https:\/\/tri-pack.co.uk\/wp-content\/uploads\/CS-main.jpg\" class=\"attachment-large size-large wp-image-1924\" alt=\"Ma\u00f0ur ber Midland Fish kassa pakka\u00f0a \u00ed Tri Pack umb\u00fa\u00f0um\" srcset=\"https:\/\/tri-pack.co.uk\/wp-content\/uploads\/CS-main.jpg 1096w, https:\/\/tri-pack.co.uk\/wp-content\/uploads\/CS-main-768x537.jpg 768w\" sizes=\"(max-width: 1096px) 100vw, 1096px\" \/>\t\t\t\t\t\t\t\t\t\t\t\t\t\t\t<\/div>\n\t\t\t\t<\/div>\n\t\t\t\t\t<\/div>\n\t\t<\/div>\n\t\t\t\t\t<\/div>\n\t\t<\/section>\n\t\t\t\t<section class=\"elementor-section elementor-top-section elementor-element elementor-element-21c2dc7 elementor-section-boxed elementor-section-height-default elementor-section-height-default\" data-id=\"21c2dc7\" data-element_type=\"section\" data-e-type=\"section\">\n\t\t\t\t\t\t<div class=\"elementor-container elementor-column-gap-default\">\n\t\t\t\t\t<div class=\"elementor-column elementor-col-100 elementor-top-column elementor-element elementor-element-3872255\" data-id=\"3872255\" data-element_type=\"column\" data-e-type=\"column\">\n\t\t\t<div class=\"elementor-widget-wrap elementor-element-populated\">\n\t\t\t\t\t\t<div class=\"elementor-element elementor-element-f85f511 uael-equal__height-yes uael-posts-thumbnail-ratio elementor-widget elementor-widget-uael-posts\" data-id=\"f85f511\" data-element_type=\"widget\" data-e-type=\"widget\" data-settings=\"{&quot;classic_slides_to_show&quot;:3,&quot;classic_slides_to_show_tablet&quot;:2,&quot;classic_slides_to_show_mobile&quot;:1,&quot;classic_pagination_type&quot;:&quot;ajax&quot;,&quot;classic_show_filters&quot;:&quot;no&quot;}\" data-widget_type=\"uael-posts.classic\">\n\t\t\t\t<div class=\"elementor-widget-container\">\n\t\t\t\t\t\t\t<div class=\"uael-post__header\">\n\t\t\t\t\t<\/div>\n\t\t<div class=\"uael-post__body\">\n\t\t\t\n\t\t\n\t\t<div class=\"uael-blog-terms-position-above_content uael-post-image-top uael-post-grid uael-posts\" data-query-type=\"custom\" data-structure=\"normal\" data-layout=\"\" data-page=\"118\" data-skin=\"classic\" data-filter-default=\"\" data-offset-top=\"30\" >\n\n\t\t\t\t\t\t\t<div class=\"uael-post-grid__inner uael-post__columns-3 uael-post__columns-tablet-2 uael-post__columns-mobile-1\">\n\t\t\t\n<div class=\"uael-post-wrapper\">\n\t<div class=\"uael-post__bg-wrap uael-bg-wrap-disabled\">\n\n\t\t\t\t\n\t\t<div class=\"uael-post__inner-wrap uael-inner-wrap-disabled\">\n\n\t\t\t\t<div class=\"uael-post__thumbnail\">\n\t\t\t\n\t\t\t<a href=\"https:\/\/tri-pack.co.uk\/is\/casestudies\/coolseal-visits-jaines-seafood\/\" target=\"_self\" title=\"Jaines sj\u00e1varr\u00e9ttir\"><img decoding=\"async\" width=\"1080\" height=\"900\" data-src=\"https:\/\/tri-pack.co.uk\/wp-content\/uploads\/Jaines-Seafood-Coolseal-.jpg\" class=\"attachment-full size-full wp-image-2543 lazyload\" alt=\"Coolseal sj\u00e1varafur\u00f0aumb\u00fa\u00f0ir\" data-srcset=\"https:\/\/tri-pack.co.uk\/wp-content\/uploads\/Jaines-Seafood-Coolseal-.jpg 1080w, https:\/\/tri-pack.co.uk\/wp-content\/uploads\/Jaines-Seafood-Coolseal--768x640.jpg 768w, https:\/\/tri-pack.co.uk\/wp-content\/uploads\/Jaines-Seafood-Coolseal--14x12.jpg 14w\" data-sizes=\"(max-width: 1080px) 100vw, 1080px\" src=\"data:image\/svg+xml;base64,PHN2ZyB3aWR0aD0iMSIgaGVpZ2h0PSIxIiB4bWxucz0iaHR0cDovL3d3dy53My5vcmcvMjAwMC9zdmciPjwvc3ZnPg==\" style=\"--smush-placeholder-width: 1080px; --smush-placeholder-aspect-ratio: 1080\/900;\" \/><\/a>\n\t\t\t\t\t<\/div>\n\t\t\n\t\t\t\n\t\t\t<div class=\"uael-post__content-wrap uael-content-wrap-disabled\">\n\t\t\t\t\t\t\t<div class=\"uael-post__terms-wrap\"><\/div>\n\t\t\t\t\t\t<h3 class=\"uael-post__title\">\n\n\t\t\n\t\t\t\t\t\t<a href=\"https:\/\/tri-pack.co.uk\/is\/casestudies\/coolseal-visits-jaines-seafood\/\" target=\"_self\">\n\t\t\t\tJaines sj\u00e1varr\u00e9ttir\t\t\t<\/a>\n\n\t\t\t\t<\/h3>\n\t\t\n\t\t<div class=\"uael-post__excerpt\">\n\t\t\tStarfsf\u00f3lk Coolseal haf\u00f0i \u00feann hei\u00f0ur a\u00f0 heims\u00e6kja Jaines Seafood \u2013 fyrirt\u00e6ki \u00ed Grimsby sem hefur lengi veri\u00f0 \u00feekkt fyrir ferskan fisk og sj\u00e1varfang.\t\t<\/div>\n\n\t\t\t\t\t<a class=\"uael-post__read-more elementor-button\" href=\"https:\/\/tri-pack.co.uk\/is\/casestudies\/coolseal-visits-jaines-seafood\/\" target=\"_self\" aria-labelledby=\"uael-post-2539\">\n\t\t\t\t\t<span class=\"elementor-button-content-wrapper\">\n\t\t\t\t\t\t\t\t\t\t\t\t\t\t<span class=\"elementor-button-icon elementor-align-icon-left\">\n\n\t\t\t\t\t\t\t\t\t\n\t\t\t\t\t\t\t\t<\/span>\n\t\t\t\t\t\t\t\t\t\t\t\t\t\n\t\t\t\t\t\t<span class=\"elementor-button-text\" id=\"uael-post-2539\">Lesa meira<\/span>\n\t\t\t\t\t<\/span>\n\t\t\t\t<\/a>\n\t\t\t\t\t\t<\/div>\n\t\t\t\n\t\t<\/div>\n\t\t\n\t<\/div>\n\n<\/div>\n\n<div class=\"uael-post-wrapper\">\n\t<div class=\"uael-post__bg-wrap uael-bg-wrap-disabled\">\n\n\t\t\t\t\n\t\t<div class=\"uael-post__inner-wrap uael-inner-wrap-disabled\">\n\n\t\t\t\t<div class=\"uael-post__thumbnail\">\n\t\t\t\n\t\t\t<a href=\"https:\/\/tri-pack.co.uk\/is\/casestudies\/thorfish\/\" target=\"_self\" title=\"\u00deorfiskur\"><img decoding=\"async\" width=\"1096\" height=\"766\" data-src=\"https:\/\/tri-pack.co.uk\/wp-content\/uploads\/CS-thorfish-featured.jpg\" class=\"attachment-full size-full wp-image-1929 lazyload\" alt=\"Fiskfl\u00f6k fr\u00e1 Thorfish s\u00fdnd \u00ed \u00feriggja pakka umb\u00fa\u00f0um.\" data-srcset=\"https:\/\/tri-pack.co.uk\/wp-content\/uploads\/CS-thorfish-featured.jpg 1096w, https:\/\/tri-pack.co.uk\/wp-content\/uploads\/CS-thorfish-featured-768x537.jpg 768w\" data-sizes=\"(max-width: 1096px) 100vw, 1096px\" src=\"data:image\/svg+xml;base64,PHN2ZyB3aWR0aD0iMSIgaGVpZ2h0PSIxIiB4bWxucz0iaHR0cDovL3d3dy53My5vcmcvMjAwMC9zdmciPjwvc3ZnPg==\" style=\"--smush-placeholder-width: 1096px; --smush-placeholder-aspect-ratio: 1096\/766;\" \/><\/a>\n\t\t\t\t\t<\/div>\n\t\t\n\t\t\t\n\t\t\t<div class=\"uael-post__content-wrap uael-content-wrap-disabled\">\n\t\t\t\t\t\t\t<div class=\"uael-post__terms-wrap\"><\/div>\n\t\t\t\t\t\t<h3 class=\"uael-post__title\">\n\n\t\t\n\t\t\t\t\t\t<a href=\"https:\/\/tri-pack.co.uk\/is\/casestudies\/thorfish\/\" target=\"_self\">\n\t\t\t\t\u00deorfiskur\t\t\t<\/a>\n\n\t\t\t\t<\/h3>\n\t\t\n\t\t<div class=\"uael-post__excerpt\">\n\t\t\t\u00de\u00f3rfiskur, sem er me\u00f0 a\u00f0setur \u00e1 \u00cdslandi, framlei\u00f0ir bacalao \u2013 e\u00f0a blautsalta\u00f0an fisk. \u00deeir hafa s\u00f6gulega nota\u00f0 heila pappa\u00f6skjur til p\u00f6kkunar, geymslu og ...\t\t<\/div>\n\n\t\t\t\t\t<a class=\"uael-post__read-more elementor-button\" href=\"https:\/\/tri-pack.co.uk\/is\/casestudies\/thorfish\/\" target=\"_self\" aria-labelledby=\"uael-post-2070\">\n\t\t\t\t\t<span class=\"elementor-button-content-wrapper\">\n\t\t\t\t\t\t\t\t\t\t\t\t\t\t<span class=\"elementor-button-icon elementor-align-icon-left\">\n\n\t\t\t\t\t\t\t\t\t\n\t\t\t\t\t\t\t\t<\/span>\n\t\t\t\t\t\t\t\t\t\t\t\t\t\n\t\t\t\t\t\t<span class=\"elementor-button-text\" id=\"uael-post-2070\">Lesa meira<\/span>\n\t\t\t\t\t<\/span>\n\t\t\t\t<\/a>\n\t\t\t\t\t\t<\/div>\n\t\t\t\n\t\t<\/div>\n\t\t\n\t<\/div>\n\n<\/div>\n\n<div class=\"uael-post-wrapper\">\n\t<div class=\"uael-post__bg-wrap uael-bg-wrap-disabled\">\n\n\t\t\t\t\n\t\t<div class=\"uael-post__inner-wrap uael-inner-wrap-disabled\">\n\n\t\t\t\t<div class=\"uael-post__thumbnail\">\n\t\t\t\n\t\t\t<a href=\"https:\/\/tri-pack.co.uk\/is\/casestudies\/seddon-and-sons-ltd\/\" target=\"_self\" title=\"Seddon &amp; Synir ehf.\"><img decoding=\"async\" width=\"1096\" height=\"766\" data-src=\"https:\/\/tri-pack.co.uk\/wp-content\/uploads\/CS-seddons-featured.jpg\" class=\"attachment-full size-full wp-image-1928 lazyload\" alt=\"Seddons bla\u00f0laukur pakka\u00f0ur \u00ed \u00fer\u00edpakkningu\" data-srcset=\"https:\/\/tri-pack.co.uk\/wp-content\/uploads\/CS-seddons-featured.jpg 1096w, https:\/\/tri-pack.co.uk\/wp-content\/uploads\/CS-seddons-featured-768x537.jpg 768w\" data-sizes=\"(max-width: 1096px) 100vw, 1096px\" src=\"data:image\/svg+xml;base64,PHN2ZyB3aWR0aD0iMSIgaGVpZ2h0PSIxIiB4bWxucz0iaHR0cDovL3d3dy53My5vcmcvMjAwMC9zdmciPjwvc3ZnPg==\" style=\"--smush-placeholder-width: 1096px; --smush-placeholder-aspect-ratio: 1096\/766;\" \/><\/a>\n\t\t\t\t\t<\/div>\n\t\t\n\t\t\t\n\t\t\t<div class=\"uael-post__content-wrap uael-content-wrap-disabled\">\n\t\t\t\t\t\t\t<div class=\"uael-post__terms-wrap\"><\/div>\n\t\t\t\t\t\t<h3 class=\"uael-post__title\">\n\n\t\t\n\t\t\t\t\t\t<a href=\"https:\/\/tri-pack.co.uk\/is\/casestudies\/seddon-and-sons-ltd\/\" target=\"_self\">\n\t\t\t\tSeddon &amp; Sons Ltd\t\t\t<\/a>\n\n\t\t\t\t<\/h3>\n\t\t\n\t\t<div class=\"uael-post__excerpt\">\n\t\t\tEinn af lei\u00f0andi bla\u00f0laukr\u00e6ktendum \u00ed \u00e1vaxta- og gr\u00e6nmetisi\u00f0na\u00f0inum leita\u00f0i til Tri-pack vegna vandam\u00e1ls sem \u00feeir st\u00f3\u00f0u frammi fyrir var\u00f0andi umb\u00fa\u00f0ir s\u00ednar. Umb\u00fa\u00f0irnar sem \u00feeir voru a\u00f0 nota voru ...\t\t<\/div>\n\n\t\t\t\t\t<a class=\"uael-post__read-more elementor-button\" href=\"https:\/\/tri-pack.co.uk\/is\/casestudies\/seddon-and-sons-ltd\/\" target=\"_self\" aria-labelledby=\"uael-post-2065\">\n\t\t\t\t\t<span class=\"elementor-button-content-wrapper\">\n\t\t\t\t\t\t\t\t\t\t\t\t\t\t<span class=\"elementor-button-icon elementor-align-icon-left\">\n\n\t\t\t\t\t\t\t\t\t\n\t\t\t\t\t\t\t\t<\/span>\n\t\t\t\t\t\t\t\t\t\t\t\t\t\n\t\t\t\t\t\t<span class=\"elementor-button-text\" id=\"uael-post-2065\">Lesa meira<\/span>\n\t\t\t\t\t<\/span>\n\t\t\t\t<\/a>\n\t\t\t\t\t\t<\/div>\n\t\t\t\n\t\t<\/div>\n\t\t\n\t<\/div>\n\n<\/div>\n\n<div class=\"uael-post-wrapper\">\n\t<div class=\"uael-post__bg-wrap uael-bg-wrap-disabled\">\n\n\t\t\t\t\n\t\t<div class=\"uael-post__inner-wrap uael-inner-wrap-disabled\">\n\n\t\t\t\t<div class=\"uael-post__thumbnail\">\n\t\t\t\n\t\t\t<a href=\"https:\/\/tri-pack.co.uk\/is\/casestudies\/wealmoor-ltd\/\" target=\"_self\" title=\"Wealmoor Ltd.\"><img decoding=\"async\" width=\"1096\" height=\"766\" data-src=\"https:\/\/tri-pack.co.uk\/wp-content\/uploads\/CS-wealmoor-featured.jpg\" class=\"attachment-full size-full wp-image-1930 lazyload\" alt=\"Piparmyntulauf s\u00fdnd \u00ed kassa \u00ed \u00fer\u00edpakkningu\" data-srcset=\"https:\/\/tri-pack.co.uk\/wp-content\/uploads\/CS-wealmoor-featured.jpg 1096w, https:\/\/tri-pack.co.uk\/wp-content\/uploads\/CS-wealmoor-featured-768x537.jpg 768w\" data-sizes=\"(max-width: 1096px) 100vw, 1096px\" src=\"data:image\/svg+xml;base64,PHN2ZyB3aWR0aD0iMSIgaGVpZ2h0PSIxIiB4bWxucz0iaHR0cDovL3d3dy53My5vcmcvMjAwMC9zdmciPjwvc3ZnPg==\" style=\"--smush-placeholder-width: 1096px; --smush-placeholder-aspect-ratio: 1096\/766;\" \/><\/a>\n\t\t\t\t\t<\/div>\n\t\t\n\t\t\t\n\t\t\t<div class=\"uael-post__content-wrap uael-content-wrap-disabled\">\n\t\t\t\t\t\t\t<div class=\"uael-post__terms-wrap\"><\/div>\n\t\t\t\t\t\t<h3 class=\"uael-post__title\">\n\n\t\t\n\t\t\t\t\t\t<a href=\"https:\/\/tri-pack.co.uk\/is\/casestudies\/wealmoor-ltd\/\" target=\"_self\">\n\t\t\t\tWealmoor Ltd.\t\t\t<\/a>\n\n\t\t\t\t<\/h3>\n\t\t\n\t\t<div class=\"uael-post__excerpt\">\n\t\t\tWealmoor Ltd \u2013 lei\u00f0andi al\u00fej\u00f3\u00f0legur r\u00e6ktandi og p\u00f6kkunara\u00f0ili \u00e1vaxta og gr\u00e6nmetis, haf\u00f0i samband vi\u00f0 Tri-pack til a\u00f0 leita a\u00f0 umb\u00fa\u00f0alausn sem bau\u00f0 upp \u00e1 l\u00e6gra ...\t\t<\/div>\n\n\t\t\t\t\t<a class=\"uael-post__read-more elementor-button\" href=\"https:\/\/tri-pack.co.uk\/is\/casestudies\/wealmoor-ltd\/\" target=\"_self\" aria-labelledby=\"uael-post-2056\">\n\t\t\t\t\t<span class=\"elementor-button-content-wrapper\">\n\t\t\t\t\t\t\t\t\t\t\t\t\t\t<span class=\"elementor-button-icon elementor-align-icon-left\">\n\n\t\t\t\t\t\t\t\t\t\n\t\t\t\t\t\t\t\t<\/span>\n\t\t\t\t\t\t\t\t\t\t\t\t\t\n\t\t\t\t\t\t<span class=\"elementor-button-text\" id=\"uael-post-2056\">Lesa meira<\/span>\n\t\t\t\t\t<\/span>\n\t\t\t\t<\/a>\n\t\t\t\t\t\t<\/div>\n\t\t\t\n\t\t<\/div>\n\t\t\n\t<\/div>\n\n<\/div>\n\n<div class=\"uael-post-wrapper\">\n\t<div class=\"uael-post__bg-wrap uael-bg-wrap-disabled\">\n\n\t\t\t\t\n\t\t<div class=\"uael-post__inner-wrap uael-inner-wrap-disabled\">\n\n\t\t\t\t<div class=\"uael-post__thumbnail\">\n\t\t\t\n\t\t\t<a href=\"https:\/\/tri-pack.co.uk\/is\/casestudies\/chapel-cottage-plants\/\" target=\"_self\" title=\"Chapel Cottage Pl\u00f6ntur\"><img decoding=\"async\" width=\"1096\" height=\"766\" data-src=\"https:\/\/tri-pack.co.uk\/wp-content\/uploads\/CS-chapelcottage-featured.jpg\" class=\"attachment-full size-full wp-image-1926 lazyload\" alt=\"Pl\u00f6ntur \u00ed pottum s\u00fdndar \u00ed kassa \u00ed \u00fer\u00edpakkningu.\" data-srcset=\"https:\/\/tri-pack.co.uk\/wp-content\/uploads\/CS-chapelcottage-featured.jpg 1096w, https:\/\/tri-pack.co.uk\/wp-content\/uploads\/CS-chapelcottage-featured-768x537.jpg 768w\" data-sizes=\"(max-width: 1096px) 100vw, 1096px\" src=\"data:image\/svg+xml;base64,PHN2ZyB3aWR0aD0iMSIgaGVpZ2h0PSIxIiB4bWxucz0iaHR0cDovL3d3dy53My5vcmcvMjAwMC9zdmciPjwvc3ZnPg==\" style=\"--smush-placeholder-width: 1096px; --smush-placeholder-aspect-ratio: 1096\/766;\" \/><\/a>\n\t\t\t\t\t<\/div>\n\t\t\n\t\t\t\n\t\t\t<div class=\"uael-post__content-wrap uael-content-wrap-disabled\">\n\t\t\t\t\t\t\t<div class=\"uael-post__terms-wrap\"><\/div>\n\t\t\t\t\t\t<h3 class=\"uael-post__title\">\n\n\t\t\n\t\t\t\t\t\t<a href=\"https:\/\/tri-pack.co.uk\/is\/casestudies\/chapel-cottage-plants\/\" target=\"_self\">\n\t\t\t\tChapel Cottage Pl\u00f6ntur\t\t\t<\/a>\n\n\t\t\t\t<\/h3>\n\t\t\n\t\t<div class=\"uael-post__excerpt\">\n\t\t\tChapel Cottage Plants \u2013 einn st\u00e6rsti fj\u00f6l\u00e6ringar\u00e6ktandi Bretlands \u2013 leita\u00f0i a\u00f0sto\u00f0ar hj\u00e1 Tri-pack til a\u00f0 finna valkost vi\u00f0 n\u00faverandi svarta plastpl\u00f6ntur s\u00ednar ...\t\t<\/div>\n\n\t\t\t\t\t<a class=\"uael-post__read-more elementor-button\" href=\"https:\/\/tri-pack.co.uk\/is\/casestudies\/chapel-cottage-plants\/\" target=\"_self\" aria-labelledby=\"uael-post-2048\">\n\t\t\t\t\t<span class=\"elementor-button-content-wrapper\">\n\t\t\t\t\t\t\t\t\t\t\t\t\t\t<span class=\"elementor-button-icon elementor-align-icon-left\">\n\n\t\t\t\t\t\t\t\t\t\n\t\t\t\t\t\t\t\t<\/span>\n\t\t\t\t\t\t\t\t\t\t\t\t\t\n\t\t\t\t\t\t<span class=\"elementor-button-text\" id=\"uael-post-2048\">Lesa meira<\/span>\n\t\t\t\t\t<\/span>\n\t\t\t\t<\/a>\n\t\t\t\t\t\t<\/div>\n\t\t\t\n\t\t<\/div>\n\t\t\n\t<\/div>\n\n<\/div>\n\n<div class=\"uael-post-wrapper\">\n\t<div class=\"uael-post__bg-wrap uael-bg-wrap-disabled\">\n\n\t\t\t\t\n\t\t<div class=\"uael-post__inner-wrap uael-inner-wrap-disabled\">\n\n\t\t\t\t<div class=\"uael-post__thumbnail\">\n\t\t\t\n\t\t\t<a href=\"https:\/\/tri-pack.co.uk\/is\/casestudies\/midland-fish-co\/\" target=\"_self\" title=\"Midland Fish Co.\"><img decoding=\"async\" width=\"1096\" height=\"766\" data-src=\"https:\/\/tri-pack.co.uk\/wp-content\/uploads\/CS-midland-featured.jpg\" class=\"attachment-full size-full wp-image-1927 lazyload\" alt=\"Frystar fiskfl\u00f6k fr\u00e1 Midland s\u00fdndar \u00ed \u00fer\u00edpakkningum\" data-srcset=\"https:\/\/tri-pack.co.uk\/wp-content\/uploads\/CS-midland-featured.jpg 1096w, https:\/\/tri-pack.co.uk\/wp-content\/uploads\/CS-midland-featured-768x537.jpg 768w\" data-sizes=\"(max-width: 1096px) 100vw, 1096px\" src=\"data:image\/svg+xml;base64,PHN2ZyB3aWR0aD0iMSIgaGVpZ2h0PSIxIiB4bWxucz0iaHR0cDovL3d3dy53My5vcmcvMjAwMC9zdmciPjwvc3ZnPg==\" style=\"--smush-placeholder-width: 1096px; --smush-placeholder-aspect-ratio: 1096\/766;\" \/><\/a>\n\t\t\t\t\t<\/div>\n\t\t\n\t\t\t\n\t\t\t<div class=\"uael-post__content-wrap uael-content-wrap-disabled\">\n\t\t\t\t\t\t\t<div class=\"uael-post__terms-wrap\"><\/div>\n\t\t\t\t\t\t<h3 class=\"uael-post__title\">\n\n\t\t\n\t\t\t\t\t\t<a href=\"https:\/\/tri-pack.co.uk\/is\/casestudies\/midland-fish-co\/\" target=\"_self\">\n\t\t\t\tMidland Fish Co.\t\t\t<\/a>\n\n\t\t\t\t<\/h3>\n\t\t\n\t\t<div class=\"uael-post__excerpt\">\n\t\t\tMidland Fish Co, sem er sta\u00f0sett \u00ed Fleetwood \u2013 fiskvei\u00f0ih\u00f6fninni \u00ed nor\u00f0vesturhluta Englands, hefur unni\u00f0 \u00far og afhent ferskan fisk og sj\u00e1varfang daglega, ...\t\t<\/div>\n\n\t\t\t\t\t<a class=\"uael-post__read-more elementor-button\" href=\"https:\/\/tri-pack.co.uk\/is\/casestudies\/midland-fish-co\/\" target=\"_self\" aria-labelledby=\"uael-post-1963\">\n\t\t\t\t\t<span class=\"elementor-button-content-wrapper\">\n\t\t\t\t\t\t\t\t\t\t\t\t\t\t<span class=\"elementor-button-icon elementor-align-icon-left\">\n\n\t\t\t\t\t\t\t\t\t\n\t\t\t\t\t\t\t\t<\/span>\n\t\t\t\t\t\t\t\t\t\t\t\t\t\n\t\t\t\t\t\t<span class=\"elementor-button-text\" id=\"uael-post-1963\">Lesa meira<\/span>\n\t\t\t\t\t<\/span>\n\t\t\t\t<\/a>\n\t\t\t\t\t\t<\/div>\n\t\t\t\n\t\t<\/div>\n\t\t\n\t<\/div>\n\n<\/div>\n\t\t\t\t<\/div>\n\t\t\t\t\t\t\n\t\t<\/div>\n\n\t\t\t\t\t\t<\/div>\n\t\t<div class=\"uael-post__footer\">\n\t\t\t\t\t<\/div>\n\t\t\t\t\t\t<\/div>\n\t\t\t\t<\/div>\n\t\t\t\t\t<\/div>\n\t\t<\/div>\n\t\t\t\t\t<\/div>\n\t\t<\/section>\n\t\t\t\t<\/div>","protected":false},"excerpt":{"rendered":"<p>We have worked with customers from across the UK and Europe, and from a wide range of industries, over the course of our 50 years\u2019 history. From the seafood sector, to forestry and from herb growers to pharmaceutical businesses, we have a wide range of packaging success stories that we are proud of. Below, are [&hellip;]<\/p>\n","protected":false},"author":8,"featured_media":0,"parent":0,"menu_order":0,"comment_status":"closed","ping_status":"closed","template":"elementor_header_footer","meta":{"site-sidebar-layout":"no-sidebar","site-content-layout":"page-builder","ast-site-content-layout":"full-width-container","site-content-style":"default","site-sidebar-style":"default","ast-global-header-display":"","ast-banner-title-visibility":"","ast-main-header-display":"","ast-hfb-above-header-display":"","ast-hfb-below-header-display":"","ast-hfb-mobile-header-display":"","site-post-title":"disabled","ast-breadcrumbs-content":"","ast-featured-img":"disabled","footer-sml-layout":"","ast-disable-related-posts":"","theme-transparent-header-meta":"default","adv-header-id-meta":"","stick-header-meta":"","header-above-stick-meta":"","header-main-stick-meta":"","header-below-stick-meta":"","astra-migrate-meta-layouts":"set","ast-page-background-enabled":"default","ast-page-background-meta":{"desktop":{"background-color":"var(--ast-global-color-4)","background-image":"","background-repeat":"repeat","background-position":"center center","background-size":"auto","background-attachment":"scroll","background-type":"","background-media":"","overlay-type":"","overlay-color":"","overlay-opacity":"","overlay-gradient":""},"tablet":{"background-color":"","background-image":"","background-repeat":"repeat","background-position":"center center","background-size":"auto","background-attachment":"scroll","background-type":"","background-media":"","overlay-type":"","overlay-color":"","overlay-opacity":"","overlay-gradient":""},"mobile":{"background-color":"","background-image":"","background-repeat":"repeat","background-position":"center center","background-size":"auto","background-attachment":"scroll","background-type":"","background-media":"","overlay-type":"","overlay-color":"","overlay-opacity":"","overlay-gradient":""}},"ast-content-background-meta":{"desktop":{"background-color":"var(--ast-global-color-5)","background-image":"","background-repeat":"repeat","background-position":"center center","background-size":"auto","background-attachment":"scroll","background-type":"","background-media":"","overlay-type":"","overlay-color":"","overlay-opacity":"","overlay-gradient":""},"tablet":{"background-color":"var(--ast-global-color-5)","background-image":"","background-repeat":"repeat","background-position":"center center","background-size":"auto","background-attachment":"scroll","background-type":"","background-media":"","overlay-type":"","overlay-color":"","overlay-opacity":"","overlay-gradient":""},"mobile":{"background-color":"var(--ast-global-color-5)","background-image":"","background-repeat":"repeat","background-position":"center center","background-size":"auto","background-attachment":"scroll","background-type":"","background-media":"","overlay-type":"","overlay-color":"","overlay-opacity":"","overlay-gradient":""}},"footnotes":""},"class_list":["post-118","page","type-page","status-publish","hentry"],"_links":{"self":[{"href":"https:\/\/tri-pack.co.uk\/is\/wp-json\/wp\/v2\/pages\/118","targetHints":{"allow":["GET"]}}],"collection":[{"href":"https:\/\/tri-pack.co.uk\/is\/wp-json\/wp\/v2\/pages"}],"about":[{"href":"https:\/\/tri-pack.co.uk\/is\/wp-json\/wp\/v2\/types\/page"}],"author":[{"embeddable":true,"href":"https:\/\/tri-pack.co.uk\/is\/wp-json\/wp\/v2\/users\/8"}],"replies":[{"embeddable":true,"href":"https:\/\/tri-pack.co.uk\/is\/wp-json\/wp\/v2\/comments?post=118"}],"version-history":[{"count":23,"href":"https:\/\/tri-pack.co.uk\/is\/wp-json\/wp\/v2\/pages\/118\/revisions"}],"predecessor-version":[{"id":2577,"href":"https:\/\/tri-pack.co.uk\/is\/wp-json\/wp\/v2\/pages\/118\/revisions\/2577"}],"wp:attachment":[{"href":"https:\/\/tri-pack.co.uk\/is\/wp-json\/wp\/v2\/media?parent=118"}],"curies":[{"name":"wp","href":"https:\/\/api.w.org\/{rel}","templated":true}]}}