{"id":136,"date":"2024-06-07T12:16:35","date_gmt":"2024-06-07T11:16:35","guid":{"rendered":"https:\/\/tri-pack.co.uk\/?page_id=136"},"modified":"2025-01-06T11:00:09","modified_gmt":"2025-01-06T11:00:09","slug":"skilmalar","status":"publish","type":"page","link":"https:\/\/tri-pack.co.uk\/is\/terms-conditions\/","title":{"rendered":"Skilm\u00e1lar"},"content":{"rendered":"<div data-elementor-type=\"wp-page\" data-elementor-id=\"136\" class=\"elementor elementor-136\" data-elementor-post-type=\"page\">\n\t\t\t\t\t\t<section class=\"elementor-section elementor-top-section elementor-element elementor-element-c7a5885 elementor-section-boxed elementor-section-height-default elementor-section-height-default\" data-id=\"c7a5885\" data-element_type=\"section\" data-e-type=\"section\" data-settings=\"{&quot;background_background&quot;:&quot;classic&quot;}\">\n\t\t\t\t\t\t<div class=\"elementor-container elementor-column-gap-default\">\n\t\t\t\t\t<div class=\"elementor-column elementor-col-100 elementor-top-column elementor-element elementor-element-12eb49a\" data-id=\"12eb49a\" data-element_type=\"column\" data-e-type=\"column\">\n\t\t\t<div class=\"elementor-widget-wrap elementor-element-populated\">\n\t\t\t\t\t\t\t<\/div>\n\t\t<\/div>\n\t\t\t\t\t<\/div>\n\t\t<\/section>\n\t\t\t\t<section class=\"elementor-section elementor-top-section elementor-element elementor-element-f4a374b elementor-section-content-top elementor-section-boxed elementor-section-height-default elementor-section-height-default\" data-id=\"f4a374b\" data-element_type=\"section\" data-e-type=\"section\">\n\t\t\t\t\t\t<div class=\"elementor-container elementor-column-gap-wider\">\n\t\t\t\t\t<div class=\"elementor-column elementor-col-100 elementor-top-column elementor-element elementor-element-26acfd5\" data-id=\"26acfd5\" data-element_type=\"column\" data-e-type=\"column\">\n\t\t\t<div class=\"elementor-widget-wrap elementor-element-populated\">\n\t\t\t\t\t\t<div class=\"elementor-element elementor-element-209d880 elementor-widget elementor-widget-text-editor\" data-id=\"209d880\" data-element_type=\"widget\" data-e-type=\"widget\" data-widget_type=\"text-editor.default\">\n\t\t\t\t<div class=\"elementor-widget-container\">\n\t\t\t\t\t\t\t\t\t<p>Me\u00f0 \u00fev\u00ed a\u00f0 nota \u00feessa vefs\u00ed\u00f0u sam\u00feykkir \u00fe\u00fa a\u00f0 fara eftir og vera bundinn af eftirfarandi \u00fej\u00f3nustu- og notkunarskilm\u00e1lum. Vinsamlegast lestu eftirfarandi skilm\u00e1la \u00ed heild sinni og vertu viss um a\u00f0 \u00fe\u00fa skiljir \u00fe\u00e1 \u00e1\u00f0ur en \u00fe\u00fa notar og sko\u00f0ar \u00feessa vefs\u00ed\u00f0u.<\/p><p>Hugt\u00f6kin \u201eokkur\u201c, \u201evi\u00f0\u201c, \u201eokkar\u201c e\u00f0a \u201eeigendur\u201c v\u00edsa til \u201eTri-pack Packaging Systems Ltd\u201c og stj\u00f3rnenda \u00feessarar vefs\u00ed\u00f0u, <strong><a href=\"https:\/\/tri-pack.co.uk\/is\/\">www.tri-pack.co.uk<\/a><\/strong> \u201e\u00de\u00fa\u201c v\u00edsar til notanda e\u00f0a \u00e1horfanda \u00feessarar vefs\u00ed\u00f0u.<\/p><h3>H\u00f6fundarr\u00e9ttur<\/h3><p>Efni\u00f0 \u00ed heild sinni, \u00fear me\u00f0 tali\u00f0 texti, graf\u00edk, \u00fatlit og allur frumk\u00f3\u00f0i, tilheyrir eigendum vefs\u00ed\u00f0unnar. \u00deetta hugtak er vari\u00f0 af hugverkar\u00e9ttindum og h\u00f6fundarr\u00e9ttarl\u00f6gum. Afritun, endurdreifing, notkun e\u00f0a birting, hvort sem er \u00f3keypis e\u00f0a \u00ed fj\u00e1rhagslegum tilgangi, er stranglega b\u00f6nnu\u00f0. Sumt af efni s\u00ed\u00f0unnar er h\u00f6fundarr\u00e9ttarvari\u00f0 og leyfisbundi\u00f0 verk \u00feri\u00f0ja a\u00f0ila.<\/p><h3>Notkunarskilm\u00e1lar<\/h3><p>Efni \u00feessarar vefs\u00ed\u00f0u \u00ed heild sinni getur breyst \u00e1n fyrirvara. Tilgangur hennar er eing\u00f6ngu til almennrar uppl\u00fdsingagjafar.<\/p><p>Enginn a\u00f0ili \u00e1byrgist n\u00e1kv\u00e6mni, t\u00edmanlega notkun, frammist\u00f6\u00f0u, heilleika e\u00f0a hentugleika efnis og uppl\u00fdsinga \u00e1 \u00feessari s\u00ed\u00f0u. \u00de\u00fa vi\u00f0urkennir a\u00f0 villur e\u00f0a \u00f3n\u00e1kv\u00e6mni geta veri\u00f0 til sta\u00f0ar og a\u00f0 eigendur s\u00ed\u00f0unnar bera enga \u00e1byrg\u00f0 \u00e1 sl\u00edkum villum.<\/p><p>Eigendur vefs\u00ed\u00f0unnar bera ekki \u00e1byrg\u00f0 \u00e1 efni fr\u00e1 \u00feri\u00f0ja a\u00f0ila sem notendur kunna a\u00f0 birta \u00e1 s\u00ed\u00f0unni, e\u00f0a \u00e1 efni sem tengt er \u00e1 af \u00feessari vefs\u00ed\u00f0u, \u00fear \u00e1 me\u00f0al \u00f6\u00f0rum vefs\u00ed\u00f0um.<\/p><p>Notkun og sko\u00f0un uppl\u00fdsinga \u00e1 \u00feessari s\u00ed\u00f0u er \u00e1 \u00fe\u00edna eigin \u00e1byrg\u00f0. Eigendur vefs\u00ed\u00f0unnar bera ekki \u00e1byrg\u00f0 \u00e1 hugsanlegum aflei\u00f0ingum notkunar.<\/p><p>\u00d3heimil notkun \u00feessarar vefs\u00ed\u00f0u e\u00f0a efnis hennar getur leitt til ska\u00f0ab\u00f3takr\u00f6fu og\/e\u00f0a veri\u00f0 refsivert brot sem framfylgja m\u00e1 samkv\u00e6mt innlendum og al\u00fej\u00f3\u00f0legum l\u00f6gum.<\/p><p>Vi\u00f0 \u00e1skiljum okkur r\u00e9tt til a\u00f0 takmarka a\u00f0gang a\u00f0 \u00e1kve\u00f0num sv\u00e6\u00f0um vefs\u00ed\u00f0unnar a\u00f0 eigin vild. Ef \u00fe\u00fa sem notandi f\u00e6r\u00f0 notandanafn og lykilor\u00f0, e\u00f0a a\u00f0rar a\u00f0gangsuppl\u00fdsingar, er \u00fea\u00f0 \u00fe\u00edn \u00e1byrg\u00f0 a\u00f0 halda sl\u00edkum uppl\u00fdsingum tr\u00fana\u00f0i.<\/p><p>Eigendur vefs\u00ed\u00f0unnar bera ekki \u00e1byrg\u00f0 \u00e1 efni sem notendur b\u00faa til og bera enga \u00e1byrg\u00f0 \u00e1 brotum sem sl\u00edkt efni kann a\u00f0 vera.<\/p><p>Me\u00f0 \u00fev\u00ed a\u00f0 nota vefs\u00ed\u00f0u okkar sam\u00feykkir \u00fe\u00fa a\u00f0 vi\u00f0 megum setja vafrak\u00f6kur \u00e1 t\u00e6ki\u00f0 \u00feitt.<\/p>\t\t\t\t\t\t\t\t<\/div>\n\t\t\t\t<\/div>\n\t\t\t\t\t<\/div>\n\t\t<\/div>\n\t\t\t\t\t<\/div>\n\t\t<\/section>\n\t\t\t\t<\/div>","protected":false},"excerpt":{"rendered":"<p>By using this web site, you are agreeing to comply and be bound by the following terms of service and use. Please review the following terms in their entirety and ensure their comprehension before using and viewing this web site. The terms \u201cus\u201d, \u201cwe\u201d, \u201cour\u201d, or \u201cowners\u201d refers to \u201cTri-pack Packaging Systems Ltd\u201d and administrative [&hellip;]<\/p>\n","protected":false},"author":8,"featured_media":0,"parent":0,"menu_order":0,"comment_status":"closed","ping_status":"closed","template":"elementor_header_footer","meta":{"site-sidebar-layout":"no-sidebar","site-content-layout":"page-builder","ast-site-content-layout":"full-width-container","site-content-style":"default","site-sidebar-style":"default","ast-global-header-display":"","ast-banner-title-visibility":"","ast-main-header-display":"","ast-hfb-above-header-display":"","ast-hfb-below-header-display":"","ast-hfb-mobile-header-display":"","site-post-title":"disabled","ast-breadcrumbs-content":"","ast-featured-img":"disabled","footer-sml-layout":"","ast-disable-related-posts":"","theme-transparent-header-meta":"default","adv-header-id-meta":"","stick-header-meta":"","header-above-stick-meta":"","header-main-stick-meta":"","header-below-stick-meta":"","astra-migrate-meta-layouts":"set","ast-page-background-enabled":"default","ast-page-background-meta":{"desktop":{"background-color":"var(--ast-global-color-4)","background-image":"","background-repeat":"repeat","background-position":"center center","background-size":"auto","background-attachment":"scroll","background-type":"","background-media":"","overlay-type":"","overlay-color":"","overlay-opacity":"","overlay-gradient":""},"tablet":{"background-color":"","background-image":"","background-repeat":"repeat","background-position":"center center","background-size":"auto","background-attachment":"scroll","background-type":"","background-media":"","overlay-type":"","overlay-color":"","overlay-opacity":"","overlay-gradient":""},"mobile":{"background-color":"","background-image":"","background-repeat":"repeat","background-position":"center center","background-size":"auto","background-attachment":"scroll","background-type":"","background-media":"","overlay-type":"","overlay-color":"","overlay-opacity":"","overlay-gradient":""}},"ast-content-background-meta":{"desktop":{"background-color":"var(--ast-global-color-5)","background-image":"","background-repeat":"repeat","background-position":"center center","background-size":"auto","background-attachment":"scroll","background-type":"","background-media":"","overlay-type":"","overlay-color":"","overlay-opacity":"","overlay-gradient":""},"tablet":{"background-color":"var(--ast-global-color-5)","background-image":"","background-repeat":"repeat","background-position":"center center","background-size":"auto","background-attachment":"scroll","background-type":"","background-media":"","overlay-type":"","overlay-color":"","overlay-opacity":"","overlay-gradient":""},"mobile":{"background-color":"var(--ast-global-color-5)","background-image":"","background-repeat":"repeat","background-position":"center center","background-size":"auto","background-attachment":"scroll","background-type":"","background-media":"","overlay-type":"","overlay-color":"","overlay-opacity":"","overlay-gradient":""}},"footnotes":""},"class_list":["post-136","page","type-page","status-publish","hentry"],"_links":{"self":[{"href":"https:\/\/tri-pack.co.uk\/is\/wp-json\/wp\/v2\/pages\/136","targetHints":{"allow":["GET"]}}],"collection":[{"href":"https:\/\/tri-pack.co.uk\/is\/wp-json\/wp\/v2\/pages"}],"about":[{"href":"https:\/\/tri-pack.co.uk\/is\/wp-json\/wp\/v2\/types\/page"}],"author":[{"embeddable":true,"href":"https:\/\/tri-pack.co.uk\/is\/wp-json\/wp\/v2\/users\/8"}],"replies":[{"embeddable":true,"href":"https:\/\/tri-pack.co.uk\/is\/wp-json\/wp\/v2\/comments?post=136"}],"version-history":[{"count":6,"href":"https:\/\/tri-pack.co.uk\/is\/wp-json\/wp\/v2\/pages\/136\/revisions"}],"predecessor-version":[{"id":2172,"href":"https:\/\/tri-pack.co.uk\/is\/wp-json\/wp\/v2\/pages\/136\/revisions\/2172"}],"wp:attachment":[{"href":"https:\/\/tri-pack.co.uk\/is\/wp-json\/wp\/v2\/media?parent=136"}],"curies":[{"name":"wp","href":"https:\/\/api.w.org\/{rel}","templated":true}]}}