{"id":138,"date":"2024-06-07T12:16:45","date_gmt":"2024-06-07T11:16:45","guid":{"rendered":"https:\/\/tri-pack.co.uk\/?page_id=138"},"modified":"2025-01-06T11:00:08","modified_gmt":"2025-01-06T11:00:08","slug":"fridhelgi-einkalifs","status":"publish","type":"page","link":"https:\/\/tri-pack.co.uk\/is\/privacy\/","title":{"rendered":"Pers\u00f3nuverndarstefna"},"content":{"rendered":"<div data-elementor-type=\"wp-page\" data-elementor-id=\"138\" class=\"elementor elementor-138\" data-elementor-post-type=\"page\">\n\t\t\t\t\t\t<section class=\"elementor-section elementor-top-section elementor-element elementor-element-e8b9219 elementor-section-boxed elementor-section-height-default elementor-section-height-default\" data-id=\"e8b9219\" data-element_type=\"section\" data-e-type=\"section\">\n\t\t\t\t\t\t<div class=\"elementor-container elementor-column-gap-default\">\n\t\t\t\t\t<div class=\"elementor-column elementor-col-100 elementor-top-column elementor-element elementor-element-1e00f8a\" data-id=\"1e00f8a\" data-element_type=\"column\" data-e-type=\"column\">\n\t\t\t<div class=\"elementor-widget-wrap elementor-element-populated\">\n\t\t\t\t\t\t<div class=\"elementor-element elementor-element-ce0dfc0 elementor-widget elementor-widget-heading\" data-id=\"ce0dfc0\" data-element_type=\"widget\" data-e-type=\"widget\" data-widget_type=\"heading.default\">\n\t\t\t\t<div class=\"elementor-widget-container\">\n\t\t\t\t\t<h2 class=\"elementor-heading-title elementor-size-default\">Pers\u00f3nuverndarstefna<\/h2>\t\t\t\t<\/div>\n\t\t\t\t<\/div>\n\t\t\t\t\t<\/div>\n\t\t<\/div>\n\t\t\t\t\t<\/div>\n\t\t<\/section>\n\t\t\t\t<section class=\"elementor-section elementor-top-section elementor-element elementor-element-6921475 elementor-section-boxed elementor-section-height-default elementor-section-height-default\" data-id=\"6921475\" data-element_type=\"section\" data-e-type=\"section\">\n\t\t\t\t\t\t<div class=\"elementor-container elementor-column-gap-default\">\n\t\t\t\t\t<div class=\"elementor-column elementor-col-100 elementor-top-column elementor-element elementor-element-9a4605a\" data-id=\"9a4605a\" data-element_type=\"column\" data-e-type=\"column\">\n\t\t\t<div class=\"elementor-widget-wrap elementor-element-populated\">\n\t\t\t\t\t\t<div class=\"elementor-element elementor-element-8f681be elementor-widget elementor-widget-text-editor\" data-id=\"8f681be\" data-element_type=\"widget\" data-e-type=\"widget\" data-widget_type=\"text-editor.default\">\n\t\t\t\t<div class=\"elementor-widget-container\">\n\t\t\t\t\t\t\t\t\t<p>S\u00ed\u00f0ast uppf\u00e6rt 05-des-2024 <br \/>Gildistaka 05-des-2024 <br \/><br \/>\u00deessi pers\u00f3nuverndarstefna l\u00fdsir stefnu Tri-pack Packaging Systems Ltd, Estate Road No. 1, NE Lincolnshire DN31 2TB, Bretlandi St\u00f3ra-Bretlands og Nor\u00f0ur-\u00cdrlands (h\u00e9r eftir nefnt), netfang: mail@tri-pack.co.uk, s\u00edmi: 01472 355038 var\u00f0andi s\u00f6fnun, notkun og mi\u00f0lun uppl\u00fdsinga sem vi\u00f0 s\u00f6fnum \u00feegar \u00fe\u00fa notar vefs\u00ed\u00f0u okkar (https:\/\/tri-pack.co.uk). (h\u00e9r eftir nefnt \u201e\u00fej\u00f3nustan\u201c). Me\u00f0 \u00fev\u00ed a\u00f0 f\u00e1 a\u00f0gang a\u00f0 e\u00f0a nota \u00fej\u00f3nustuna sam\u00feykkir \u00fe\u00fa s\u00f6fnun, notkun og mi\u00f0lun uppl\u00fdsinga \u00feinna \u00ed samr\u00e6mi vi\u00f0 \u00feessa pers\u00f3nuverndarstefnu. Ef \u00fe\u00fa sam\u00feykkir ekki \u00fea\u00f0 skaltu ekki f\u00e1 a\u00f0gang a\u00f0 e\u00f0a nota \u00fej\u00f3nustuna. <br \/>Vi\u00f0 getum breytt \u00feessari pers\u00f3nuverndarstefnu hven\u00e6r sem er \u00e1n fyrirvara til \u00fe\u00edn og munum birta endursko\u00f0a\u00f0a pers\u00f3nuverndarstefnu \u00ed \u00fej\u00f3nustunni. Endursko\u00f0a\u00f0a stefnan tekur gildi \u00ed 180 daga fr\u00e1 \u00fev\u00ed a\u00f0 h\u00fan er birt \u00ed \u00fej\u00f3nustunni og \u00e1framhaldandi a\u00f0gangur \u00feinn e\u00f0a notkun \u00e1 \u00fej\u00f3nustunni eftir \u00feann t\u00edma jafngildir sam\u00feykki \u00fe\u00ednu \u00e1 endursko\u00f0a\u00f0ri pers\u00f3nuverndarstefnu. Vi\u00f0 m\u00e6lum \u00fev\u00ed me\u00f0 a\u00f0 \u00fe\u00fa sko\u00f0ir \u00feessa s\u00ed\u00f0u reglulega. <br \/><br \/><strong>Uppl\u00fdsingar sem vi\u00f0 s\u00f6fnum:<\/strong> <\/p><p>Vi\u00f0 munum safna og vinna \u00far eftirfarandi pers\u00f3nuuppl\u00fdsingum um \u00feig:<\/p><ul><li>Nafn<\/li><li>T\u00f6lvup\u00f3stur<\/li><li>Fars\u00edmi<\/li><li>Vinnufang<\/li><\/ul><p><strong>Hvernig vi\u00f0 notum uppl\u00fdsingar \u00fe\u00ednar:<\/strong> <\/p><p>Vi\u00f0 munum nota uppl\u00fdsingarnar sem vi\u00f0 s\u00f6fnum um \u00feig \u00ed eftirfarandi tilgangi: <br \/><br \/><\/p><ul><li>Marka\u00f0ssetning\/kynning<\/li><li>Me\u00f0m\u00e6li<\/li><li>S\u00f6fnun \u00e1bendinga vi\u00f0skiptavina<\/li><li>Framfylgja skilm\u00e1lum<\/li><li>Stu\u00f0ningur<\/li><li>Uppl\u00fdsingar um stj\u00f3rns\u00fdslu<\/li><li>Markviss augl\u00fdsing<\/li><li>Verndun sv\u00e6\u00f0is<\/li><li>Lausn deilum\u00e1la<\/li><\/ul><p>Ef vi\u00f0 viljum nota uppl\u00fdsingar \u00fe\u00ednar \u00ed \u00f6\u00f0rum tilgangi munum vi\u00f0 bi\u00f0ja \u00feig um sam\u00feykki og munum a\u00f0eins nota uppl\u00fdsingarnar \u00fe\u00ednar a\u00f0 fengnu sam\u00feykki \u00fe\u00ednu og \u00fe\u00e1 a\u00f0eins \u00ed \u00feeim tilgangi sem \u00fe\u00fa veitir sam\u00feykki\u00f0 fyrir, nema vi\u00f0 s\u00e9um skyldug til a\u00f0 gera anna\u00f0 samkv\u00e6mt l\u00f6gum. <br \/><br \/><strong>Hvernig vi\u00f0 deilum uppl\u00fdsingum \u00fe\u00ednum:<\/strong> <\/p><p>Vi\u00f0 munum ekki mi\u00f0la pers\u00f3nuuppl\u00fdsingum \u00fe\u00ednum til neins \u00feri\u00f0ja a\u00f0ila \u00e1n \u00feess a\u00f0 leita sam\u00feykkis \u00fe\u00edns, nema \u00ed takm\u00f6rku\u00f0um tilvikum eins og l\u00fdst er h\u00e9r a\u00f0 ne\u00f0an:<\/p><ul><li>Augl\u00fdsinga\u00fej\u00f3nusta<\/li><li>Marka\u00f0sstofur<\/li><li>L\u00f6ga\u00f0ilar<\/li><li>Greiningar<\/li><li>Gagnas\u00f6fnun og ferli<\/li><\/ul><p>Vi\u00f0 krefjumst \u00feess a\u00f0 sl\u00edkir \u00feri\u00f0ju a\u00f0ilar noti pers\u00f3nuuppl\u00fdsingarnar sem vi\u00f0 flytjum til \u00feeirra eing\u00f6ngu \u00ed \u00feeim tilgangi sem \u00fe\u00e6r voru fluttar \u00ed og geymi \u00fe\u00e6r ekki lengur en \u00fe\u00f6rf krefur til a\u00f0 uppfylla umr\u00e6ddan tilgang. <\/p><p>Vi\u00f0 g\u00e6tum einnig afhent pers\u00f3nuuppl\u00fdsingar \u00fe\u00ednar \u00ed eftirfarandi tilgangi: (1) til a\u00f0 fara a\u00f0 gildandi l\u00f6gum, regluger\u00f0um, d\u00f3ms\u00farskur\u00f0i e\u00f0a \u00f6\u00f0rum lagalegum ferlum; (2) til a\u00f0 framfylgja samningum \u00fe\u00ednum vi\u00f0 okkur, \u00fear \u00e1 me\u00f0al \u00feessari pers\u00f3nuverndarstefnu; e\u00f0a (3) til a\u00f0 breg\u00f0ast vi\u00f0 kr\u00f6fum um a\u00f0 notkun \u00fe\u00edn \u00e1 \u00fej\u00f3nustunni brj\u00f3ti gegn r\u00e9ttindum \u00feri\u00f0ja a\u00f0ila. Ef \u00fej\u00f3nustan e\u00f0a fyrirt\u00e6ki okkar er sameina\u00f0 e\u00f0a keypt af \u00f6\u00f0ru fyrirt\u00e6ki, ver\u00f0a uppl\u00fdsingar \u00fe\u00ednar ein af \u00feeim eignum sem flytjast til n\u00fdja eigandans. <br \/><br \/><strong>Var\u00f0veisla uppl\u00fdsinga \u00feinna:<\/strong> <\/p><p>Vi\u00f0 munum geyma pers\u00f3nuuppl\u00fdsingar \u00fe\u00ednar hj\u00e1 okkur \u00ed 90 daga til 2 \u00e1r eftir a\u00f0 notendur loka reikningum s\u00ednum e\u00f0a eins lengi og vi\u00f0 \u00feurfum \u00fe\u00e6r til a\u00f0 uppfylla tilganginn sem \u00fe\u00e6r voru safna\u00f0ar fyrir, eins og l\u00fdst er \u00ed \u00feessari pers\u00f3nuverndarstefnu. Vi\u00f0 g\u00e6tum \u00feurft a\u00f0 geyma \u00e1kve\u00f0nar uppl\u00fdsingar \u00ed lengri t\u00edma, svo sem til skr\u00e1ningar\/sk\u00fdrsluger\u00f0ar \u00ed samr\u00e6mi vi\u00f0 gildandi l\u00f6g e\u00f0a af \u00f6\u00f0rum l\u00f6gm\u00e6tum \u00e1st\u00e6\u00f0um, svo sem til a\u00f0 framfylgja lagalegum r\u00e9ttindum, til a\u00f0 koma \u00ed veg fyrir svik o.s.frv. Nafnlausar uppl\u00fdsingar og samanlag\u00f0ar uppl\u00fdsingar, sem hvorki au\u00f0kenna \u00feig (beint n\u00e9 \u00f3beint), kunna a\u00f0 vera geymdar um \u00f3\u00e1kve\u00f0inn t\u00edma. <br \/><br \/><strong>R\u00e9ttindi \u00fe\u00edn:<\/strong> <\/p><p>Eftir \u00fev\u00ed hva\u00f0a l\u00f6g gilda g\u00e6tir \u00fe\u00fa \u00e1tt r\u00e9tt \u00e1 a\u00f0gangi a\u00f0 og lei\u00f0r\u00e9ttingu e\u00f0a ey\u00f0ingu pers\u00f3nuuppl\u00fdsinga \u00feinna e\u00f0a a\u00f0 f\u00e1 afrit af \u00feeim, takmarka\u00f0 e\u00f0a m\u00f3tm\u00e6lt virkri vinnslu gagna \u00feinna, be\u00f0i\u00f0 okkur um a\u00f0 deila (flytja) pers\u00f3nuuppl\u00fdsingar \u00fe\u00ednar til annars a\u00f0ila, afturkalla\u00f0 sam\u00feykki sem \u00fe\u00fa hefur veitt okkur til a\u00f0 vinna \u00far g\u00f6gnum \u00fe\u00ednum, r\u00e9tt til a\u00f0 leggja fram kv\u00f6rtun til l\u00f6gb\u00e6rs yfirvalds og \u00f6nnur r\u00e9ttindi sem kunna a\u00f0 gilda samkv\u00e6mt gildandi l\u00f6gum. Til a\u00f0 n\u00fdta \u00feessi r\u00e9ttindi getur \u00fe\u00fa skrifa\u00f0 okkur \u00e1 netfangi\u00f0 mail@tri-pack.co.uk. Vi\u00f0 munum svara bei\u00f0ni \u00feinni \u00ed samr\u00e6mi vi\u00f0 gildandi l\u00f6g. <br \/>Athugi\u00f0 a\u00f0 ef \u00fe\u00fa leyfir okkur ekki a\u00f0 safna e\u00f0a vinna \u00far nau\u00f0synlegum pers\u00f3nuuppl\u00fdsingum e\u00f0a afturkallar sam\u00feykki \u00feitt fyrir vinnslu \u00feeirra \u00ed tilskildum tilgangi, g\u00e6tir\u00f0u ekki geta\u00f0 fengi\u00f0 a\u00f0gang a\u00f0 e\u00f0a nota\u00f0 \u00fe\u00e1 \u00fej\u00f3nustu sem uppl\u00fdsingar \u00fe\u00ednar voru s\u00f3ttar um fyrir. <br \/><br \/><strong>Sm\u00e1k\u00f6kur o.s.frv.<\/strong> <\/p><p>Til a\u00f0 f\u00e1 frekari uppl\u00fdsingar um hvernig vi\u00f0 notum \u00feetta og val \u00feitt \u00ed tengslum vi\u00f0 \u00feessa rakningart\u00e6kni, vinsamlegast sko\u00f0i\u00f0 okkar <span style=\"text-decoration: underline;\"><a href=\"#cookies\">Vafrak\u00f6kustefna<\/a><\/span>. <br \/><br \/><strong>\u00d6ryggi:<\/strong> <\/p><p>\u00d6ryggi uppl\u00fdsinga \u00feinna er okkur mikilv\u00e6gt og vi\u00f0 munum nota sanngjarnar \u00f6ryggisr\u00e1\u00f0stafanir til a\u00f0 koma \u00ed veg fyrir tap, misnotkun e\u00f0a \u00f3heimilar breytingar \u00e1 uppl\u00fdsingum \u00fe\u00ednum sem eru undir okkar stj\u00f3rn. Hins vegar, vegna \u00feeirrar \u00e1h\u00e6ttu sem fylgir, getum vi\u00f0 ekki \u00e1byrgst algj\u00f6rt \u00f6ryggi og \u00fear af lei\u00f0andi getum vi\u00f0 ekki tryggt e\u00f0a \u00e1byrgst \u00f6ryggi uppl\u00fdsinga sem \u00fe\u00fa sendir okkur og \u00fe\u00fa gerir \u00fea\u00f0 \u00e1 eigin \u00e1byrg\u00f0. <br \/><br \/><strong>Tenglar \u00feri\u00f0ja a\u00f0ila og notkun uppl\u00fdsinga \u00feinna:<\/strong> <\/p><p>\u00dej\u00f3nusta okkar kann a\u00f0 innihalda tengla \u00e1 a\u00f0rar vefs\u00ed\u00f0ur sem vi\u00f0 rekum ekki. \u00deessi pers\u00f3nuverndarstefna fjallar ekki um pers\u00f3nuverndarstefnu e\u00f0a a\u00f0ra starfsh\u00e6tti \u00feri\u00f0ja a\u00f0ila, \u00fear me\u00f0 tali\u00f0 \u00feri\u00f0ja a\u00f0ila sem reka vefs\u00ed\u00f0ur e\u00f0a \u00fej\u00f3nustu sem a\u00f0gengileg er \u00ed gegnum tengil \u00e1 \u00fej\u00f3nustunni. Vi\u00f0 r\u00e1\u00f0leggjum \u00fe\u00e9r eindregi\u00f0 a\u00f0 lesa pers\u00f3nuverndarstefnu hverrar s\u00ed\u00f0u sem \u00fe\u00fa heims\u00e6kir. Vi\u00f0 h\u00f6fum enga stj\u00f3rn \u00e1 og berum enga \u00e1byrg\u00f0 \u00e1 efni, pers\u00f3nuverndarstefnu e\u00f0a starfsh\u00e1ttum vefs\u00ed\u00f0na e\u00f0a \u00fej\u00f3nustu \u00feri\u00f0ja a\u00f0ila. <br \/><br \/><strong>Kv\u00f6rtunar- \/ Pers\u00f3nuverndarfulltr\u00fai:<\/strong> <\/p><p>Ef \u00fe\u00fa hefur einhverjar fyrirspurnir e\u00f0a \u00e1hyggjur var\u00f0andi vinnslu uppl\u00fdsinga sem vi\u00f0 h\u00f6fum a\u00f0gang a\u00f0, getur \u00fe\u00fa sent t\u00f6lvup\u00f3st til kv\u00f6rtunarfulltr\u00faa okkar \u00e1 Tri-pack Packaging Systems Ltd, Estate Road No. 1, \u00e1 netfanginu: mail@tri-pack.co.uk. Vi\u00f0 munum taka \u00e1bendingar \u00fe\u00ednar \u00ed samr\u00e6mi vi\u00f0 gildandi l\u00f6g.<\/p>\t\t\t\t\t\t\t\t<\/div>\n\t\t\t\t<\/div>\n\t\t\t\t\t<\/div>\n\t\t<\/div>\n\t\t\t\t\t<\/div>\n\t\t<\/section>\n\t\t\t\t<section class=\"elementor-section elementor-top-section elementor-element elementor-element-1fd592d elementor-section-boxed elementor-section-height-default elementor-section-height-default\" data-id=\"1fd592d\" data-element_type=\"section\" data-e-type=\"section\" id=\"cookies\">\n\t\t\t\t\t\t<div class=\"elementor-container elementor-column-gap-default\">\n\t\t\t\t\t<div class=\"elementor-column elementor-col-100 elementor-top-column elementor-element elementor-element-0871ebb\" data-id=\"0871ebb\" data-element_type=\"column\" data-e-type=\"column\">\n\t\t\t<div class=\"elementor-widget-wrap elementor-element-populated\">\n\t\t\t\t\t\t<div class=\"elementor-element elementor-element-a323b98 elementor-widget elementor-widget-text-editor\" data-id=\"a323b98\" data-element_type=\"widget\" data-e-type=\"widget\" data-widget_type=\"text-editor.default\">\n\t\t\t\t<div class=\"elementor-widget-container\">\n\t\t\t\t\t\t\t\t\t<h3>Vafrak\u00f6kustefna<\/h3><p>Gildistaka: 05-des-2024<br \/>S\u00ed\u00f0ast uppf\u00e6rt: 05-des-2024<\/p><p><strong>Hva\u00f0 eru sm\u00e1k\u00f6kur?<\/strong><\/p><p>\u00deessi vafrak\u00f6kustefna \u00fatsk\u00fdrir hva\u00f0 vafrak\u00f6kur eru og hvernig vi\u00f0 notum \u00fe\u00e6r, hvers konar vafrak\u00f6kur vi\u00f0 notum, \u00fe.e. hva\u00f0a uppl\u00fdsingar vi\u00f0 s\u00f6fnum me\u00f0 vafrak\u00f6kum og hvernig \u00fe\u00e6r uppl\u00fdsingar eru nota\u00f0ar og hvernig \u00e1 a\u00f0 stj\u00f3rna vafrak\u00f6kustillingum.<\/p><p>Vafrak\u00f6kur eru litlar textaskr\u00e1r sem eru nota\u00f0ar til a\u00f0 geyma litlar uppl\u00fdsingar. \u00de\u00e6r eru geymdar \u00e1 t\u00e6kinu \u00fe\u00ednu \u00feegar vefs\u00ed\u00f0an er hla\u00f0in inn \u00ed vafrann \u00feinn. \u00deessar vafrak\u00f6kur hj\u00e1lpa okkur a\u00f0 tryggja a\u00f0 vefs\u00ed\u00f0an virki r\u00e9tt, gera hana \u00f6ruggari, veita betri notendaupplifun og skilja hvernig vefs\u00ed\u00f0an virkar og greina hva\u00f0 virkar og hvar \u00fearfnast \u00farb\u00f3ta.<\/p><p><strong>Hvernig notum vi\u00f0 vafrak\u00f6kur?<\/strong><br \/><span style=\"font-style: inherit; font-weight: inherit; color: var( --e-global-color-text ); font-family: var( --e-global-typography-text-font-family ), Sans-serif; background-color: var(--ast-global-color-5);\">Eins og flestar a\u00f0rar net\u00fej\u00f3nustur notar vefs\u00ed\u00f0a okkar vafrak\u00f6kur fr\u00e1 fyrsta og \u00feri\u00f0ja a\u00f0ila \u00ed \u00fdmsum tilgangi. Vafrak\u00f6kur fr\u00e1 fyrsta a\u00f0ila eru a\u00f0 mestu leyti nau\u00f0synlegar til a\u00f0 vefs\u00ed\u00f0an virki r\u00e9tt og \u00fe\u00e6r safna ekki neinum pers\u00f3nugreinanlegum g\u00f6gnum um \u00feig.<\/span><\/p><p>Vafrak\u00f6kur fr\u00e1 \u00feri\u00f0ja a\u00f0ila sem nota\u00f0ar eru \u00e1 vefs\u00ed\u00f0u okkar eru a\u00f0allega til a\u00f0 skilja hvernig vefs\u00ed\u00f0an virkar, hvernig \u00fe\u00fa hefur samskipti vi\u00f0 hana, tryggja \u00f6ryggi \u00fej\u00f3nustu okkar, birta augl\u00fdsingar sem eru vi\u00f0eigandi fyrir \u00feig og \u00ed heildina veita \u00fe\u00e9r betri og b\u00e6tta notendaupplifun og hj\u00e1lpa til vi\u00f0 a\u00f0 fl\u00fdta fyrir framt\u00ed\u00f0arsamskiptum \u00fe\u00ednum vi\u00f0 vefs\u00ed\u00f0u okkar.<\/p><p><strong><span style=\"font-style: inherit; color: var( --e-global-color-text ); font-family: var( --e-global-typography-text-font-family ), Sans-serif; background-color: var(--ast-global-color-5);\">Tegundir vafrak\u00f6kur sem vi\u00f0 notum\u00a0<\/span><\/strong><\/p><div class=\"cky-audit-table-element\">\u00a0<\/div><p><span style=\"font-style: inherit; font-weight: inherit; color: var( --e-global-color-text ); font-family: var( --e-global-typography-text-font-family ), Sans-serif; background-color: var(--ast-global-color-5);\"><strong>Stillingar fyrir vafrak\u00f6kur<\/strong><br \/><\/span><\/p><p><a class=\"cky-banner-element\">Stillingar fyrir vafrak\u00f6kur<\/a> <\/p><p><span style=\"font-style: inherit; font-weight: inherit; color: var( --e-global-color-text ); font-family: var( --e-global-typography-text-font-family ), Sans-serif; background-color: var(--ast-global-color-5);\">\u00de\u00fa getur breytt stillingum \u00fe\u00ednum fyrir vafrak\u00f6kur hven\u00e6r sem er me\u00f0 \u00fev\u00ed a\u00f0 smella \u00e1 hnappinn h\u00e9r a\u00f0 ofan. \u00deetta gerir \u00fe\u00e9r kleift a\u00f0 sko\u00f0a sam\u00feykkisbor\u00f0ann fyrir vafrak\u00f6kur aftur og breyta stillingum \u00fe\u00ednum e\u00f0a afturkalla sam\u00feykki \u00feitt strax.<\/span><\/p><p>Auk \u00feessa bj\u00f3\u00f0a mismunandi vafrar upp \u00e1 mismunandi a\u00f0fer\u00f0ir til a\u00f0 loka fyrir og ey\u00f0a vafrak\u00f6kum sem vefs\u00ed\u00f0ur nota. \u00de\u00fa getur breytt stillingum vafrans \u00fe\u00edns til a\u00f0 loka fyrir\/ey\u00f0a vafrak\u00f6kum. H\u00e9r a\u00f0 ne\u00f0an eru tenglar \u00e1 fylgiskj\u00f6l um hvernig \u00e1 a\u00f0 stj\u00f3rna og ey\u00f0a vafrak\u00f6kum \u00far helstu v\u00f6frum.<\/p><p>Kr\u00f3m: https:\/\/support.google.com\/accounts\/answer\/32050<\/p><p>Safari: https:\/\/support.apple.com\/en-in\/guide\/safari\/sfri11471\/mac<\/p><p>Firefox: https:\/\/support.mozilla.org\/en-US\/kb\/clear-cookies-and-site-data-firefox?redirectslug=delete-cookies-remove-info-websites-stored&amp;redirectlocale=en-US<\/p><p>Internet Explorer: https:\/\/support.microsoft.com\/en-us\/topic\/how-to-delete-cookie-files-in-internet-explorer-bca9446f-d873-78de-77ba-d42645fa52fc<\/p><p>Ef \u00fe\u00fa notar annan vafra skaltu sko\u00f0a opinber hj\u00e1lparskj\u00f6l vafrans.<\/p>\t\t\t\t\t\t\t\t<\/div>\n\t\t\t\t<\/div>\n\t\t\t\t\t<\/div>\n\t\t<\/div>\n\t\t\t\t\t<\/div>\n\t\t<\/section>\n\t\t\t\t<\/div>","protected":false},"excerpt":{"rendered":"<p>Privacy Policy Last Updated On 05-Dec-2024 Effective Date 05-Dec-2024 This Privacy Policy describes the policies of Tri-pack Packaging Systems Ltd, Estate Road No. 1, N. E. Lincolnshire DN31 2TB, United Kingdom of Great Britain and Northern Ireland (the), email: mail@tri-pack.co.uk, phone: 01472 355038 on the collection, use and disclosure of your information that we collect [&hellip;]<\/p>\n","protected":false},"author":8,"featured_media":0,"parent":0,"menu_order":0,"comment_status":"closed","ping_status":"closed","template":"elementor_header_footer","meta":{"site-sidebar-layout":"no-sidebar","site-content-layout":"page-builder","ast-site-content-layout":"full-width-container","site-content-style":"default","site-sidebar-style":"default","ast-global-header-display":"","ast-banner-title-visibility":"","ast-main-header-display":"","ast-hfb-above-header-display":"","ast-hfb-below-header-display":"","ast-hfb-mobile-header-display":"","site-post-title":"disabled","ast-breadcrumbs-content":"","ast-featured-img":"disabled","footer-sml-layout":"","ast-disable-related-posts":"","theme-transparent-header-meta":"default","adv-header-id-meta":"","stick-header-meta":"","header-above-stick-meta":"","header-main-stick-meta":"","header-below-stick-meta":"","astra-migrate-meta-layouts":"set","ast-page-background-enabled":"default","ast-page-background-meta":{"desktop":{"background-color":"var(--ast-global-color-4)","background-image":"","background-repeat":"repeat","background-position":"center center","background-size":"auto","background-attachment":"scroll","background-type":"","background-media":"","overlay-type":"","overlay-color":"","overlay-opacity":"","overlay-gradient":""},"tablet":{"background-color":"","background-image":"","background-repeat":"repeat","background-position":"center center","background-size":"auto","background-attachment":"scroll","background-type":"","background-media":"","overlay-type":"","overlay-color":"","overlay-opacity":"","overlay-gradient":""},"mobile":{"background-color":"","background-image":"","background-repeat":"repeat","background-position":"center center","background-size":"auto","background-attachment":"scroll","background-type":"","background-media":"","overlay-type":"","overlay-color":"","overlay-opacity":"","overlay-gradient":""}},"ast-content-background-meta":{"desktop":{"background-color":"var(--ast-global-color-5)","background-image":"","background-repeat":"repeat","background-position":"center center","background-size":"auto","background-attachment":"scroll","background-type":"","background-media":"","overlay-type":"","overlay-color":"","overlay-opacity":"","overlay-gradient":""},"tablet":{"background-color":"var(--ast-global-color-5)","background-image":"","background-repeat":"repeat","background-position":"center center","background-size":"auto","background-attachment":"scroll","background-type":"","background-media":"","overlay-type":"","overlay-color":"","overlay-opacity":"","overlay-gradient":""},"mobile":{"background-color":"var(--ast-global-color-5)","background-image":"","background-repeat":"repeat","background-position":"center center","background-size":"auto","background-attachment":"scroll","background-type":"","background-media":"","overlay-type":"","overlay-color":"","overlay-opacity":"","overlay-gradient":""}},"footnotes":""},"class_list":["post-138","page","type-page","status-publish","hentry"],"_links":{"self":[{"href":"https:\/\/tri-pack.co.uk\/is\/wp-json\/wp\/v2\/pages\/138","targetHints":{"allow":["GET"]}}],"collection":[{"href":"https:\/\/tri-pack.co.uk\/is\/wp-json\/wp\/v2\/pages"}],"about":[{"href":"https:\/\/tri-pack.co.uk\/is\/wp-json\/wp\/v2\/types\/page"}],"author":[{"embeddable":true,"href":"https:\/\/tri-pack.co.uk\/is\/wp-json\/wp\/v2\/users\/8"}],"replies":[{"embeddable":true,"href":"https:\/\/tri-pack.co.uk\/is\/wp-json\/wp\/v2\/comments?post=138"}],"version-history":[{"count":20,"href":"https:\/\/tri-pack.co.uk\/is\/wp-json\/wp\/v2\/pages\/138\/revisions"}],"predecessor-version":[{"id":2196,"href":"https:\/\/tri-pack.co.uk\/is\/wp-json\/wp\/v2\/pages\/138\/revisions\/2196"}],"wp:attachment":[{"href":"https:\/\/tri-pack.co.uk\/is\/wp-json\/wp\/v2\/media?parent=138"}],"curies":[{"name":"wp","href":"https:\/\/api.w.org\/{rel}","templated":true}]}}