{"id":2205,"date":"2025-01-14T11:33:04","date_gmt":"2025-01-14T11:33:04","guid":{"rendered":"https:\/\/tri-pack.co.uk\/?page_id=2205"},"modified":"2025-02-13T14:17:08","modified_gmt":"2025-02-13T14:17:08","slug":"synishornspakki","status":"publish","type":"page","link":"https:\/\/tri-pack.co.uk\/is\/sample-pack\/","title":{"rendered":"Coolseal s\u00fdnishornspakki"},"content":{"rendered":"<div data-elementor-type=\"wp-page\" data-elementor-id=\"2205\" class=\"elementor elementor-2205\" data-elementor-post-type=\"page\">\n\t\t\t\t\t\t<section class=\"elementor-section elementor-top-section elementor-element elementor-element-38af12a elementor-section-boxed elementor-section-height-default elementor-section-height-default\" data-id=\"38af12a\" data-element_type=\"section\" data-e-type=\"section\" data-settings=\"{&quot;background_background&quot;:&quot;classic&quot;}\">\n\t\t\t\t\t\t<div class=\"elementor-container elementor-column-gap-default\">\n\t\t\t\t\t<div class=\"elementor-column elementor-col-100 elementor-top-column elementor-element elementor-element-25f807e\" data-id=\"25f807e\" data-element_type=\"column\" data-e-type=\"column\">\n\t\t\t<div class=\"elementor-widget-wrap elementor-element-populated\">\n\t\t\t\t\t\t<div class=\"elementor-element elementor-element-34bed25 elementor-widget elementor-widget-heading\" data-id=\"34bed25\" data-element_type=\"widget\" data-e-type=\"widget\" data-widget_type=\"heading.default\">\n\t\t\t\t<div class=\"elementor-widget-container\">\n\t\t\t\t\t<h1 class=\"elementor-heading-title elementor-size-default\">Coolseal s\u00fdnishornspakki<\/h1>\t\t\t\t<\/div>\n\t\t\t\t<\/div>\n\t\t\t\t\t<\/div>\n\t\t<\/div>\n\t\t\t\t\t<\/div>\n\t\t<\/section>\n\t\t\t\t<section class=\"elementor-section elementor-top-section elementor-element elementor-element-d8151fe elementor-section-content-top elementor-section-boxed elementor-section-height-default elementor-section-height-default\" data-id=\"d8151fe\" data-element_type=\"section\" data-e-type=\"section\">\n\t\t\t\t\t\t<div class=\"elementor-container elementor-column-gap-wider\">\n\t\t\t\t\t<div class=\"elementor-column elementor-col-66 elementor-top-column elementor-element elementor-element-a54ce22\" data-id=\"a54ce22\" data-element_type=\"column\" data-e-type=\"column\">\n\t\t\t<div class=\"elementor-widget-wrap elementor-element-populated\">\n\t\t\t\t\t\t<div class=\"elementor-element elementor-element-3f7f919f elementor-widget elementor-widget-heading\" data-id=\"3f7f919f\" data-element_type=\"widget\" data-e-type=\"widget\" data-widget_type=\"heading.default\">\n\t\t\t\t<div class=\"elementor-widget-container\">\n\t\t\t\t\t<h2 class=\"elementor-heading-title elementor-size-default\">\u00deakka \u00fe\u00e9r fyrir a\u00f0 panta s\u00fdnishornspakka fr\u00e1 Coolseal fyrir sj\u00e1varafur\u00f0ir<\/h2>\t\t\t\t<\/div>\n\t\t\t\t<\/div>\n\t\t\t\t<div class=\"elementor-element elementor-element-dc659b8 elementor-widget__width-initial elementor-widget elementor-widget-text-editor\" data-id=\"dc659b8\" data-element_type=\"widget\" data-e-type=\"widget\" data-widget_type=\"text-editor.default\">\n\t\t\t\t<div class=\"elementor-widget-container\">\n\t\t\t\t\t\t\t\t\t<p>Marka\u00f0slei\u00f0andi valkostur vi\u00f0 p\u00f3l\u00fdst\u00fdren og f\u00f3\u00f0ra\u00f0a heilpl\u00f6tu<\/p>\t\t\t\t\t\t\t\t<\/div>\n\t\t\t\t<\/div>\n\t\t\t\t<div class=\"elementor-element elementor-element-2e8422c elementor-widget elementor-widget-text-editor\" data-id=\"2e8422c\" data-element_type=\"widget\" data-e-type=\"widget\" data-widget_type=\"text-editor.default\">\n\t\t\t\t<div class=\"elementor-widget-container\">\n\t\t\t\t\t\t\t\t\t<p>Vi\u00f0 vonum a\u00f0 \u00fe\u00e9r l\u00edki s\u00fdnishornin af Coolseal sj\u00e1varafur\u00f0aumb\u00fa\u00f0unum sem \u00fe\u00fa hefur fengi\u00f0! S\u00e9rsni\u00f0nu s\u00fdnishornspakkarnir okkar innihalda s\u00fdnishorn \u00far \u00f6llu venjulegu lager\u00farvali okkar, fr\u00e1 3 kg upp \u00ed 20 kg.<\/p><p>Hvort sem \u00fe\u00fa ert a\u00f0 leita a\u00f0 leka\u00fe\u00e9ttum e\u00f0a fr\u00e1rennslislausnum, e\u00f0a umb\u00fa\u00f0um fyrir ferskan fisk e\u00f0a skelfisk, \u00fe\u00e1 er til kassi innan marka\u00f0slei\u00f0andi \u00farvals okkar fyrir sj\u00e1varafur\u00f0astarfsemi \u00fe\u00edna.<\/p><p>\u00dearftu prenta\u00f0a kassa? Ekki vandam\u00e1l. \u00dearftu s\u00e9rsni\u00f0na st\u00e6r\u00f0 e\u00f0a h\u00f6nnun? Vi\u00f0 getum l\u00edka a\u00f0sto\u00f0a\u00f0 vi\u00f0 \u00fea\u00f0.<\/p><p>Treystu ekki okkur fyrir \u00fev\u00ed um kosti umb\u00fa\u00f0a okkar, horf\u00f0u \u00e1 myndbandi\u00f0 h\u00e9r a\u00f0 ne\u00f0an og sj\u00e1\u00f0u hva\u00f0 vi\u00f0skiptavinum okkar finnst um Coolseal\u2026<\/p>\t\t\t\t\t\t\t\t<\/div>\n\t\t\t\t<\/div>\n\t\t\t\t\t<\/div>\n\t\t<\/div>\n\t\t\t\t<div class=\"elementor-column elementor-col-33 elementor-top-column elementor-element elementor-element-686f04c\" data-id=\"686f04c\" data-element_type=\"column\" data-e-type=\"column\">\n\t\t\t<div class=\"elementor-widget-wrap elementor-element-populated\">\n\t\t\t\t\t\t<div class=\"elementor-element elementor-element-195453e elementor-widget elementor-widget-image\" data-id=\"195453e\" data-element_type=\"widget\" data-e-type=\"widget\" data-widget_type=\"image.default\">\n\t\t\t\t<div class=\"elementor-widget-container\">\n\t\t\t\t\t\t\t\t\t\t\t\t\t\t\t<img fetchpriority=\"high\" decoding=\"async\" width=\"1096\" height=\"1029\" src=\"https:\/\/tri-pack.co.uk\/wp-content\/uploads\/coolseal-featured.jpg\" class=\"attachment-large size-large wp-image-1613\" alt=\"\u00ddsufl\u00f6k s\u00fdnd \u00ed CoolSeal kassa framleidd af Tri Pack\" srcset=\"https:\/\/tri-pack.co.uk\/wp-content\/uploads\/coolseal-featured.jpg 1096w, https:\/\/tri-pack.co.uk\/wp-content\/uploads\/coolseal-featured-768x721.jpg 768w\" sizes=\"(max-width: 1096px) 100vw, 1096px\" \/>\t\t\t\t\t\t\t\t\t\t\t\t\t\t\t<\/div>\n\t\t\t\t<\/div>\n\t\t\t\t\t<\/div>\n\t\t<\/div>\n\t\t\t\t\t<\/div>\n\t\t<\/section>\n\t\t\t\t<section class=\"elementor-section elementor-top-section elementor-element elementor-element-bdcbbc5 elementor-reverse-mobile elementor-section-boxed elementor-section-height-default elementor-section-height-default\" data-id=\"bdcbbc5\" data-element_type=\"section\" data-e-type=\"section\" data-settings=\"{&quot;background_background&quot;:&quot;classic&quot;}\">\n\t\t\t\t\t\t<div class=\"elementor-container elementor-column-gap-default\">\n\t\t\t\t\t<div class=\"elementor-column elementor-col-100 elementor-top-column elementor-element elementor-element-feafd82\" data-id=\"feafd82\" data-element_type=\"column\" data-e-type=\"column\">\n\t\t\t<div class=\"elementor-widget-wrap elementor-element-populated\">\n\t\t\t\t\t\t<div class=\"elementor-element elementor-element-f5734f6 elementor-widget elementor-widget-heading\" data-id=\"f5734f6\" data-element_type=\"widget\" data-e-type=\"widget\" data-widget_type=\"heading.default\">\n\t\t\t\t<div class=\"elementor-widget-container\">\n\t\t\t\t\t<h2 class=\"elementor-heading-title elementor-size-default\">Hlusti\u00f0 \u00e1 \u00e1st\u00e6\u00f0ur \u00feess a\u00f0 vi\u00f0skiptavinir okkar velja a\u00f0 nota Coolseal...<\/h2>\t\t\t\t<\/div>\n\t\t\t\t<\/div>\n\t\t\t\t<div class=\"elementor-element elementor-element-0de6ec0 elementor-widget elementor-widget-video\" data-id=\"0de6ec0\" data-element_type=\"widget\" data-e-type=\"widget\" data-settings=\"{&quot;video_type&quot;:&quot;vimeo&quot;}\" data-widget_type=\"video.default\">\n\t\t\t\t<div class=\"elementor-widget-container\">\n\t\t\t\t\t\t\t<div class=\"elementor-wrapper elementor-open-inline\">\n\t\t\t<iframe class=\"elementor-video-iframe lazyload\" allowfullscreen allow=\"clipboard-write\" title=\"vimeo videospeler\" data-src=\"https:\/\/player.vimeo.com\/video\/1056391736?color&amp;autopause=0&amp;loop=0&amp;muted=0&amp;title=1&amp;portrait=1&amp;byline=1#t=\" data-no-translation-title=\"\" src=\"data:image\/svg+xml;base64,PHN2ZyB3aWR0aD0iMSIgaGVpZ2h0PSIxIiB4bWxucz0iaHR0cDovL3d3dy53My5vcmcvMjAwMC9zdmciPjwvc3ZnPg==\" data-load-mode=\"1\"><\/iframe>\t\t<\/div>\n\t\t\t\t\t\t<\/div>\n\t\t\t\t<\/div>\n\t\t\t\t\t<\/div>\n\t\t<\/div>\n\t\t\t\t\t<\/div>\n\t\t<\/section>\n\t\t\t\t<section class=\"elementor-section elementor-top-section elementor-element elementor-element-18c87fe elementor-section-boxed elementor-section-height-default elementor-section-height-default\" data-id=\"18c87fe\" data-element_type=\"section\" data-e-type=\"section\">\n\t\t\t\t\t\t<div class=\"elementor-container elementor-column-gap-default\">\n\t\t\t\t\t<div class=\"elementor-column elementor-col-100 elementor-top-column elementor-element elementor-element-f6fd210\" data-id=\"f6fd210\" data-element_type=\"column\" data-e-type=\"column\">\n\t\t\t<div class=\"elementor-widget-wrap elementor-element-populated\">\n\t\t\t\t\t\t<section class=\"elementor-section elementor-inner-section elementor-element elementor-element-d326787 elementor-section-boxed elementor-section-height-default elementor-section-height-default\" data-id=\"d326787\" data-element_type=\"section\" data-e-type=\"section\">\n\t\t\t\t\t\t<div class=\"elementor-container elementor-column-gap-extended\">\n\t\t\t\t\t<div class=\"elementor-column elementor-col-33 elementor-inner-column elementor-element elementor-element-9ad4f37\" data-id=\"9ad4f37\" data-element_type=\"column\" data-e-type=\"column\">\n\t\t\t<div class=\"elementor-widget-wrap elementor-element-populated\">\n\t\t\t\t\t\t<div class=\"elementor-element elementor-element-59ec2e2 elementor-position-top elementor-widget elementor-widget-image-box\" data-id=\"59ec2e2\" data-element_type=\"widget\" data-e-type=\"widget\" data-widget_type=\"image-box.default\">\n\t\t\t\t<div class=\"elementor-widget-container\">\n\t\t\t\t\t<div class=\"elementor-image-box-wrapper\"><figure class=\"elementor-image-box-img\"><a href=\"https:\/\/tri-pack.co.uk\/is\/coolseal-svid\/\" tabindex=\"-1\"><img decoding=\"async\" width=\"1096\" height=\"792\" data-src=\"https:\/\/tri-pack.co.uk\/wp-content\/uploads\/industry-range-processors-2.jpg\" class=\"attachment-full size-full wp-image-1629 lazyload\" alt=\"Kassar fr\u00e1 Midland Fish Co, framleiddir af Tri Pack. Kassinn s\u00fdnir endurvinnanlegt merki 100%.\" data-srcset=\"https:\/\/tri-pack.co.uk\/wp-content\/uploads\/industry-range-processors-2.jpg 1096w, https:\/\/tri-pack.co.uk\/wp-content\/uploads\/industry-range-processors-2-768x555.jpg 768w\" data-sizes=\"(max-width: 1096px) 100vw, 1096px\" src=\"data:image\/svg+xml;base64,PHN2ZyB3aWR0aD0iMSIgaGVpZ2h0PSIxIiB4bWxucz0iaHR0cDovL3d3dy53My5vcmcvMjAwMC9zdmciPjwvc3ZnPg==\" style=\"--smush-placeholder-width: 1096px; --smush-placeholder-aspect-ratio: 1096\/792;\" \/><\/a><\/figure><div class=\"elementor-image-box-content\"><h3 class=\"elementor-image-box-title\"><a href=\"https:\/\/tri-pack.co.uk\/is\/coolseal-svid\/\">Sko\u00f0a\u00f0u Coolseal \u00farvali\u00f0 okkar<\/a><\/h3><\/div><\/div>\t\t\t\t<\/div>\n\t\t\t\t<\/div>\n\t\t\t\t\t<\/div>\n\t\t<\/div>\n\t\t\t\t<div class=\"elementor-column elementor-col-33 elementor-inner-column elementor-element elementor-element-5bf6b53\" data-id=\"5bf6b53\" data-element_type=\"column\" data-e-type=\"column\">\n\t\t\t<div class=\"elementor-widget-wrap elementor-element-populated\">\n\t\t\t\t\t\t<div class=\"elementor-element elementor-element-1902063 elementor-position-top elementor-widget elementor-widget-image-box\" data-id=\"1902063\" data-element_type=\"widget\" data-e-type=\"widget\" data-widget_type=\"image-box.default\">\n\t\t\t\t<div class=\"elementor-widget-container\">\n\t\t\t\t\t<div class=\"elementor-image-box-wrapper\"><figure class=\"elementor-image-box-img\"><a href=\"https:\/\/tri-pack.co.uk\/is\/5-kostir-coolseal-fiskumbudakassanna-fyrir-fiskidnadinn\/\" tabindex=\"-1\"><img decoding=\"async\" width=\"1096\" height=\"792\" data-src=\"https:\/\/tri-pack.co.uk\/wp-content\/uploads\/industry-blog-processors.jpg\" class=\"attachment-full size-full wp-image-1628 lazyload\" alt=\"CoolSeal kassar flatpakka\u00f0ir\" data-srcset=\"https:\/\/tri-pack.co.uk\/wp-content\/uploads\/industry-blog-processors.jpg 1096w, https:\/\/tri-pack.co.uk\/wp-content\/uploads\/industry-blog-processors-768x555.jpg 768w\" data-sizes=\"(max-width: 1096px) 100vw, 1096px\" src=\"data:image\/svg+xml;base64,PHN2ZyB3aWR0aD0iMSIgaGVpZ2h0PSIxIiB4bWxucz0iaHR0cDovL3d3dy53My5vcmcvMjAwMC9zdmciPjwvc3ZnPg==\" style=\"--smush-placeholder-width: 1096px; --smush-placeholder-aspect-ratio: 1096\/792;\" \/><\/a><\/figure><div class=\"elementor-image-box-content\"><h3 class=\"elementor-image-box-title\"><a href=\"https:\/\/tri-pack.co.uk\/is\/5-kostir-coolseal-fiskumbudakassanna-fyrir-fiskidnadinn\/\">Kynntu \u00fe\u00e9r kosti Coolseal meira<\/a><\/h3><\/div><\/div>\t\t\t\t<\/div>\n\t\t\t\t<\/div>\n\t\t\t\t\t<\/div>\n\t\t<\/div>\n\t\t\t\t<div class=\"elementor-column elementor-col-33 elementor-inner-column elementor-element elementor-element-840ad98\" data-id=\"840ad98\" data-element_type=\"column\" data-e-type=\"column\">\n\t\t\t<div class=\"elementor-widget-wrap elementor-element-populated\">\n\t\t\t\t\t\t<div class=\"elementor-element elementor-element-bf5a1a4 elementor-position-top elementor-widget elementor-widget-image-box\" data-id=\"bf5a1a4\" data-element_type=\"widget\" data-e-type=\"widget\" data-widget_type=\"image-box.default\">\n\t\t\t\t<div class=\"elementor-widget-container\">\n\t\t\t\t\t<div class=\"elementor-image-box-wrapper\"><figure class=\"elementor-image-box-img\"><a href=\"mailto:mail@tri-pack.co.uk?subject=Re:%20Sample%20quote%20request\" tabindex=\"-1\"><img decoding=\"async\" width=\"1096\" height=\"792\" data-src=\"https:\/\/tri-pack.co.uk\/wp-content\/uploads\/coolseal-sample.jpg\" class=\"attachment-full size-full wp-image-1730 lazyload\" alt=\"Hv\u00edtmerkt CoolSeal kassar. S\u00fdnishorn af umb\u00fa\u00f0um fyrir dreifingu sj\u00e1varafur\u00f0a og k\u00e6like\u00f0juflutninga.\" data-srcset=\"https:\/\/tri-pack.co.uk\/wp-content\/uploads\/coolseal-sample.jpg 1096w, https:\/\/tri-pack.co.uk\/wp-content\/uploads\/coolseal-sample-768x555.jpg 768w\" data-sizes=\"(max-width: 1096px) 100vw, 1096px\" src=\"data:image\/svg+xml;base64,PHN2ZyB3aWR0aD0iMSIgaGVpZ2h0PSIxIiB4bWxucz0iaHR0cDovL3d3dy53My5vcmcvMjAwMC9zdmciPjwvc3ZnPg==\" style=\"--smush-placeholder-width: 1096px; --smush-placeholder-aspect-ratio: 1096\/792;\" \/><\/a><\/figure><div class=\"elementor-image-box-content\"><h3 class=\"elementor-image-box-title\"><a href=\"mailto:mail@tri-pack.co.uk?subject=Re:%20Sample%20quote%20request\">\u00d3ska eftir tilbo\u00f0i<\/a><\/h3><\/div><\/div>\t\t\t\t<\/div>\n\t\t\t\t<\/div>\n\t\t\t\t\t<\/div>\n\t\t<\/div>\n\t\t\t\t\t<\/div>\n\t\t<\/section>\n\t\t\t\t\t<\/div>\n\t\t<\/div>\n\t\t\t\t\t<\/div>\n\t\t<\/section>\n\t\t\t\t<\/div>","protected":false},"excerpt":{"rendered":"<p>Thank you for ordering a Coolseal seafood packaging sample pack The market leading alternative to polystyrene and lined solid board We hope you like the Coolseal seafood packaging samples that you have received! Our bespoke sample packs include samples from across our standard stock range, from 3kg up to 20kg. Whether you are looking for [&hellip;]<\/p>\n","protected":false},"author":8,"featured_media":0,"parent":0,"menu_order":0,"comment_status":"closed","ping_status":"closed","template":"elementor_header_footer","meta":{"site-sidebar-layout":"no-sidebar","site-content-layout":"page-builder","ast-site-content-layout":"full-width-container","site-content-style":"default","site-sidebar-style":"default","ast-global-header-display":"","ast-banner-title-visibility":"","ast-main-header-display":"","ast-hfb-above-header-display":"","ast-hfb-below-header-display":"","ast-hfb-mobile-header-display":"","site-post-title":"disabled","ast-breadcrumbs-content":"","ast-featured-img":"disabled","footer-sml-layout":"","ast-disable-related-posts":"","theme-transparent-header-meta":"default","adv-header-id-meta":"","stick-header-meta":"","header-above-stick-meta":"","header-main-stick-meta":"","header-below-stick-meta":"","astra-migrate-meta-layouts":"set","ast-page-background-enabled":"default","ast-page-background-meta":{"desktop":{"background-color":"var(--ast-global-color-4)","background-image":"","background-repeat":"repeat","background-position":"center center","background-size":"auto","background-attachment":"scroll","background-type":"","background-media":"","overlay-type":"","overlay-color":"","overlay-opacity":"","overlay-gradient":""},"tablet":{"background-color":"","background-image":"","background-repeat":"repeat","background-position":"center center","background-size":"auto","background-attachment":"scroll","background-type":"","background-media":"","overlay-type":"","overlay-color":"","overlay-opacity":"","overlay-gradient":""},"mobile":{"background-color":"","background-image":"","background-repeat":"repeat","background-position":"center center","background-size":"auto","background-attachment":"scroll","background-type":"","background-media":"","overlay-type":"","overlay-color":"","overlay-opacity":"","overlay-gradient":""}},"ast-content-background-meta":{"desktop":{"background-color":"var(--ast-global-color-5)","background-image":"","background-repeat":"repeat","background-position":"center center","background-size":"auto","background-attachment":"scroll","background-type":"","background-media":"","overlay-type":"","overlay-color":"","overlay-opacity":"","overlay-gradient":""},"tablet":{"background-color":"var(--ast-global-color-5)","background-image":"","background-repeat":"repeat","background-position":"center center","background-size":"auto","background-attachment":"scroll","background-type":"","background-media":"","overlay-type":"","overlay-color":"","overlay-opacity":"","overlay-gradient":""},"mobile":{"background-color":"var(--ast-global-color-5)","background-image":"","background-repeat":"repeat","background-position":"center center","background-size":"auto","background-attachment":"scroll","background-type":"","background-media":"","overlay-type":"","overlay-color":"","overlay-opacity":"","overlay-gradient":""}},"footnotes":""},"class_list":["post-2205","page","type-page","status-publish","hentry"],"_links":{"self":[{"href":"https:\/\/tri-pack.co.uk\/is\/wp-json\/wp\/v2\/pages\/2205","targetHints":{"allow":["GET"]}}],"collection":[{"href":"https:\/\/tri-pack.co.uk\/is\/wp-json\/wp\/v2\/pages"}],"about":[{"href":"https:\/\/tri-pack.co.uk\/is\/wp-json\/wp\/v2\/types\/page"}],"author":[{"embeddable":true,"href":"https:\/\/tri-pack.co.uk\/is\/wp-json\/wp\/v2\/users\/8"}],"replies":[{"embeddable":true,"href":"https:\/\/tri-pack.co.uk\/is\/wp-json\/wp\/v2\/comments?post=2205"}],"version-history":[{"count":19,"href":"https:\/\/tri-pack.co.uk\/is\/wp-json\/wp\/v2\/pages\/2205\/revisions"}],"predecessor-version":[{"id":2298,"href":"https:\/\/tri-pack.co.uk\/is\/wp-json\/wp\/v2\/pages\/2205\/revisions\/2298"}],"wp:attachment":[{"href":"https:\/\/tri-pack.co.uk\/is\/wp-json\/wp\/v2\/media?parent=2205"}],"curies":[{"name":"wp","href":"https:\/\/api.w.org\/{rel}","templated":true}]}}