{"id":118,"date":"2024-06-07T12:14:14","date_gmt":"2024-06-07T11:14:14","guid":{"rendered":"https:\/\/tri-pack.co.uk\/?page_id=118"},"modified":"2025-06-09T12:32:14","modified_gmt":"2025-06-09T11:32:14","slug":"casestudier","status":"publish","type":"page","link":"https:\/\/tri-pack.co.uk\/no\/case-studies\/","title":{"rendered":"Casestudier"},"content":{"rendered":"<div data-elementor-type=\"wp-page\" data-elementor-id=\"118\" class=\"elementor elementor-118\" data-elementor-post-type=\"page\">\n\t\t\t\t\t\t<section class=\"elementor-section elementor-top-section elementor-element elementor-element-44dcb13 elementor-section-boxed elementor-section-height-default elementor-section-height-default\" data-id=\"44dcb13\" data-element_type=\"section\" data-e-type=\"section\" data-settings=\"{&quot;background_background&quot;:&quot;classic&quot;}\">\n\t\t\t\t\t\t<div class=\"elementor-container elementor-column-gap-default\">\n\t\t\t\t\t<div class=\"elementor-column elementor-col-100 elementor-top-column elementor-element elementor-element-4c2a5d8\" data-id=\"4c2a5d8\" data-element_type=\"column\" data-e-type=\"column\">\n\t\t\t<div class=\"elementor-widget-wrap elementor-element-populated\">\n\t\t\t\t\t\t\t<\/div>\n\t\t<\/div>\n\t\t\t\t\t<\/div>\n\t\t<\/section>\n\t\t\t\t<section class=\"elementor-section elementor-top-section elementor-element elementor-element-25b0d2c elementor-section-boxed elementor-section-height-default elementor-section-height-default\" data-id=\"25b0d2c\" data-element_type=\"section\" data-e-type=\"section\">\n\t\t\t\t\t\t<div class=\"elementor-container elementor-column-gap-wider\">\n\t\t\t\t\t<div class=\"elementor-column elementor-col-66 elementor-top-column elementor-element elementor-element-b832000\" data-id=\"b832000\" data-element_type=\"column\" data-e-type=\"column\">\n\t\t\t<div class=\"elementor-widget-wrap elementor-element-populated\">\n\t\t\t\t\t\t<div class=\"elementor-element elementor-element-7784c61 elementor-widget__width-initial elementor-widget elementor-widget-text-editor\" data-id=\"7784c61\" data-element_type=\"widget\" data-e-type=\"widget\" data-widget_type=\"text-editor.default\">\n\t\t\t\t<div class=\"elementor-widget-container\">\n\t\t\t\t\t\t\t\t\t<p>I l\u00f8pet av de 50 \u00e5rene vi har eksistert, har vi jobbet med kunder fra hele Storbritannia og Europa, og fra en rekke ulike bransjer.<\/p>\t\t\t\t\t\t\t\t<\/div>\n\t\t\t\t<\/div>\n\t\t\t\t<div class=\"elementor-element elementor-element-88c71a7 elementor-widget elementor-widget-text-editor\" data-id=\"88c71a7\" data-element_type=\"widget\" data-e-type=\"widget\" data-widget_type=\"text-editor.default\">\n\t\t\t\t<div class=\"elementor-widget-container\">\n\t\t\t\t\t\t\t\t\tFra sj\u00f8matsektoren til skogbruk og fra urtedyrkere til farmas\u00f8ytiske virksomheter - vi har en lang rekke suksesshistorier som vi er stolte av. Nedenfor finner du en rekke casestudier som viser hvordan emballasjen v\u00e5r har hatt stor innvirkning p\u00e5 virksomhetenes drift...\t\t\t\t\t\t\t\t<\/div>\n\t\t\t\t<\/div>\n\t\t\t\t\t<\/div>\n\t\t<\/div>\n\t\t\t\t<div class=\"elementor-column elementor-col-33 elementor-top-column elementor-element elementor-element-29eb45a\" data-id=\"29eb45a\" data-element_type=\"column\" data-e-type=\"column\">\n\t\t\t<div class=\"elementor-widget-wrap elementor-element-populated\">\n\t\t\t\t\t\t<div class=\"elementor-element elementor-element-0c572d5 elementor-widget elementor-widget-image\" data-id=\"0c572d5\" data-element_type=\"widget\" data-e-type=\"widget\" data-widget_type=\"image.default\">\n\t\t\t\t<div class=\"elementor-widget-container\">\n\t\t\t\t\t\t\t\t\t\t\t\t\t\t\t<img fetchpriority=\"high\" decoding=\"async\" width=\"1096\" height=\"766\" src=\"https:\/\/tri-pack.co.uk\/wp-content\/uploads\/CS-main.jpg\" class=\"attachment-large size-large wp-image-1924\" alt=\"Mann b\u00e6rer Midland Fish-kasser pakket i Tri Pack-emballasje\" srcset=\"https:\/\/tri-pack.co.uk\/wp-content\/uploads\/CS-main.jpg 1096w, https:\/\/tri-pack.co.uk\/wp-content\/uploads\/CS-main-768x537.jpg 768w\" sizes=\"(max-width: 1096px) 100vw, 1096px\" \/>\t\t\t\t\t\t\t\t\t\t\t\t\t\t\t<\/div>\n\t\t\t\t<\/div>\n\t\t\t\t\t<\/div>\n\t\t<\/div>\n\t\t\t\t\t<\/div>\n\t\t<\/section>\n\t\t\t\t<section class=\"elementor-section elementor-top-section elementor-element elementor-element-21c2dc7 elementor-section-boxed elementor-section-height-default elementor-section-height-default\" data-id=\"21c2dc7\" data-element_type=\"section\" data-e-type=\"section\">\n\t\t\t\t\t\t<div class=\"elementor-container elementor-column-gap-default\">\n\t\t\t\t\t<div class=\"elementor-column elementor-col-100 elementor-top-column elementor-element elementor-element-3872255\" data-id=\"3872255\" data-element_type=\"column\" data-e-type=\"column\">\n\t\t\t<div class=\"elementor-widget-wrap elementor-element-populated\">\n\t\t\t\t\t\t<div class=\"elementor-element elementor-element-f85f511 uael-equal__height-yes uael-posts-thumbnail-ratio elementor-widget elementor-widget-uael-posts\" data-id=\"f85f511\" data-element_type=\"widget\" data-e-type=\"widget\" data-settings=\"{&quot;classic_slides_to_show&quot;:3,&quot;classic_slides_to_show_tablet&quot;:2,&quot;classic_slides_to_show_mobile&quot;:1,&quot;classic_pagination_type&quot;:&quot;ajax&quot;,&quot;classic_show_filters&quot;:&quot;no&quot;}\" data-widget_type=\"uael-posts.classic\">\n\t\t\t\t<div class=\"elementor-widget-container\">\n\t\t\t\t\t\t\t<div class=\"uael-post__header\">\n\t\t\t\t\t<\/div>\n\t\t<div class=\"uael-post__body\">\n\t\t\t\n\t\t\n\t\t<div class=\"uael-blog-terms-position-above_content uael-post-image-top uael-post-grid uael-posts\" data-query-type=\"custom\" data-structure=\"normal\" data-layout=\"\" data-page=\"118\" data-skin=\"classic\" data-filter-default=\"\" data-offset-top=\"30\" >\n\n\t\t\t\t\t\t\t<div class=\"uael-post-grid__inner uael-post__columns-3 uael-post__columns-tablet-2 uael-post__columns-mobile-1\">\n\t\t\t\n<div class=\"uael-post-wrapper\">\n\t<div class=\"uael-post__bg-wrap uael-bg-wrap-disabled\">\n\n\t\t\t\t\n\t\t<div class=\"uael-post__inner-wrap uael-inner-wrap-disabled\">\n\n\t\t\t\t<div class=\"uael-post__thumbnail\">\n\t\t\t\n\t\t\t<a href=\"https:\/\/tri-pack.co.uk\/no\/casestudies\/coolseal-visits-jaines-seafood\/\" target=\"_self\" title=\"Jaines Seafood\"><img decoding=\"async\" width=\"1080\" height=\"900\" data-src=\"https:\/\/tri-pack.co.uk\/wp-content\/uploads\/Jaines-Seafood-Coolseal-.jpg\" class=\"attachment-full size-full wp-image-2543 lazyload\" alt=\"Coolseal Sj\u00f8matemballasje\" data-srcset=\"https:\/\/tri-pack.co.uk\/wp-content\/uploads\/Jaines-Seafood-Coolseal-.jpg 1080w, https:\/\/tri-pack.co.uk\/wp-content\/uploads\/Jaines-Seafood-Coolseal--768x640.jpg 768w, https:\/\/tri-pack.co.uk\/wp-content\/uploads\/Jaines-Seafood-Coolseal--14x12.jpg 14w\" data-sizes=\"(max-width: 1080px) 100vw, 1080px\" src=\"data:image\/svg+xml;base64,PHN2ZyB3aWR0aD0iMSIgaGVpZ2h0PSIxIiB4bWxucz0iaHR0cDovL3d3dy53My5vcmcvMjAwMC9zdmciPjwvc3ZnPg==\" style=\"--smush-placeholder-width: 1080px; --smush-placeholder-aspect-ratio: 1080\/900;\" \/><\/a>\n\t\t\t\t\t<\/div>\n\t\t\n\t\t\t\n\t\t\t<div class=\"uael-post__content-wrap uael-content-wrap-disabled\">\n\t\t\t\t\t\t\t<div class=\"uael-post__terms-wrap\"><\/div>\n\t\t\t\t\t\t<h3 class=\"uael-post__title\">\n\n\t\t\n\t\t\t\t\t\t<a href=\"https:\/\/tri-pack.co.uk\/no\/casestudies\/coolseal-visits-jaines-seafood\/\" target=\"_self\">\n\t\t\t\tJaines Seafood\t\t\t<\/a>\n\n\t\t\t\t<\/h3>\n\t\t\n\t\t<div class=\"uael-post__excerpt\">\n\t\t\tCoolseal-teamet hadde gleden av \u00e5 bes\u00f8ke Jaines Seafood - en stolt Grimsby-basert bedrift med et mange\u00e5rig rykte for \u00e5 levere fersk fisk og sj\u00f8mat av h\u00f8y kvalitet.\t\t<\/div>\n\n\t\t\t\t\t<a class=\"uael-post__read-more elementor-button\" href=\"https:\/\/tri-pack.co.uk\/no\/casestudies\/coolseal-visits-jaines-seafood\/\" target=\"_self\" aria-labelledby=\"uael-post-2539\">\n\t\t\t\t\t<span class=\"elementor-button-content-wrapper\">\n\t\t\t\t\t\t\t\t\t\t\t\t\t\t<span class=\"elementor-button-icon elementor-align-icon-left\">\n\n\t\t\t\t\t\t\t\t\t\n\t\t\t\t\t\t\t\t<\/span>\n\t\t\t\t\t\t\t\t\t\t\t\t\t\n\t\t\t\t\t\t<span class=\"elementor-button-text\" id=\"uael-post-2539\">Les mer om dette<\/span>\n\t\t\t\t\t<\/span>\n\t\t\t\t<\/a>\n\t\t\t\t\t\t<\/div>\n\t\t\t\n\t\t<\/div>\n\t\t\n\t<\/div>\n\n<\/div>\n\n<div class=\"uael-post-wrapper\">\n\t<div class=\"uael-post__bg-wrap uael-bg-wrap-disabled\">\n\n\t\t\t\t\n\t\t<div class=\"uael-post__inner-wrap uael-inner-wrap-disabled\">\n\n\t\t\t\t<div class=\"uael-post__thumbnail\">\n\t\t\t\n\t\t\t<a href=\"https:\/\/tri-pack.co.uk\/no\/casestudies\/thorfish\/\" target=\"_self\" title=\"Thorfish\"><img decoding=\"async\" width=\"1096\" height=\"766\" data-src=\"https:\/\/tri-pack.co.uk\/wp-content\/uploads\/CS-thorfish-featured.jpg\" class=\"attachment-full size-full wp-image-1929 lazyload\" alt=\"Fiskefileter fra Thorfish vist i Tri Pack-emballasje.\" data-srcset=\"https:\/\/tri-pack.co.uk\/wp-content\/uploads\/CS-thorfish-featured.jpg 1096w, https:\/\/tri-pack.co.uk\/wp-content\/uploads\/CS-thorfish-featured-768x537.jpg 768w\" data-sizes=\"(max-width: 1096px) 100vw, 1096px\" src=\"data:image\/svg+xml;base64,PHN2ZyB3aWR0aD0iMSIgaGVpZ2h0PSIxIiB4bWxucz0iaHR0cDovL3d3dy53My5vcmcvMjAwMC9zdmciPjwvc3ZnPg==\" style=\"--smush-placeholder-width: 1096px; --smush-placeholder-aspect-ratio: 1096\/766;\" \/><\/a>\n\t\t\t\t\t<\/div>\n\t\t\n\t\t\t\n\t\t\t<div class=\"uael-post__content-wrap uael-content-wrap-disabled\">\n\t\t\t\t\t\t\t<div class=\"uael-post__terms-wrap\"><\/div>\n\t\t\t\t\t\t<h3 class=\"uael-post__title\">\n\n\t\t\n\t\t\t\t\t\t<a href=\"https:\/\/tri-pack.co.uk\/no\/casestudies\/thorfish\/\" target=\"_self\">\n\t\t\t\tThorfish\t\t\t<\/a>\n\n\t\t\t\t<\/h3>\n\t\t\n\t\t<div class=\"uael-post__excerpt\">\n\t\t\tThorfish er basert p\u00e5 Island og produserer bacalao - eller v\u00e5tsaltet fisk. Etter \u00e5 ha brukt solide pappkartonger til pakking, lagring og distribusjon av ...\t\t<\/div>\n\n\t\t\t\t\t<a class=\"uael-post__read-more elementor-button\" href=\"https:\/\/tri-pack.co.uk\/no\/casestudies\/thorfish\/\" target=\"_self\" aria-labelledby=\"uael-post-2070\">\n\t\t\t\t\t<span class=\"elementor-button-content-wrapper\">\n\t\t\t\t\t\t\t\t\t\t\t\t\t\t<span class=\"elementor-button-icon elementor-align-icon-left\">\n\n\t\t\t\t\t\t\t\t\t\n\t\t\t\t\t\t\t\t<\/span>\n\t\t\t\t\t\t\t\t\t\t\t\t\t\n\t\t\t\t\t\t<span class=\"elementor-button-text\" id=\"uael-post-2070\">Les mer om dette<\/span>\n\t\t\t\t\t<\/span>\n\t\t\t\t<\/a>\n\t\t\t\t\t\t<\/div>\n\t\t\t\n\t\t<\/div>\n\t\t\n\t<\/div>\n\n<\/div>\n\n<div class=\"uael-post-wrapper\">\n\t<div class=\"uael-post__bg-wrap uael-bg-wrap-disabled\">\n\n\t\t\t\t\n\t\t<div class=\"uael-post__inner-wrap uael-inner-wrap-disabled\">\n\n\t\t\t\t<div class=\"uael-post__thumbnail\">\n\t\t\t\n\t\t\t<a href=\"https:\/\/tri-pack.co.uk\/no\/casestudies\/seddon-and-sons-ltd\/\" target=\"_self\" title=\"Seddon &amp; Sons Ltd\"><img decoding=\"async\" width=\"1096\" height=\"766\" data-src=\"https:\/\/tri-pack.co.uk\/wp-content\/uploads\/CS-seddons-featured.jpg\" class=\"attachment-full size-full wp-image-1928 lazyload\" alt=\"Seddons Purre pakket i Tri Pack-emballasje\" data-srcset=\"https:\/\/tri-pack.co.uk\/wp-content\/uploads\/CS-seddons-featured.jpg 1096w, https:\/\/tri-pack.co.uk\/wp-content\/uploads\/CS-seddons-featured-768x537.jpg 768w\" data-sizes=\"(max-width: 1096px) 100vw, 1096px\" src=\"data:image\/svg+xml;base64,PHN2ZyB3aWR0aD0iMSIgaGVpZ2h0PSIxIiB4bWxucz0iaHR0cDovL3d3dy53My5vcmcvMjAwMC9zdmciPjwvc3ZnPg==\" style=\"--smush-placeholder-width: 1096px; --smush-placeholder-aspect-ratio: 1096\/766;\" \/><\/a>\n\t\t\t\t\t<\/div>\n\t\t\n\t\t\t\n\t\t\t<div class=\"uael-post__content-wrap uael-content-wrap-disabled\">\n\t\t\t\t\t\t\t<div class=\"uael-post__terms-wrap\"><\/div>\n\t\t\t\t\t\t<h3 class=\"uael-post__title\">\n\n\t\t\n\t\t\t\t\t\t<a href=\"https:\/\/tri-pack.co.uk\/no\/casestudies\/seddon-and-sons-ltd\/\" target=\"_self\">\n\t\t\t\tSeddon &amp; Sons Ltd\t\t\t<\/a>\n\n\t\t\t\t<\/h3>\n\t\t\n\t\t<div class=\"uael-post__excerpt\">\n\t\t\tEn av frukt- og gr\u00f8ntbransjens ledende purredyrkere henvendte seg til Tri-pack med et problem de hadde med emballasjen sin. Emballasjen de brukte var ...\t\t<\/div>\n\n\t\t\t\t\t<a class=\"uael-post__read-more elementor-button\" href=\"https:\/\/tri-pack.co.uk\/no\/casestudies\/seddon-and-sons-ltd\/\" target=\"_self\" aria-labelledby=\"uael-post-2065\">\n\t\t\t\t\t<span class=\"elementor-button-content-wrapper\">\n\t\t\t\t\t\t\t\t\t\t\t\t\t\t<span class=\"elementor-button-icon elementor-align-icon-left\">\n\n\t\t\t\t\t\t\t\t\t\n\t\t\t\t\t\t\t\t<\/span>\n\t\t\t\t\t\t\t\t\t\t\t\t\t\n\t\t\t\t\t\t<span class=\"elementor-button-text\" id=\"uael-post-2065\">Les mer om dette<\/span>\n\t\t\t\t\t<\/span>\n\t\t\t\t<\/a>\n\t\t\t\t\t\t<\/div>\n\t\t\t\n\t\t<\/div>\n\t\t\n\t<\/div>\n\n<\/div>\n\n<div class=\"uael-post-wrapper\">\n\t<div class=\"uael-post__bg-wrap uael-bg-wrap-disabled\">\n\n\t\t\t\t\n\t\t<div class=\"uael-post__inner-wrap uael-inner-wrap-disabled\">\n\n\t\t\t\t<div class=\"uael-post__thumbnail\">\n\t\t\t\n\t\t\t<a href=\"https:\/\/tri-pack.co.uk\/no\/casestudies\/wealmoor-ltd\/\" target=\"_self\" title=\"Wealmoor Ltd.\"><img decoding=\"async\" width=\"1096\" height=\"766\" data-src=\"https:\/\/tri-pack.co.uk\/wp-content\/uploads\/CS-wealmoor-featured.jpg\" class=\"attachment-full size-full wp-image-1930 lazyload\" alt=\"Peppermynteblader vist i Tri Pack-emballasje\" data-srcset=\"https:\/\/tri-pack.co.uk\/wp-content\/uploads\/CS-wealmoor-featured.jpg 1096w, https:\/\/tri-pack.co.uk\/wp-content\/uploads\/CS-wealmoor-featured-768x537.jpg 768w\" data-sizes=\"(max-width: 1096px) 100vw, 1096px\" src=\"data:image\/svg+xml;base64,PHN2ZyB3aWR0aD0iMSIgaGVpZ2h0PSIxIiB4bWxucz0iaHR0cDovL3d3dy53My5vcmcvMjAwMC9zdmciPjwvc3ZnPg==\" style=\"--smush-placeholder-width: 1096px; --smush-placeholder-aspect-ratio: 1096\/766;\" \/><\/a>\n\t\t\t\t\t<\/div>\n\t\t\n\t\t\t\n\t\t\t<div class=\"uael-post__content-wrap uael-content-wrap-disabled\">\n\t\t\t\t\t\t\t<div class=\"uael-post__terms-wrap\"><\/div>\n\t\t\t\t\t\t<h3 class=\"uael-post__title\">\n\n\t\t\n\t\t\t\t\t\t<a href=\"https:\/\/tri-pack.co.uk\/no\/casestudies\/wealmoor-ltd\/\" target=\"_self\">\n\t\t\t\tWealmoor Ltd.\t\t\t<\/a>\n\n\t\t\t\t<\/h3>\n\t\t\n\t\t<div class=\"uael-post__excerpt\">\n\t\t\tWealmoor Ltd - en ledende global produsent og pakkeri av frukt og gr\u00f8nnsaker - tok kontakt med Tri-pack for \u00e5 finne en emballasjel\u00f8sning som kunne tilby en lavere ...\t\t<\/div>\n\n\t\t\t\t\t<a class=\"uael-post__read-more elementor-button\" href=\"https:\/\/tri-pack.co.uk\/no\/casestudies\/wealmoor-ltd\/\" target=\"_self\" aria-labelledby=\"uael-post-2056\">\n\t\t\t\t\t<span class=\"elementor-button-content-wrapper\">\n\t\t\t\t\t\t\t\t\t\t\t\t\t\t<span class=\"elementor-button-icon elementor-align-icon-left\">\n\n\t\t\t\t\t\t\t\t\t\n\t\t\t\t\t\t\t\t<\/span>\n\t\t\t\t\t\t\t\t\t\t\t\t\t\n\t\t\t\t\t\t<span class=\"elementor-button-text\" id=\"uael-post-2056\">Les mer om dette<\/span>\n\t\t\t\t\t<\/span>\n\t\t\t\t<\/a>\n\t\t\t\t\t\t<\/div>\n\t\t\t\n\t\t<\/div>\n\t\t\n\t<\/div>\n\n<\/div>\n\n<div class=\"uael-post-wrapper\">\n\t<div class=\"uael-post__bg-wrap uael-bg-wrap-disabled\">\n\n\t\t\t\t\n\t\t<div class=\"uael-post__inner-wrap uael-inner-wrap-disabled\">\n\n\t\t\t\t<div class=\"uael-post__thumbnail\">\n\t\t\t\n\t\t\t<a href=\"https:\/\/tri-pack.co.uk\/no\/casestudies\/chapel-cottage-plants\/\" target=\"_self\" title=\"Chapel Cottage Planter\"><img decoding=\"async\" width=\"1096\" height=\"766\" data-src=\"https:\/\/tri-pack.co.uk\/wp-content\/uploads\/CS-chapelcottage-featured.jpg\" class=\"attachment-full size-full wp-image-1926 lazyload\" alt=\"Planter i potter vist i eske i Tri Pack-emballasje.\" data-srcset=\"https:\/\/tri-pack.co.uk\/wp-content\/uploads\/CS-chapelcottage-featured.jpg 1096w, https:\/\/tri-pack.co.uk\/wp-content\/uploads\/CS-chapelcottage-featured-768x537.jpg 768w\" data-sizes=\"(max-width: 1096px) 100vw, 1096px\" src=\"data:image\/svg+xml;base64,PHN2ZyB3aWR0aD0iMSIgaGVpZ2h0PSIxIiB4bWxucz0iaHR0cDovL3d3dy53My5vcmcvMjAwMC9zdmciPjwvc3ZnPg==\" style=\"--smush-placeholder-width: 1096px; --smush-placeholder-aspect-ratio: 1096\/766;\" \/><\/a>\n\t\t\t\t\t<\/div>\n\t\t\n\t\t\t\n\t\t\t<div class=\"uael-post__content-wrap uael-content-wrap-disabled\">\n\t\t\t\t\t\t\t<div class=\"uael-post__terms-wrap\"><\/div>\n\t\t\t\t\t\t<h3 class=\"uael-post__title\">\n\n\t\t\n\t\t\t\t\t\t<a href=\"https:\/\/tri-pack.co.uk\/no\/casestudies\/chapel-cottage-plants\/\" target=\"_self\">\n\t\t\t\tChapel Cottage Planter\t\t\t<\/a>\n\n\t\t\t\t<\/h3>\n\t\t\n\t\t<div class=\"uael-post__excerpt\">\n\t\t\tChapel Cottage Plants - en av Storbritannias st\u00f8rste staudeprodusenter - s\u00f8kte hjelp fra Tri-pack for \u00e5 finne et alternativ til den eksisterende svarte plasten ...\t\t<\/div>\n\n\t\t\t\t\t<a class=\"uael-post__read-more elementor-button\" href=\"https:\/\/tri-pack.co.uk\/no\/casestudies\/chapel-cottage-plants\/\" target=\"_self\" aria-labelledby=\"uael-post-2048\">\n\t\t\t\t\t<span class=\"elementor-button-content-wrapper\">\n\t\t\t\t\t\t\t\t\t\t\t\t\t\t<span class=\"elementor-button-icon elementor-align-icon-left\">\n\n\t\t\t\t\t\t\t\t\t\n\t\t\t\t\t\t\t\t<\/span>\n\t\t\t\t\t\t\t\t\t\t\t\t\t\n\t\t\t\t\t\t<span class=\"elementor-button-text\" id=\"uael-post-2048\">Les mer om dette<\/span>\n\t\t\t\t\t<\/span>\n\t\t\t\t<\/a>\n\t\t\t\t\t\t<\/div>\n\t\t\t\n\t\t<\/div>\n\t\t\n\t<\/div>\n\n<\/div>\n\n<div class=\"uael-post-wrapper\">\n\t<div class=\"uael-post__bg-wrap uael-bg-wrap-disabled\">\n\n\t\t\t\t\n\t\t<div class=\"uael-post__inner-wrap uael-inner-wrap-disabled\">\n\n\t\t\t\t<div class=\"uael-post__thumbnail\">\n\t\t\t\n\t\t\t<a href=\"https:\/\/tri-pack.co.uk\/no\/casestudies\/midland-fish-co\/\" target=\"_self\" title=\"Midland Fish Co.\"><img decoding=\"async\" width=\"1096\" height=\"766\" data-src=\"https:\/\/tri-pack.co.uk\/wp-content\/uploads\/CS-midland-featured.jpg\" class=\"attachment-full size-full wp-image-1927 lazyload\" alt=\"Frosne fiskefileter fra Midland vist i Tri Pack-emballasje\" data-srcset=\"https:\/\/tri-pack.co.uk\/wp-content\/uploads\/CS-midland-featured.jpg 1096w, https:\/\/tri-pack.co.uk\/wp-content\/uploads\/CS-midland-featured-768x537.jpg 768w\" data-sizes=\"(max-width: 1096px) 100vw, 1096px\" src=\"data:image\/svg+xml;base64,PHN2ZyB3aWR0aD0iMSIgaGVpZ2h0PSIxIiB4bWxucz0iaHR0cDovL3d3dy53My5vcmcvMjAwMC9zdmciPjwvc3ZnPg==\" style=\"--smush-placeholder-width: 1096px; --smush-placeholder-aspect-ratio: 1096\/766;\" \/><\/a>\n\t\t\t\t\t<\/div>\n\t\t\n\t\t\t\n\t\t\t<div class=\"uael-post__content-wrap uael-content-wrap-disabled\">\n\t\t\t\t\t\t\t<div class=\"uael-post__terms-wrap\"><\/div>\n\t\t\t\t\t\t<h3 class=\"uael-post__title\">\n\n\t\t\n\t\t\t\t\t\t<a href=\"https:\/\/tri-pack.co.uk\/no\/casestudies\/midland-fish-co\/\" target=\"_self\">\n\t\t\t\tMidland Fish Co.\t\t\t<\/a>\n\n\t\t\t\t<\/h3>\n\t\t\n\t\t<div class=\"uael-post__excerpt\">\n\t\t\tMidland Fish Co, med base i Fleetwood - fiskehavnen i det nordvestlige England, har foredlet og levert fersk fisk og sj\u00f8mat hver dag, ...\t\t<\/div>\n\n\t\t\t\t\t<a class=\"uael-post__read-more elementor-button\" href=\"https:\/\/tri-pack.co.uk\/no\/casestudies\/midland-fish-co\/\" target=\"_self\" aria-labelledby=\"uael-post-1963\">\n\t\t\t\t\t<span class=\"elementor-button-content-wrapper\">\n\t\t\t\t\t\t\t\t\t\t\t\t\t\t<span class=\"elementor-button-icon elementor-align-icon-left\">\n\n\t\t\t\t\t\t\t\t\t\n\t\t\t\t\t\t\t\t<\/span>\n\t\t\t\t\t\t\t\t\t\t\t\t\t\n\t\t\t\t\t\t<span class=\"elementor-button-text\" id=\"uael-post-1963\">Les mer om dette<\/span>\n\t\t\t\t\t<\/span>\n\t\t\t\t<\/a>\n\t\t\t\t\t\t<\/div>\n\t\t\t\n\t\t<\/div>\n\t\t\n\t<\/div>\n\n<\/div>\n\t\t\t\t<\/div>\n\t\t\t\t\t\t\n\t\t<\/div>\n\n\t\t\t\t\t\t<\/div>\n\t\t<div class=\"uael-post__footer\">\n\t\t\t\t\t<\/div>\n\t\t\t\t\t\t<\/div>\n\t\t\t\t<\/div>\n\t\t\t\t\t<\/div>\n\t\t<\/div>\n\t\t\t\t\t<\/div>\n\t\t<\/section>\n\t\t\t\t<\/div>","protected":false},"excerpt":{"rendered":"<p>We have worked with customers from across the UK and Europe, and from a wide range of industries, over the course of our 50 years\u2019 history. From the seafood sector, to forestry and from herb growers to pharmaceutical businesses, we have a wide range of packaging success stories that we are proud of. Below, are [&hellip;]<\/p>\n","protected":false},"author":8,"featured_media":0,"parent":0,"menu_order":0,"comment_status":"closed","ping_status":"closed","template":"elementor_header_footer","meta":{"site-sidebar-layout":"no-sidebar","site-content-layout":"page-builder","ast-site-content-layout":"full-width-container","site-content-style":"default","site-sidebar-style":"default","ast-global-header-display":"","ast-banner-title-visibility":"","ast-main-header-display":"","ast-hfb-above-header-display":"","ast-hfb-below-header-display":"","ast-hfb-mobile-header-display":"","site-post-title":"disabled","ast-breadcrumbs-content":"","ast-featured-img":"disabled","footer-sml-layout":"","ast-disable-related-posts":"","theme-transparent-header-meta":"default","adv-header-id-meta":"","stick-header-meta":"","header-above-stick-meta":"","header-main-stick-meta":"","header-below-stick-meta":"","astra-migrate-meta-layouts":"set","ast-page-background-enabled":"default","ast-page-background-meta":{"desktop":{"background-color":"var(--ast-global-color-4)","background-image":"","background-repeat":"repeat","background-position":"center center","background-size":"auto","background-attachment":"scroll","background-type":"","background-media":"","overlay-type":"","overlay-color":"","overlay-opacity":"","overlay-gradient":""},"tablet":{"background-color":"","background-image":"","background-repeat":"repeat","background-position":"center center","background-size":"auto","background-attachment":"scroll","background-type":"","background-media":"","overlay-type":"","overlay-color":"","overlay-opacity":"","overlay-gradient":""},"mobile":{"background-color":"","background-image":"","background-repeat":"repeat","background-position":"center center","background-size":"auto","background-attachment":"scroll","background-type":"","background-media":"","overlay-type":"","overlay-color":"","overlay-opacity":"","overlay-gradient":""}},"ast-content-background-meta":{"desktop":{"background-color":"var(--ast-global-color-5)","background-image":"","background-repeat":"repeat","background-position":"center center","background-size":"auto","background-attachment":"scroll","background-type":"","background-media":"","overlay-type":"","overlay-color":"","overlay-opacity":"","overlay-gradient":""},"tablet":{"background-color":"var(--ast-global-color-5)","background-image":"","background-repeat":"repeat","background-position":"center center","background-size":"auto","background-attachment":"scroll","background-type":"","background-media":"","overlay-type":"","overlay-color":"","overlay-opacity":"","overlay-gradient":""},"mobile":{"background-color":"var(--ast-global-color-5)","background-image":"","background-repeat":"repeat","background-position":"center center","background-size":"auto","background-attachment":"scroll","background-type":"","background-media":"","overlay-type":"","overlay-color":"","overlay-opacity":"","overlay-gradient":""}},"footnotes":""},"class_list":["post-118","page","type-page","status-publish","hentry"],"_links":{"self":[{"href":"https:\/\/tri-pack.co.uk\/no\/wp-json\/wp\/v2\/pages\/118","targetHints":{"allow":["GET"]}}],"collection":[{"href":"https:\/\/tri-pack.co.uk\/no\/wp-json\/wp\/v2\/pages"}],"about":[{"href":"https:\/\/tri-pack.co.uk\/no\/wp-json\/wp\/v2\/types\/page"}],"author":[{"embeddable":true,"href":"https:\/\/tri-pack.co.uk\/no\/wp-json\/wp\/v2\/users\/8"}],"replies":[{"embeddable":true,"href":"https:\/\/tri-pack.co.uk\/no\/wp-json\/wp\/v2\/comments?post=118"}],"version-history":[{"count":23,"href":"https:\/\/tri-pack.co.uk\/no\/wp-json\/wp\/v2\/pages\/118\/revisions"}],"predecessor-version":[{"id":2577,"href":"https:\/\/tri-pack.co.uk\/no\/wp-json\/wp\/v2\/pages\/118\/revisions\/2577"}],"wp:attachment":[{"href":"https:\/\/tri-pack.co.uk\/no\/wp-json\/wp\/v2\/media?parent=118"}],"curies":[{"name":"wp","href":"https:\/\/api.w.org\/{rel}","templated":true}]}}