{"id":136,"date":"2024-06-07T12:16:35","date_gmt":"2024-06-07T11:16:35","guid":{"rendered":"https:\/\/tri-pack.co.uk\/?page_id=136"},"modified":"2025-01-06T11:00:09","modified_gmt":"2025-01-06T11:00:09","slug":"vilkar-betingelser","status":"publish","type":"page","link":"https:\/\/tri-pack.co.uk\/no\/terms-conditions\/","title":{"rendered":"Vilk\u00e5r og betingelser"},"content":{"rendered":"<div data-elementor-type=\"wp-page\" data-elementor-id=\"136\" class=\"elementor elementor-136\" data-elementor-post-type=\"page\">\n\t\t\t\t\t\t<section class=\"elementor-section elementor-top-section elementor-element elementor-element-c7a5885 elementor-section-boxed elementor-section-height-default elementor-section-height-default\" data-id=\"c7a5885\" data-element_type=\"section\" data-e-type=\"section\" data-settings=\"{&quot;background_background&quot;:&quot;classic&quot;}\">\n\t\t\t\t\t\t<div class=\"elementor-container elementor-column-gap-default\">\n\t\t\t\t\t<div class=\"elementor-column elementor-col-100 elementor-top-column elementor-element elementor-element-12eb49a\" data-id=\"12eb49a\" data-element_type=\"column\" data-e-type=\"column\">\n\t\t\t<div class=\"elementor-widget-wrap elementor-element-populated\">\n\t\t\t\t\t\t\t<\/div>\n\t\t<\/div>\n\t\t\t\t\t<\/div>\n\t\t<\/section>\n\t\t\t\t<section class=\"elementor-section elementor-top-section elementor-element elementor-element-f4a374b elementor-section-content-top elementor-section-boxed elementor-section-height-default elementor-section-height-default\" data-id=\"f4a374b\" data-element_type=\"section\" data-e-type=\"section\">\n\t\t\t\t\t\t<div class=\"elementor-container elementor-column-gap-wider\">\n\t\t\t\t\t<div class=\"elementor-column elementor-col-100 elementor-top-column elementor-element elementor-element-26acfd5\" data-id=\"26acfd5\" data-element_type=\"column\" data-e-type=\"column\">\n\t\t\t<div class=\"elementor-widget-wrap elementor-element-populated\">\n\t\t\t\t\t\t<div class=\"elementor-element elementor-element-209d880 elementor-widget elementor-widget-text-editor\" data-id=\"209d880\" data-element_type=\"widget\" data-e-type=\"widget\" data-widget_type=\"text-editor.default\">\n\t\t\t\t<div class=\"elementor-widget-container\">\n\t\t\t\t\t\t\t\t\t<p>Ved \u00e5 bruke dette nettstedet samtykker du i \u00e5 overholde og v\u00e6re bundet av f\u00f8lgende vilk\u00e5r for bruk og service. Vi ber deg lese gjennom f\u00f8lgende vilk\u00e5r i sin helhet og forsikre deg om at du har forst\u00e5tt dem f\u00f8r du bruker og ser p\u00e5 dette nettstedet.<\/p><p>Begrepene \"oss\", \"vi\", \"v\u00e5r\" eller \"eiere\" refererer til \"Tri-pack Packaging Systems Ltd\" og administrative operat\u00f8rer av dette nettstedet, <strong><a href=\"https:\/\/tri-pack.co.uk\/no\/\">www.tri-pack.co.uk<\/a><\/strong> . \"Du\" refererer til brukeren eller betrakteren av dette nettstedet.<\/p><h3>Opphavsrett<\/h3><p>Innholdet i sin helhet, inkludert tekstinnhold, grafikk, layout og all kildekode, tilh\u00f8rer eierne av nettstedet. Dette begrepet er beskyttet av immaterielle rettigheter og lov om opphavsrett. Kopiering, videredistribusjon, bruk eller publisering, enten gratis eller for \u00f8konomisk vinning, er strengt forbudt. Noe av innholdet p\u00e5 nettstedet er opphavsrettslig beskyttet og lisensiert arbeid av tredjeparter.<\/p><h3>Vilk\u00e5r for bruk<\/h3><p>Innholdet p\u00e5 dette nettstedet kan i sin helhet endres uten varsel. Form\u00e5let er kun \u00e5 gi deg generell informasjon.<\/p><p>Ingen parter garanterer n\u00f8yaktigheten, aktualiteten, ytelsen, fullstendigheten eller egnetheten til innholdet og informasjonen som finnes p\u00e5 dette nettstedet. Du erkjenner at det kan forekomme feil eller un\u00f8yaktigheter, og at eierne av nettstedet ikke p\u00e5 noen m\u00e5te er ansvarlige for slike feil.<\/p><p>Eierne av nettstedet er ikke ansvarlige og har ikke noe ansvar for tredjepartsinnhold som kan bli lagt ut p\u00e5 nettstedet av sluttbrukere, eller for innhold som er lenket til fra dette nettstedet, inkludert andre nettsteder.<\/p><p>Bruk og visning av informasjon p\u00e5 dette nettstedet skjer p\u00e5 egen risiko. Eventuelle konsekvenser av bruk som kan oppst\u00e5, er ikke nettstedets eieres ansvar.<\/p><p>Uautorisert bruk av dette nettstedet eller dets innhold kan f\u00f8re til erstatningskrav og\/eller v\u00e6re et straffbart forhold som kan h\u00e5ndheves i henhold til lokal og internasjonal lovgivning.<\/p><p>Vi forbeholder oss retten til \u00e5 begrense tilgangen til visse deler av nettstedet etter eget skj\u00f8nn. Hvis du som sluttbruker f\u00e5r brukernavn og passord, eller annen tilgangsinformasjon, er det ditt ansvar \u00e5 holde denne informasjonen konfidensiell.<\/p><p>Eierne av nettstedet er ikke ansvarlig for brukergenerert innhold, og ikke ansvarlig for eventuelle brudd som slikt innhold kan utgj\u00f8re.<\/p><p>Ved \u00e5 bruke nettstedet v\u00e5rt samtykker du i at vi kan plassere informasjonskapsler p\u00e5 enheten din.<\/p>\t\t\t\t\t\t\t\t<\/div>\n\t\t\t\t<\/div>\n\t\t\t\t\t<\/div>\n\t\t<\/div>\n\t\t\t\t\t<\/div>\n\t\t<\/section>\n\t\t\t\t<\/div>","protected":false},"excerpt":{"rendered":"<p>By using this web site, you are agreeing to comply and be bound by the following terms of service and use. Please review the following terms in their entirety and ensure their comprehension before using and viewing this web site. The terms \u201cus\u201d, \u201cwe\u201d, \u201cour\u201d, or \u201cowners\u201d refers to \u201cTri-pack Packaging Systems Ltd\u201d and administrative [&hellip;]<\/p>\n","protected":false},"author":8,"featured_media":0,"parent":0,"menu_order":0,"comment_status":"closed","ping_status":"closed","template":"elementor_header_footer","meta":{"site-sidebar-layout":"no-sidebar","site-content-layout":"page-builder","ast-site-content-layout":"full-width-container","site-content-style":"default","site-sidebar-style":"default","ast-global-header-display":"","ast-banner-title-visibility":"","ast-main-header-display":"","ast-hfb-above-header-display":"","ast-hfb-below-header-display":"","ast-hfb-mobile-header-display":"","site-post-title":"disabled","ast-breadcrumbs-content":"","ast-featured-img":"disabled","footer-sml-layout":"","ast-disable-related-posts":"","theme-transparent-header-meta":"default","adv-header-id-meta":"","stick-header-meta":"","header-above-stick-meta":"","header-main-stick-meta":"","header-below-stick-meta":"","astra-migrate-meta-layouts":"set","ast-page-background-enabled":"default","ast-page-background-meta":{"desktop":{"background-color":"var(--ast-global-color-4)","background-image":"","background-repeat":"repeat","background-position":"center center","background-size":"auto","background-attachment":"scroll","background-type":"","background-media":"","overlay-type":"","overlay-color":"","overlay-opacity":"","overlay-gradient":""},"tablet":{"background-color":"","background-image":"","background-repeat":"repeat","background-position":"center center","background-size":"auto","background-attachment":"scroll","background-type":"","background-media":"","overlay-type":"","overlay-color":"","overlay-opacity":"","overlay-gradient":""},"mobile":{"background-color":"","background-image":"","background-repeat":"repeat","background-position":"center center","background-size":"auto","background-attachment":"scroll","background-type":"","background-media":"","overlay-type":"","overlay-color":"","overlay-opacity":"","overlay-gradient":""}},"ast-content-background-meta":{"desktop":{"background-color":"var(--ast-global-color-5)","background-image":"","background-repeat":"repeat","background-position":"center center","background-size":"auto","background-attachment":"scroll","background-type":"","background-media":"","overlay-type":"","overlay-color":"","overlay-opacity":"","overlay-gradient":""},"tablet":{"background-color":"var(--ast-global-color-5)","background-image":"","background-repeat":"repeat","background-position":"center center","background-size":"auto","background-attachment":"scroll","background-type":"","background-media":"","overlay-type":"","overlay-color":"","overlay-opacity":"","overlay-gradient":""},"mobile":{"background-color":"var(--ast-global-color-5)","background-image":"","background-repeat":"repeat","background-position":"center center","background-size":"auto","background-attachment":"scroll","background-type":"","background-media":"","overlay-type":"","overlay-color":"","overlay-opacity":"","overlay-gradient":""}},"footnotes":""},"class_list":["post-136","page","type-page","status-publish","hentry"],"_links":{"self":[{"href":"https:\/\/tri-pack.co.uk\/no\/wp-json\/wp\/v2\/pages\/136","targetHints":{"allow":["GET"]}}],"collection":[{"href":"https:\/\/tri-pack.co.uk\/no\/wp-json\/wp\/v2\/pages"}],"about":[{"href":"https:\/\/tri-pack.co.uk\/no\/wp-json\/wp\/v2\/types\/page"}],"author":[{"embeddable":true,"href":"https:\/\/tri-pack.co.uk\/no\/wp-json\/wp\/v2\/users\/8"}],"replies":[{"embeddable":true,"href":"https:\/\/tri-pack.co.uk\/no\/wp-json\/wp\/v2\/comments?post=136"}],"version-history":[{"count":6,"href":"https:\/\/tri-pack.co.uk\/no\/wp-json\/wp\/v2\/pages\/136\/revisions"}],"predecessor-version":[{"id":2172,"href":"https:\/\/tri-pack.co.uk\/no\/wp-json\/wp\/v2\/pages\/136\/revisions\/2172"}],"wp:attachment":[{"href":"https:\/\/tri-pack.co.uk\/no\/wp-json\/wp\/v2\/media?parent=136"}],"curies":[{"name":"wp","href":"https:\/\/api.w.org\/{rel}","templated":true}]}}