{"id":138,"date":"2024-06-07T12:16:45","date_gmt":"2024-06-07T11:16:45","guid":{"rendered":"https:\/\/tri-pack.co.uk\/?page_id=138"},"modified":"2025-01-06T11:00:08","modified_gmt":"2025-01-06T11:00:08","slug":"personvern","status":"publish","type":"page","link":"https:\/\/tri-pack.co.uk\/no\/privacy\/","title":{"rendered":"Retningslinjer for personvern"},"content":{"rendered":"<div data-elementor-type=\"wp-page\" data-elementor-id=\"138\" class=\"elementor elementor-138\" data-elementor-post-type=\"page\">\n\t\t\t\t\t\t<section class=\"elementor-section elementor-top-section elementor-element elementor-element-e8b9219 elementor-section-boxed elementor-section-height-default elementor-section-height-default\" data-id=\"e8b9219\" data-element_type=\"section\" data-e-type=\"section\">\n\t\t\t\t\t\t<div class=\"elementor-container elementor-column-gap-default\">\n\t\t\t\t\t<div class=\"elementor-column elementor-col-100 elementor-top-column elementor-element elementor-element-1e00f8a\" data-id=\"1e00f8a\" data-element_type=\"column\" data-e-type=\"column\">\n\t\t\t<div class=\"elementor-widget-wrap elementor-element-populated\">\n\t\t\t\t\t\t<div class=\"elementor-element elementor-element-ce0dfc0 elementor-widget elementor-widget-heading\" data-id=\"ce0dfc0\" data-element_type=\"widget\" data-e-type=\"widget\" data-widget_type=\"heading.default\">\n\t\t\t\t<div class=\"elementor-widget-container\">\n\t\t\t\t\t<h2 class=\"elementor-heading-title elementor-size-default\">Retningslinjer for personvern<\/h2>\t\t\t\t<\/div>\n\t\t\t\t<\/div>\n\t\t\t\t\t<\/div>\n\t\t<\/div>\n\t\t\t\t\t<\/div>\n\t\t<\/section>\n\t\t\t\t<section class=\"elementor-section elementor-top-section elementor-element elementor-element-6921475 elementor-section-boxed elementor-section-height-default elementor-section-height-default\" data-id=\"6921475\" data-element_type=\"section\" data-e-type=\"section\">\n\t\t\t\t\t\t<div class=\"elementor-container elementor-column-gap-default\">\n\t\t\t\t\t<div class=\"elementor-column elementor-col-100 elementor-top-column elementor-element elementor-element-9a4605a\" data-id=\"9a4605a\" data-element_type=\"column\" data-e-type=\"column\">\n\t\t\t<div class=\"elementor-widget-wrap elementor-element-populated\">\n\t\t\t\t\t\t<div class=\"elementor-element elementor-element-8f681be elementor-widget elementor-widget-text-editor\" data-id=\"8f681be\" data-element_type=\"widget\" data-e-type=\"widget\" data-widget_type=\"text-editor.default\">\n\t\t\t\t<div class=\"elementor-widget-container\">\n\t\t\t\t\t\t\t\t\t<p>Sist oppdatert 05-des-2024 <br \/>Ikrafttredelsesdato 05-des-2024 <br \/><br \/>Denne personvernerkl\u00e6ringen beskriver retningslinjene til Tri-pack Packaging Systems Ltd, Estate Road No. 1, N. E. Lincolnshire DN31 2TB, Storbritannia og Nord-Irland (the), e-post: mail@tri-pack.co.uk, telefon: 01472 355038 om innsamling, bruk og utlevering av opplysningene dine som vi samler inn n\u00e5r du bruker nettstedet v\u00e5rt ( https:\/\/tri-pack.co.uk ). (\"Tjenesten\"). Ved \u00e5 g\u00e5 inn p\u00e5 eller bruke Tjenesten, samtykker du til innsamling, bruk og utlevering av informasjonen din i samsvar med denne personvernerkl\u00e6ringen. Hvis du ikke samtykker til det samme, ber vi deg om \u00e5 ikke f\u00e5 tilgang til eller bruke tjenesten. <br \/>Vi kan n\u00e5r som helst endre denne personvernerkl\u00e6ringen uten \u00e5 varsle deg p\u00e5 forh\u00e5nd, og vil legge ut den reviderte personvernerkl\u00e6ringen p\u00e5 Tjenesten. De reviderte retningslinjene vil tre i kraft 180 dager etter at de reviderte retningslinjene er lagt ut i tjenesten, og din fortsatte tilgang til eller bruk av tjenesten etter dette tidspunktet vil utgj\u00f8re din aksept av de reviderte retningslinjene for personvern. Vi anbefaler derfor at du leser gjennom denne siden med jevne mellomrom. <br \/><br \/><strong>Informasjon vi samler inn:<\/strong> <\/p><p>Vi vil samle inn og behandle f\u00f8lgende personopplysninger om deg:<\/p><ul><li>Navn<\/li><li>E-post<\/li><li>Mobil<\/li><li>Arbeidsadresse<\/li><\/ul><p><strong>Hvordan vi bruker informasjonen din:<\/strong> <\/p><p>Vi vil bruke informasjonen vi samler inn om deg til f\u00f8lgende form\u00e5l: <br \/><br \/><\/p><ul><li>Markedsf\u00f8ring\/reklame<\/li><li>Attester<\/li><li>Innsamling av tilbakemeldinger fra kunder<\/li><li>H\u00e5ndhev vilk\u00e5r og betingelser<\/li><li>St\u00f8tte<\/li><li>Informasjon om administrasjon<\/li><li>M\u00e5lrettet annonsering<\/li><li>Beskyttelse av omr\u00e5det<\/li><li>Tvistel\u00f8sning<\/li><\/ul><p>Hvis vi \u00f8nsker \u00e5 bruke opplysningene dine til andre form\u00e5l, vil vi be deg om samtykke, og vi vil kun bruke opplysningene dine etter \u00e5 ha mottatt ditt samtykke, og da kun til de(t) form\u00e5let(e) du har gitt samtykke til, med mindre vi er p\u00e5lagt \u00e5 gj\u00f8re noe annet i henhold til lov. <br \/><br \/><strong>Hvordan vi deler informasjonen din:<\/strong> <\/p><p>Vi overf\u00f8rer ikke personopplysningene dine til en tredjepart uten \u00e5 be om ditt samtykke, med unntak av de begrensede omstendighetene som er beskrevet nedenfor:<\/p><ul><li>Annonsetjeneste<\/li><li>Markedsf\u00f8ringsbyr\u00e5er<\/li><li>Juridiske enheter<\/li><li>Analyse<\/li><li>Datainnsamling og prosess<\/li><\/ul><p>Vi krever at slike tredjeparter kun bruker personopplysningene vi overf\u00f8rer til dem, til det form\u00e5let de ble overf\u00f8rt for, og at de ikke oppbevarer dem lenger enn det som er n\u00f8dvendig for \u00e5 oppfylle det aktuelle form\u00e5let. <\/p><p>Vi kan ogs\u00e5 utlevere personopplysningene dine i f\u00f8lgende tilfeller: (1) for \u00e5 overholde gjeldende lover, forskrifter, rettskjennelser eller andre rettslige prosesser; (2) for \u00e5 h\u00e5ndheve avtalene dine med oss, inkludert denne personvernerkl\u00e6ringen; eller (3) for \u00e5 svare p\u00e5 p\u00e5stander om at din bruk av tjenesten bryter med tredjeparts rettigheter. Hvis tjenesten eller selskapet v\u00e5rt sl\u00e5s sammen med eller kj\u00f8pes opp av et annet selskap, vil informasjonen din v\u00e6re en av eiendelene som overf\u00f8res til den nye eieren. <br \/><br \/><strong>Oppbevaring av informasjonen din:<\/strong> <\/p><p>Vi oppbevarer personopplysningene dine hos oss i 90 dager til 2 \u00e5r etter at brukerne avslutter kontoene sine, eller s\u00e5 lenge vi trenger dem for \u00e5 oppfylle form\u00e5lene de ble samlet inn for, som beskrevet i disse retningslinjene for personvern. Det kan hende at vi m\u00e5 oppbevare visse opplysninger i lengre perioder, for eksempel for \u00e5 f\u00f8re register\/rapportere i samsvar med gjeldende lov eller av andre legitime grunner, som h\u00e5ndhevelse av juridiske rettigheter, forebygging av svindel osv. Anonym restinformasjon og aggregert informasjon, som verken direkte eller indirekte kan identifisere deg, kan lagres p\u00e5 ubestemt tid. <br \/><br \/><strong>Dine rettigheter:<\/strong> <\/p><p>Avhengig av hvilken lov som gjelder, kan du ha rett til \u00e5 f\u00e5 tilgang til og rette eller slette personopplysningene dine eller motta en kopi av personopplysningene dine, begrense eller motsette deg aktiv behandling av opplysningene dine, be oss om \u00e5 dele (portere) personopplysningene dine til en annen enhet, trekke tilbake eventuelle samtykker du har gitt oss til \u00e5 behandle opplysningene dine, rett til \u00e5 sende inn en klage til en lovbestemt myndighet og andre rettigheter som kan v\u00e6re relevante i henhold til gjeldende lover. For \u00e5 ut\u00f8ve disse rettighetene kan du skrive til oss p\u00e5 mail@tri-pack.co.uk. Vi vil svare p\u00e5 foresp\u00f8rselen din i samsvar med gjeldende lovgivning. <br \/>V\u00e6r oppmerksom p\u00e5 at hvis du ikke tillater oss \u00e5 samle inn eller behandle de n\u00f8dvendige personopplysningene eller trekker tilbake samtykket til \u00e5 behandle dem for de n\u00f8dvendige form\u00e5lene, kan det hende at du ikke f\u00e5r tilgang til eller kan bruke de tjenestene som du har bedt om informasjon om. <br \/><br \/><strong>Informasjonskapsler osv.<\/strong> <\/p><p>Hvis du vil vite mer om hvordan vi bruker disse og dine valg i forhold til disse sporingsteknologiene, kan du se v\u00e5r <span style=\"text-decoration: underline;\"><a href=\"#cookies\">Retningslinjer for informasjonskapsler<\/a><\/span>. <br \/><br \/><strong>Sikkerhet:<\/strong> <\/p><p>Sikkerheten til informasjonen din er viktig for oss, og vi vil bruke rimelige sikkerhetstiltak for \u00e5 forhindre tap, misbruk eller uautorisert endring av informasjonen din under v\u00e5r kontroll. P\u00e5 grunn av de iboende risikoene kan vi imidlertid ikke garantere absolutt sikkerhet, og f\u00f8lgelig kan vi ikke garantere for sikkerheten til informasjon du overf\u00f8rer til oss, og du gj\u00f8r dette p\u00e5 egen risiko. <br \/><br \/><strong>Tredjepartslenker og bruk av informasjonen din:<\/strong> <\/p><p>Tjenesten v\u00e5r kan inneholde lenker til andre nettsteder som ikke drives av oss. Denne personvernerkl\u00e6ringen omhandler ikke personvernerkl\u00e6ringen og annen praksis hos tredjeparter, inkludert tredjeparter som driver nettsteder eller tjenester som kan v\u00e6re tilgjengelige via en lenke i Tjenesten. Vi anbefaler p\u00e5 det sterkeste at du leser personvernerkl\u00e6ringen til hvert nettsted du bes\u00f8ker. Vi har ingen kontroll over og p\u00e5tar oss intet ansvar for innholdet, personvernerkl\u00e6ringene eller praksisen til tredjeparts nettsteder eller tjenester. <br \/><br \/><strong>Klage- og personvernombud:<\/strong> <\/p><p>Hvis du har sp\u00f8rsm\u00e5l eller bekymringer om behandlingen av opplysningene dine som er tilgjengelige hos oss, kan du sende en e-post til v\u00e5r klageansvarlige hos Tri-pack Packaging Systems Ltd, Estate Road No. 1, e-post: mail@tri-pack.co.uk. Vi vil behandle bekymringene dine i samsvar med gjeldende lovgivning.<\/p>\t\t\t\t\t\t\t\t<\/div>\n\t\t\t\t<\/div>\n\t\t\t\t\t<\/div>\n\t\t<\/div>\n\t\t\t\t\t<\/div>\n\t\t<\/section>\n\t\t\t\t<section class=\"elementor-section elementor-top-section elementor-element elementor-element-1fd592d elementor-section-boxed elementor-section-height-default elementor-section-height-default\" data-id=\"1fd592d\" data-element_type=\"section\" data-e-type=\"section\" id=\"cookies\">\n\t\t\t\t\t\t<div class=\"elementor-container elementor-column-gap-default\">\n\t\t\t\t\t<div class=\"elementor-column elementor-col-100 elementor-top-column elementor-element elementor-element-0871ebb\" data-id=\"0871ebb\" data-element_type=\"column\" data-e-type=\"column\">\n\t\t\t<div class=\"elementor-widget-wrap elementor-element-populated\">\n\t\t\t\t\t\t<div class=\"elementor-element elementor-element-a323b98 elementor-widget elementor-widget-text-editor\" data-id=\"a323b98\" data-element_type=\"widget\" data-e-type=\"widget\" data-widget_type=\"text-editor.default\">\n\t\t\t\t<div class=\"elementor-widget-container\">\n\t\t\t\t\t\t\t\t\t<h3>Retningslinjer for informasjonskapsler<\/h3><p>Ikrafttredelsesdato: 05.12.2024<br \/>Sist oppdatert: 05-des-2024<\/p><p><strong>Hva er informasjonskapsler?<\/strong><\/p><p>Disse retningslinjene for informasjonskapsler forklarer hva informasjonskapsler er og hvordan vi bruker dem, hvilke typer informasjonskapsler vi bruker, dvs. hvilken informasjon vi samler inn ved hjelp av informasjonskapsler og hvordan denne informasjonen brukes, og hvordan du administrerer innstillingene for informasjonskapsler.<\/p><p>Informasjonskapsler er sm\u00e5 tekstfiler som brukes til \u00e5 lagre sm\u00e5 biter av informasjon. De lagres p\u00e5 enheten din n\u00e5r nettstedet lastes inn i nettleseren din. Disse informasjonskapslene hjelper oss med \u00e5 f\u00e5 nettstedet til \u00e5 fungere som det skal, gj\u00f8re det sikrere, gi en bedre brukeropplevelse, forst\u00e5 hvordan nettstedet fungerer og analysere hva som fungerer og hva som m\u00e5 forbedres.<\/p><p><strong>Hvordan bruker vi informasjonskapsler?<\/strong><br \/><span style=\"font-style: inherit; font-weight: inherit; color: var( --e-global-color-text ); font-family: var( --e-global-typography-text-font-family ), Sans-serif; background-color: var(--ast-global-color-5);\">Som de fleste andre nettbaserte tjenester bruker nettstedet v\u00e5rt f\u00f8rsteparts- og tredjeparts informasjonskapsler til flere form\u00e5l. F\u00f8rsteparts informasjonskapsler er for det meste n\u00f8dvendige for at nettstedet skal fungere p\u00e5 riktig m\u00e5te, og de samler ikke inn personlig identifiserbare data om deg.<\/span><\/p><p>Tredjepartsinformasjonskapslene som brukes p\u00e5 nettstedet v\u00e5rt, brukes hovedsakelig for \u00e5 forst\u00e5 hvordan nettstedet fungerer, hvordan du samhandler med nettstedet v\u00e5rt, holde tjenestene v\u00e5re sikre, levere annonser som er relevante for deg, og alt i alt gi deg en bedre og forbedret brukeropplevelse og bidra til \u00e5 \u00f8ke hastigheten p\u00e5 dine fremtidige interaksjoner med nettstedet v\u00e5rt.<\/p><p><strong><span style=\"font-style: inherit; color: var( --e-global-color-text ); font-family: var( --e-global-typography-text-font-family ), Sans-serif; background-color: var(--ast-global-color-5);\">Typer informasjonskapsler vi bruker\u00a0<\/span><\/strong><\/p><div class=\"cky-audit-table-element\">\u00a0<\/div><p><span style=\"font-style: inherit; font-weight: inherit; color: var( --e-global-color-text ); font-family: var( --e-global-typography-text-font-family ), Sans-serif; background-color: var(--ast-global-color-5);\"><strong>Innstillinger for informasjonskapsler<\/strong><br \/><\/span><\/p><p><a class=\"cky-banner-element\">Innstillinger for informasjonskapsler<\/a> <\/p><p><span style=\"font-style: inherit; font-weight: inherit; color: var( --e-global-color-text ); font-family: var( --e-global-typography-text-font-family ), Sans-serif; background-color: var(--ast-global-color-5);\">Du kan n\u00e5r som helst endre preferansene dine for informasjonskapsler ved \u00e5 klikke p\u00e5 knappen ovenfor. Da kan du g\u00e5 tilbake til banneret for samtykke til informasjonskapsler og endre preferansene dine eller trekke tilbake samtykket ditt med en gang.<\/span><\/p><p>I tillegg har ulike nettlesere forskjellige metoder for \u00e5 blokkere og slette informasjonskapsler som brukes av nettsteder. Du kan endre innstillingene i nettleseren din for \u00e5 blokkere\/slette informasjonskapslene. Nedenfor finner du lenker til st\u00f8ttedokumenter om hvordan du administrerer og sletter informasjonskapsler fra de st\u00f8rste nettleserne.<\/p><p>Chrome: https:\/\/support.google.com\/accounts\/answer\/32050<\/p><p>Safari: https:\/\/support.apple.com\/en-in\/guide\/safari\/sfri11471\/mac<\/p><p>Firefox: https:\/\/support.mozilla.org\/en-US\/kb\/clear-cookies-and-site-data-firefox?redirectslug=delete-cookies-remove-info-websites-stored&amp;redirectlocale=en-US<\/p><p>Internet Explorer: https:\/\/support.microsoft.com\/en-us\/topic\/how-to-delete-cookie-files-in-internet-explorer-bca9446f-d873-78de-77ba-d42645fa52fc<\/p><p>Hvis du bruker en annen nettleser, kan du g\u00e5 til nettleserens offisielle st\u00f8ttedokumenter.<\/p>\t\t\t\t\t\t\t\t<\/div>\n\t\t\t\t<\/div>\n\t\t\t\t\t<\/div>\n\t\t<\/div>\n\t\t\t\t\t<\/div>\n\t\t<\/section>\n\t\t\t\t<\/div>","protected":false},"excerpt":{"rendered":"<p>Privacy Policy Last Updated On 05-Dec-2024 Effective Date 05-Dec-2024 This Privacy Policy describes the policies of Tri-pack Packaging Systems Ltd, Estate Road No. 1, N. E. Lincolnshire DN31 2TB, United Kingdom of Great Britain and Northern Ireland (the), email: mail@tri-pack.co.uk, phone: 01472 355038 on the collection, use and disclosure of your information that we collect [&hellip;]<\/p>\n","protected":false},"author":8,"featured_media":0,"parent":0,"menu_order":0,"comment_status":"closed","ping_status":"closed","template":"elementor_header_footer","meta":{"site-sidebar-layout":"no-sidebar","site-content-layout":"page-builder","ast-site-content-layout":"full-width-container","site-content-style":"default","site-sidebar-style":"default","ast-global-header-display":"","ast-banner-title-visibility":"","ast-main-header-display":"","ast-hfb-above-header-display":"","ast-hfb-below-header-display":"","ast-hfb-mobile-header-display":"","site-post-title":"disabled","ast-breadcrumbs-content":"","ast-featured-img":"disabled","footer-sml-layout":"","ast-disable-related-posts":"","theme-transparent-header-meta":"default","adv-header-id-meta":"","stick-header-meta":"","header-above-stick-meta":"","header-main-stick-meta":"","header-below-stick-meta":"","astra-migrate-meta-layouts":"set","ast-page-background-enabled":"default","ast-page-background-meta":{"desktop":{"background-color":"var(--ast-global-color-4)","background-image":"","background-repeat":"repeat","background-position":"center center","background-size":"auto","background-attachment":"scroll","background-type":"","background-media":"","overlay-type":"","overlay-color":"","overlay-opacity":"","overlay-gradient":""},"tablet":{"background-color":"","background-image":"","background-repeat":"repeat","background-position":"center center","background-size":"auto","background-attachment":"scroll","background-type":"","background-media":"","overlay-type":"","overlay-color":"","overlay-opacity":"","overlay-gradient":""},"mobile":{"background-color":"","background-image":"","background-repeat":"repeat","background-position":"center center","background-size":"auto","background-attachment":"scroll","background-type":"","background-media":"","overlay-type":"","overlay-color":"","overlay-opacity":"","overlay-gradient":""}},"ast-content-background-meta":{"desktop":{"background-color":"var(--ast-global-color-5)","background-image":"","background-repeat":"repeat","background-position":"center center","background-size":"auto","background-attachment":"scroll","background-type":"","background-media":"","overlay-type":"","overlay-color":"","overlay-opacity":"","overlay-gradient":""},"tablet":{"background-color":"var(--ast-global-color-5)","background-image":"","background-repeat":"repeat","background-position":"center center","background-size":"auto","background-attachment":"scroll","background-type":"","background-media":"","overlay-type":"","overlay-color":"","overlay-opacity":"","overlay-gradient":""},"mobile":{"background-color":"var(--ast-global-color-5)","background-image":"","background-repeat":"repeat","background-position":"center center","background-size":"auto","background-attachment":"scroll","background-type":"","background-media":"","overlay-type":"","overlay-color":"","overlay-opacity":"","overlay-gradient":""}},"footnotes":""},"class_list":["post-138","page","type-page","status-publish","hentry"],"_links":{"self":[{"href":"https:\/\/tri-pack.co.uk\/no\/wp-json\/wp\/v2\/pages\/138","targetHints":{"allow":["GET"]}}],"collection":[{"href":"https:\/\/tri-pack.co.uk\/no\/wp-json\/wp\/v2\/pages"}],"about":[{"href":"https:\/\/tri-pack.co.uk\/no\/wp-json\/wp\/v2\/types\/page"}],"author":[{"embeddable":true,"href":"https:\/\/tri-pack.co.uk\/no\/wp-json\/wp\/v2\/users\/8"}],"replies":[{"embeddable":true,"href":"https:\/\/tri-pack.co.uk\/no\/wp-json\/wp\/v2\/comments?post=138"}],"version-history":[{"count":20,"href":"https:\/\/tri-pack.co.uk\/no\/wp-json\/wp\/v2\/pages\/138\/revisions"}],"predecessor-version":[{"id":2196,"href":"https:\/\/tri-pack.co.uk\/no\/wp-json\/wp\/v2\/pages\/138\/revisions\/2196"}],"wp:attachment":[{"href":"https:\/\/tri-pack.co.uk\/no\/wp-json\/wp\/v2\/media?parent=138"}],"curies":[{"name":"wp","href":"https:\/\/api.w.org\/{rel}","templated":true}]}}