{"id":2205,"date":"2025-01-14T11:33:04","date_gmt":"2025-01-14T11:33:04","guid":{"rendered":"https:\/\/tri-pack.co.uk\/?page_id=2205"},"modified":"2025-02-13T14:17:08","modified_gmt":"2025-02-13T14:17:08","slug":"provepakke","status":"publish","type":"page","link":"https:\/\/tri-pack.co.uk\/no\/sample-pack\/","title":{"rendered":"Coolseal pr\u00f8vepakke"},"content":{"rendered":"<div data-elementor-type=\"wp-page\" data-elementor-id=\"2205\" class=\"elementor elementor-2205\" data-elementor-post-type=\"page\">\n\t\t\t\t\t\t<section class=\"elementor-section elementor-top-section elementor-element elementor-element-38af12a elementor-section-boxed elementor-section-height-default elementor-section-height-default\" data-id=\"38af12a\" data-element_type=\"section\" data-e-type=\"section\" data-settings=\"{&quot;background_background&quot;:&quot;classic&quot;}\">\n\t\t\t\t\t\t<div class=\"elementor-container elementor-column-gap-default\">\n\t\t\t\t\t<div class=\"elementor-column elementor-col-100 elementor-top-column elementor-element elementor-element-25f807e\" data-id=\"25f807e\" data-element_type=\"column\" data-e-type=\"column\">\n\t\t\t<div class=\"elementor-widget-wrap elementor-element-populated\">\n\t\t\t\t\t\t<div class=\"elementor-element elementor-element-34bed25 elementor-widget elementor-widget-heading\" data-id=\"34bed25\" data-element_type=\"widget\" data-e-type=\"widget\" data-widget_type=\"heading.default\">\n\t\t\t\t<div class=\"elementor-widget-container\">\n\t\t\t\t\t<h1 class=\"elementor-heading-title elementor-size-default\">Coolseal pr\u00f8vepakke<\/h1>\t\t\t\t<\/div>\n\t\t\t\t<\/div>\n\t\t\t\t\t<\/div>\n\t\t<\/div>\n\t\t\t\t\t<\/div>\n\t\t<\/section>\n\t\t\t\t<section class=\"elementor-section elementor-top-section elementor-element elementor-element-d8151fe elementor-section-content-top elementor-section-boxed elementor-section-height-default elementor-section-height-default\" data-id=\"d8151fe\" data-element_type=\"section\" data-e-type=\"section\">\n\t\t\t\t\t\t<div class=\"elementor-container elementor-column-gap-wider\">\n\t\t\t\t\t<div class=\"elementor-column elementor-col-66 elementor-top-column elementor-element elementor-element-a54ce22\" data-id=\"a54ce22\" data-element_type=\"column\" data-e-type=\"column\">\n\t\t\t<div class=\"elementor-widget-wrap elementor-element-populated\">\n\t\t\t\t\t\t<div class=\"elementor-element elementor-element-3f7f919f elementor-widget elementor-widget-heading\" data-id=\"3f7f919f\" data-element_type=\"widget\" data-e-type=\"widget\" data-widget_type=\"heading.default\">\n\t\t\t\t<div class=\"elementor-widget-container\">\n\t\t\t\t\t<h2 class=\"elementor-heading-title elementor-size-default\">Takk for at du bestilte en pr\u00f8vepakke med Coolseal sj\u00f8matemballasje<\/h2>\t\t\t\t<\/div>\n\t\t\t\t<\/div>\n\t\t\t\t<div class=\"elementor-element elementor-element-dc659b8 elementor-widget__width-initial elementor-widget elementor-widget-text-editor\" data-id=\"dc659b8\" data-element_type=\"widget\" data-e-type=\"widget\" data-widget_type=\"text-editor.default\">\n\t\t\t\t<div class=\"elementor-widget-container\">\n\t\t\t\t\t\t\t\t\t<p>Det markedsledende alternativet til polystyren og f\u00f4ret massivpapp<\/p>\t\t\t\t\t\t\t\t<\/div>\n\t\t\t\t<\/div>\n\t\t\t\t<div class=\"elementor-element elementor-element-2e8422c elementor-widget elementor-widget-text-editor\" data-id=\"2e8422c\" data-element_type=\"widget\" data-e-type=\"widget\" data-widget_type=\"text-editor.default\">\n\t\t\t\t<div class=\"elementor-widget-container\">\n\t\t\t\t\t\t\t\t\t<p>Vi h\u00e5per du liker Coolseal sj\u00f8matemballasjepr\u00f8vene du har mottatt! V\u00e5re skreddersydde pr\u00f8vepakker inneholder pr\u00f8ver fra hele v\u00e5rt standardsortiment, fra 3 kg opp til 20 kg.<\/p><p>Enten du er ute etter lekkasjesikre eller drenerende alternativer, eller emballasje for fersk fisk eller skalldyr, finnes det en boks i v\u00e5rt markedsledende sortiment som passer til din sj\u00f8matvirksomhet.<\/p><p>Trenger du trykte esker? Ikke noe problem. Trenger du en skreddersydd st\u00f8rrelse eller design? Vi kan ogs\u00e5 hjelpe deg med det.<\/p><p>Ikke ta oss p\u00e5 ordet n\u00e5r det gjelder fordelene med emballasjen v\u00e5r, se videoen nedenfor og finn ut hva kundene v\u00e5re synes om Coolseal...<\/p>\t\t\t\t\t\t\t\t<\/div>\n\t\t\t\t<\/div>\n\t\t\t\t\t<\/div>\n\t\t<\/div>\n\t\t\t\t<div class=\"elementor-column elementor-col-33 elementor-top-column elementor-element elementor-element-686f04c\" data-id=\"686f04c\" data-element_type=\"column\" data-e-type=\"column\">\n\t\t\t<div class=\"elementor-widget-wrap elementor-element-populated\">\n\t\t\t\t\t\t<div class=\"elementor-element elementor-element-195453e elementor-widget elementor-widget-image\" data-id=\"195453e\" data-element_type=\"widget\" data-e-type=\"widget\" data-widget_type=\"image.default\">\n\t\t\t\t<div class=\"elementor-widget-container\">\n\t\t\t\t\t\t\t\t\t\t\t\t\t\t\t<img fetchpriority=\"high\" decoding=\"async\" width=\"1096\" height=\"1029\" src=\"https:\/\/tri-pack.co.uk\/wp-content\/uploads\/coolseal-featured.jpg\" class=\"attachment-large size-large wp-image-1613\" alt=\"Hysefileter vist i en CoolSeal-eske produsert av Tri Pack\" srcset=\"https:\/\/tri-pack.co.uk\/wp-content\/uploads\/coolseal-featured.jpg 1096w, https:\/\/tri-pack.co.uk\/wp-content\/uploads\/coolseal-featured-768x721.jpg 768w\" sizes=\"(max-width: 1096px) 100vw, 1096px\" \/>\t\t\t\t\t\t\t\t\t\t\t\t\t\t\t<\/div>\n\t\t\t\t<\/div>\n\t\t\t\t\t<\/div>\n\t\t<\/div>\n\t\t\t\t\t<\/div>\n\t\t<\/section>\n\t\t\t\t<section class=\"elementor-section elementor-top-section elementor-element elementor-element-bdcbbc5 elementor-reverse-mobile elementor-section-boxed elementor-section-height-default elementor-section-height-default\" data-id=\"bdcbbc5\" data-element_type=\"section\" data-e-type=\"section\" data-settings=\"{&quot;background_background&quot;:&quot;classic&quot;}\">\n\t\t\t\t\t\t<div class=\"elementor-container elementor-column-gap-default\">\n\t\t\t\t\t<div class=\"elementor-column elementor-col-100 elementor-top-column elementor-element elementor-element-feafd82\" data-id=\"feafd82\" data-element_type=\"column\" data-e-type=\"column\">\n\t\t\t<div class=\"elementor-widget-wrap elementor-element-populated\">\n\t\t\t\t\t\t<div class=\"elementor-element elementor-element-f5734f6 elementor-widget elementor-widget-heading\" data-id=\"f5734f6\" data-element_type=\"widget\" data-e-type=\"widget\" data-widget_type=\"heading.default\">\n\t\t\t\t<div class=\"elementor-widget-container\">\n\t\t\t\t\t<h2 class=\"elementor-heading-title elementor-size-default\">H\u00f8r hvorfor kundene v\u00e5re velger \u00e5 bruke Coolseal...<\/h2>\t\t\t\t<\/div>\n\t\t\t\t<\/div>\n\t\t\t\t<div class=\"elementor-element elementor-element-0de6ec0 elementor-widget elementor-widget-video\" data-id=\"0de6ec0\" data-element_type=\"widget\" data-e-type=\"widget\" data-settings=\"{&quot;video_type&quot;:&quot;vimeo&quot;}\" data-widget_type=\"video.default\">\n\t\t\t\t<div class=\"elementor-widget-container\">\n\t\t\t\t\t\t\t<div class=\"elementor-wrapper elementor-open-inline\">\n\t\t\t<iframe class=\"elementor-video-iframe lazyload\" allowfullscreen allow=\"clipboard-write\" title=\"vimeo videospeler\" data-src=\"https:\/\/player.vimeo.com\/video\/1056391736?color&amp;autopause=0&amp;loop=0&amp;muted=0&amp;title=1&amp;portrait=1&amp;byline=1#t=\" data-no-translation-title=\"\" src=\"data:image\/svg+xml;base64,PHN2ZyB3aWR0aD0iMSIgaGVpZ2h0PSIxIiB4bWxucz0iaHR0cDovL3d3dy53My5vcmcvMjAwMC9zdmciPjwvc3ZnPg==\" data-load-mode=\"1\"><\/iframe>\t\t<\/div>\n\t\t\t\t\t\t<\/div>\n\t\t\t\t<\/div>\n\t\t\t\t\t<\/div>\n\t\t<\/div>\n\t\t\t\t\t<\/div>\n\t\t<\/section>\n\t\t\t\t<section class=\"elementor-section elementor-top-section elementor-element elementor-element-18c87fe elementor-section-boxed elementor-section-height-default elementor-section-height-default\" data-id=\"18c87fe\" data-element_type=\"section\" data-e-type=\"section\">\n\t\t\t\t\t\t<div class=\"elementor-container elementor-column-gap-default\">\n\t\t\t\t\t<div class=\"elementor-column elementor-col-100 elementor-top-column elementor-element elementor-element-f6fd210\" data-id=\"f6fd210\" data-element_type=\"column\" data-e-type=\"column\">\n\t\t\t<div class=\"elementor-widget-wrap elementor-element-populated\">\n\t\t\t\t\t\t<section class=\"elementor-section elementor-inner-section elementor-element elementor-element-d326787 elementor-section-boxed elementor-section-height-default elementor-section-height-default\" data-id=\"d326787\" data-element_type=\"section\" data-e-type=\"section\">\n\t\t\t\t\t\t<div class=\"elementor-container elementor-column-gap-extended\">\n\t\t\t\t\t<div class=\"elementor-column elementor-col-33 elementor-inner-column elementor-element elementor-element-9ad4f37\" data-id=\"9ad4f37\" data-element_type=\"column\" data-e-type=\"column\">\n\t\t\t<div class=\"elementor-widget-wrap elementor-element-populated\">\n\t\t\t\t\t\t<div class=\"elementor-element elementor-element-59ec2e2 elementor-position-top elementor-widget elementor-widget-image-box\" data-id=\"59ec2e2\" data-element_type=\"widget\" data-e-type=\"widget\" data-widget_type=\"image-box.default\">\n\t\t\t\t<div class=\"elementor-widget-container\">\n\t\t\t\t\t<div class=\"elementor-image-box-wrapper\"><figure class=\"elementor-image-box-img\"><a href=\"https:\/\/tri-pack.co.uk\/no\/coolseal-serien\/\" tabindex=\"-1\"><img decoding=\"async\" width=\"1096\" height=\"792\" data-src=\"https:\/\/tri-pack.co.uk\/wp-content\/uploads\/industry-range-processors-2.jpg\" class=\"attachment-full size-full wp-image-1629 lazyload\" alt=\"Midland Fish Co-esker produsert av Tri Pack. Boksen viser 100% resirkulerbar logo\" data-srcset=\"https:\/\/tri-pack.co.uk\/wp-content\/uploads\/industry-range-processors-2.jpg 1096w, https:\/\/tri-pack.co.uk\/wp-content\/uploads\/industry-range-processors-2-768x555.jpg 768w\" data-sizes=\"(max-width: 1096px) 100vw, 1096px\" src=\"data:image\/svg+xml;base64,PHN2ZyB3aWR0aD0iMSIgaGVpZ2h0PSIxIiB4bWxucz0iaHR0cDovL3d3dy53My5vcmcvMjAwMC9zdmciPjwvc3ZnPg==\" style=\"--smush-placeholder-width: 1096px; --smush-placeholder-aspect-ratio: 1096\/792;\" \/><\/a><\/figure><div class=\"elementor-image-box-content\"><h3 class=\"elementor-image-box-title\"><a href=\"https:\/\/tri-pack.co.uk\/no\/coolseal-serien\/\">Utforsk v\u00e5rt Coolseal-sortiment<\/a><\/h3><\/div><\/div>\t\t\t\t<\/div>\n\t\t\t\t<\/div>\n\t\t\t\t\t<\/div>\n\t\t<\/div>\n\t\t\t\t<div class=\"elementor-column elementor-col-33 elementor-inner-column elementor-element elementor-element-5bf6b53\" data-id=\"5bf6b53\" data-element_type=\"column\" data-e-type=\"column\">\n\t\t\t<div class=\"elementor-widget-wrap elementor-element-populated\">\n\t\t\t\t\t\t<div class=\"elementor-element elementor-element-1902063 elementor-position-top elementor-widget elementor-widget-image-box\" data-id=\"1902063\" data-element_type=\"widget\" data-e-type=\"widget\" data-widget_type=\"image-box.default\">\n\t\t\t\t<div class=\"elementor-widget-container\">\n\t\t\t\t\t<div class=\"elementor-image-box-wrapper\"><figure class=\"elementor-image-box-img\"><a href=\"https:\/\/tri-pack.co.uk\/no\/de-5-fordelene-med-coolseal-fiskeemballasje-for-fiskeindustrien\/\" tabindex=\"-1\"><img decoding=\"async\" width=\"1096\" height=\"792\" data-src=\"https:\/\/tri-pack.co.uk\/wp-content\/uploads\/industry-blog-processors.jpg\" class=\"attachment-full size-full wp-image-1628 lazyload\" alt=\"CoolSeal-esker flatpakket\" data-srcset=\"https:\/\/tri-pack.co.uk\/wp-content\/uploads\/industry-blog-processors.jpg 1096w, https:\/\/tri-pack.co.uk\/wp-content\/uploads\/industry-blog-processors-768x555.jpg 768w\" data-sizes=\"(max-width: 1096px) 100vw, 1096px\" src=\"data:image\/svg+xml;base64,PHN2ZyB3aWR0aD0iMSIgaGVpZ2h0PSIxIiB4bWxucz0iaHR0cDovL3d3dy53My5vcmcvMjAwMC9zdmciPjwvc3ZnPg==\" style=\"--smush-placeholder-width: 1096px; --smush-placeholder-aspect-ratio: 1096\/792;\" \/><\/a><\/figure><div class=\"elementor-image-box-content\"><h3 class=\"elementor-image-box-title\"><a href=\"https:\/\/tri-pack.co.uk\/no\/de-5-fordelene-med-coolseal-fiskeemballasje-for-fiskeindustrien\/\">Finn ut mer om fordelene med Coolseal<\/a><\/h3><\/div><\/div>\t\t\t\t<\/div>\n\t\t\t\t<\/div>\n\t\t\t\t\t<\/div>\n\t\t<\/div>\n\t\t\t\t<div class=\"elementor-column elementor-col-33 elementor-inner-column elementor-element elementor-element-840ad98\" data-id=\"840ad98\" data-element_type=\"column\" data-e-type=\"column\">\n\t\t\t<div class=\"elementor-widget-wrap elementor-element-populated\">\n\t\t\t\t\t\t<div class=\"elementor-element elementor-element-bf5a1a4 elementor-position-top elementor-widget elementor-widget-image-box\" data-id=\"bf5a1a4\" data-element_type=\"widget\" data-e-type=\"widget\" data-widget_type=\"image-box.default\">\n\t\t\t\t<div class=\"elementor-widget-container\">\n\t\t\t\t\t<div class=\"elementor-image-box-wrapper\"><figure class=\"elementor-image-box-img\"><a href=\"mailto:mail@tri-pack.co.uk?subject=Re:%20Sample%20quote%20request\" tabindex=\"-1\"><img decoding=\"async\" width=\"1096\" height=\"792\" data-src=\"https:\/\/tri-pack.co.uk\/wp-content\/uploads\/coolseal-sample.jpg\" class=\"attachment-full size-full wp-image-1730 lazyload\" alt=\"CoolSeal-esker med hvit etikett. Pr\u00f8veemballasje for distribusjon av sj\u00f8mat og frakt i kj\u00f8lekjeden.\" data-srcset=\"https:\/\/tri-pack.co.uk\/wp-content\/uploads\/coolseal-sample.jpg 1096w, https:\/\/tri-pack.co.uk\/wp-content\/uploads\/coolseal-sample-768x555.jpg 768w\" data-sizes=\"(max-width: 1096px) 100vw, 1096px\" src=\"data:image\/svg+xml;base64,PHN2ZyB3aWR0aD0iMSIgaGVpZ2h0PSIxIiB4bWxucz0iaHR0cDovL3d3dy53My5vcmcvMjAwMC9zdmciPjwvc3ZnPg==\" style=\"--smush-placeholder-width: 1096px; --smush-placeholder-aspect-ratio: 1096\/792;\" \/><\/a><\/figure><div class=\"elementor-image-box-content\"><h3 class=\"elementor-image-box-title\"><a href=\"mailto:mail@tri-pack.co.uk?subject=Re:%20Sample%20quote%20request\">Be om et tilbud<\/a><\/h3><\/div><\/div>\t\t\t\t<\/div>\n\t\t\t\t<\/div>\n\t\t\t\t\t<\/div>\n\t\t<\/div>\n\t\t\t\t\t<\/div>\n\t\t<\/section>\n\t\t\t\t\t<\/div>\n\t\t<\/div>\n\t\t\t\t\t<\/div>\n\t\t<\/section>\n\t\t\t\t<\/div>","protected":false},"excerpt":{"rendered":"<p>Thank you for ordering a Coolseal seafood packaging sample pack The market leading alternative to polystyrene and lined solid board We hope you like the Coolseal seafood packaging samples that you have received! Our bespoke sample packs include samples from across our standard stock range, from 3kg up to 20kg. Whether you are looking for [&hellip;]<\/p>\n","protected":false},"author":8,"featured_media":0,"parent":0,"menu_order":0,"comment_status":"closed","ping_status":"closed","template":"elementor_header_footer","meta":{"site-sidebar-layout":"no-sidebar","site-content-layout":"page-builder","ast-site-content-layout":"full-width-container","site-content-style":"default","site-sidebar-style":"default","ast-global-header-display":"","ast-banner-title-visibility":"","ast-main-header-display":"","ast-hfb-above-header-display":"","ast-hfb-below-header-display":"","ast-hfb-mobile-header-display":"","site-post-title":"disabled","ast-breadcrumbs-content":"","ast-featured-img":"disabled","footer-sml-layout":"","ast-disable-related-posts":"","theme-transparent-header-meta":"default","adv-header-id-meta":"","stick-header-meta":"","header-above-stick-meta":"","header-main-stick-meta":"","header-below-stick-meta":"","astra-migrate-meta-layouts":"set","ast-page-background-enabled":"default","ast-page-background-meta":{"desktop":{"background-color":"var(--ast-global-color-4)","background-image":"","background-repeat":"repeat","background-position":"center center","background-size":"auto","background-attachment":"scroll","background-type":"","background-media":"","overlay-type":"","overlay-color":"","overlay-opacity":"","overlay-gradient":""},"tablet":{"background-color":"","background-image":"","background-repeat":"repeat","background-position":"center center","background-size":"auto","background-attachment":"scroll","background-type":"","background-media":"","overlay-type":"","overlay-color":"","overlay-opacity":"","overlay-gradient":""},"mobile":{"background-color":"","background-image":"","background-repeat":"repeat","background-position":"center center","background-size":"auto","background-attachment":"scroll","background-type":"","background-media":"","overlay-type":"","overlay-color":"","overlay-opacity":"","overlay-gradient":""}},"ast-content-background-meta":{"desktop":{"background-color":"var(--ast-global-color-5)","background-image":"","background-repeat":"repeat","background-position":"center center","background-size":"auto","background-attachment":"scroll","background-type":"","background-media":"","overlay-type":"","overlay-color":"","overlay-opacity":"","overlay-gradient":""},"tablet":{"background-color":"var(--ast-global-color-5)","background-image":"","background-repeat":"repeat","background-position":"center center","background-size":"auto","background-attachment":"scroll","background-type":"","background-media":"","overlay-type":"","overlay-color":"","overlay-opacity":"","overlay-gradient":""},"mobile":{"background-color":"var(--ast-global-color-5)","background-image":"","background-repeat":"repeat","background-position":"center center","background-size":"auto","background-attachment":"scroll","background-type":"","background-media":"","overlay-type":"","overlay-color":"","overlay-opacity":"","overlay-gradient":""}},"footnotes":""},"class_list":["post-2205","page","type-page","status-publish","hentry"],"_links":{"self":[{"href":"https:\/\/tri-pack.co.uk\/no\/wp-json\/wp\/v2\/pages\/2205","targetHints":{"allow":["GET"]}}],"collection":[{"href":"https:\/\/tri-pack.co.uk\/no\/wp-json\/wp\/v2\/pages"}],"about":[{"href":"https:\/\/tri-pack.co.uk\/no\/wp-json\/wp\/v2\/types\/page"}],"author":[{"embeddable":true,"href":"https:\/\/tri-pack.co.uk\/no\/wp-json\/wp\/v2\/users\/8"}],"replies":[{"embeddable":true,"href":"https:\/\/tri-pack.co.uk\/no\/wp-json\/wp\/v2\/comments?post=2205"}],"version-history":[{"count":19,"href":"https:\/\/tri-pack.co.uk\/no\/wp-json\/wp\/v2\/pages\/2205\/revisions"}],"predecessor-version":[{"id":2298,"href":"https:\/\/tri-pack.co.uk\/no\/wp-json\/wp\/v2\/pages\/2205\/revisions\/2298"}],"wp:attachment":[{"href":"https:\/\/tri-pack.co.uk\/no\/wp-json\/wp\/v2\/media?parent=2205"}],"curies":[{"name":"wp","href":"https:\/\/api.w.org\/{rel}","templated":true}]}}